{"id":145,"date":"2026-02-24T19:53:38","date_gmt":"2026-02-24T19:53:38","guid":{"rendered":"https:\/\/apresentacaocontentmkt.com.br\/darkstarmaquinas\/?page_id=145"},"modified":"2026-03-05T19:02:29","modified_gmt":"2026-03-05T19:02:29","slug":"blog","status":"publish","type":"page","link":"https:\/\/apresentacaocontentmkt.com.br\/darkstarmaquinas\/blog\/","title":{"rendered":"Blog"},"content":{"rendered":"\t\t<div data-elementor-type=\"wp-page\" data-elementor-id=\"145\" class=\"elementor elementor-145\" data-elementor-post-type=\"page\">\n\t\t\t\t<div class=\"elementor-element elementor-element-02f1ea5 e-flex e-con-boxed e-con e-parent\" data-id=\"02f1ea5\" data-element_type=\"container\" data-e-type=\"container\" data-settings=\"{&quot;background_background&quot;:&quot;classic&quot;}\">\n\t\t\t\t\t<div class=\"e-con-inner\">\n\t\t\t\t<div class=\"elementor-element elementor-element-204cc24 elementor-widget elementor-widget-spacer\" data-id=\"204cc24\" data-element_type=\"widget\" data-e-type=\"widget\" data-widget_type=\"spacer.default\">\n\t\t\t\t\t\t\t<div class=\"elementor-spacer\">\n\t\t\t<div class=\"elementor-spacer-inner\"><\/div>\n\t\t<\/div>\n\t\t\t\t\t\t<\/div>\n\t\t\t\t<div class=\"elementor-element elementor-element-1b72351 elementor-widget elementor-widget-heading\" data-id=\"1b72351\" data-element_type=\"widget\" data-e-type=\"widget\" data-widget_type=\"heading.default\">\n\t\t\t\t\t<h2 class=\"elementor-heading-title elementor-size-default\">Blog<\/h2>\t\t\t\t<\/div>\n\t\t\t\t<div class=\"elementor-element elementor-element-19d5dff elementor-widget elementor-widget-spacer\" data-id=\"19d5dff\" data-element_type=\"widget\" data-e-type=\"widget\" data-widget_type=\"spacer.default\">\n\t\t\t\t\t\t\t<div class=\"elementor-spacer\">\n\t\t\t<div class=\"elementor-spacer-inner\"><\/div>\n\t\t<\/div>\n\t\t\t\t\t\t<\/div>\n\t\t\t\t<div class=\"elementor-element elementor-element-19f800b elementor-search-form--skin-classic elementor-search-form--button-type-icon elementor-search-form--icon-search elementor-widget elementor-widget-search-form\" data-id=\"19f800b\" data-element_type=\"widget\" data-e-type=\"widget\" data-settings=\"{&quot;skin&quot;:&quot;classic&quot;}\" data-widget_type=\"search-form.default\">\n\t\t\t\t\t\t\t<search role=\"search\">\n\t\t\t<form class=\"elementor-search-form\" action=\"https:\/\/apresentacaocontentmkt.com.br\/darkstarmaquinas\" method=\"get\">\n\t\t\t\t\t\t\t\t\t\t\t\t<div class=\"elementor-search-form__container\">\n\t\t\t\t\t<label class=\"elementor-screen-only\" for=\"elementor-search-form-19f800b\">Search<\/label>\n\n\t\t\t\t\t\n\t\t\t\t\t<input id=\"elementor-search-form-19f800b\" placeholder=\"Buscar conte\u00fados sobre empilhadeiras...\" class=\"elementor-search-form__input\" type=\"search\" name=\"s\" value=\"\">\n\t\t\t\t\t\n\t\t\t\t\t\t\t\t\t\t\t<button class=\"elementor-search-form__submit\" type=\"submit\" aria-label=\"Search\">\n\t\t\t\t\t\t\t\t\t\t\t\t\t\t\t<div class=\"e-font-icon-svg-container\"><svg class=\"fa fa-search e-font-icon-svg e-fas-search\" viewBox=\"0 0 512 512\" xmlns=\"http:\/\/www.w3.org\/2000\/svg\"><path d=\"M505 442.7L405.3 343c-4.5-4.5-10.6-7-17-7H372c27.6-35.3 44-79.7 44-128C416 93.1 322.9 0 208 0S0 93.1 0 208s93.1 208 208 208c48.3 0 92.7-16.4 128-44v16.3c0 6.4 2.5 12.5 7 17l99.7 99.7c9.4 9.4 24.6 9.4 33.9 0l28.3-28.3c9.4-9.4 9.4-24.6.1-34zM208 336c-70.7 0-128-57.2-128-128 0-70.7 57.2-128 128-128 70.7 0 128 57.2 128 128 0 70.7-57.2 128-128 128z\"><\/path><\/svg><\/div>\t\t\t\t\t\t\t\t\t\t\t\t\t<\/button>\n\t\t\t\t\t\n\t\t\t\t\t\t\t\t\t<\/div>\n\t\t\t<\/form>\n\t\t<\/search>\n\t\t\t\t\t\t<\/div>\n\t\t\t\t\t<\/div>\n\t\t\t\t<\/div>\n\t\t<div class=\"elementor-element elementor-element-4fbe306d e-flex e-con-boxed e-con e-parent\" data-id=\"4fbe306d\" data-element_type=\"container\" data-e-type=\"container\">\n\t\t\t\t\t<div class=\"e-con-inner\">\n\t\t\t\t<div class=\"elementor-element elementor-element-2f6b8d20 elementor-invisible elementor-widget elementor-widget-heading\" data-id=\"2f6b8d20\" data-element_type=\"widget\" data-e-type=\"widget\" data-settings=\"{&quot;_animation&quot;:&quot;slideInUp&quot;}\" data-widget_type=\"heading.default\">\n\t\t\t\t\t<div class=\"elementor-heading-title elementor-size-default\">Tudo o Que Voc\u00ea Precisa Saber<\/div>\t\t\t\t<\/div>\n\t\t\t\t<div class=\"elementor-element elementor-element-c3ccab2 elementor-nav-menu__align-center elementor-nav-menu--dropdown-tablet elementor-nav-menu__text-align-aside elementor-nav-menu--toggle elementor-nav-menu--burger elementor-widget elementor-widget-nav-menu\" data-id=\"c3ccab2\" data-element_type=\"widget\" data-e-type=\"widget\" data-settings=\"{&quot;layout&quot;:&quot;horizontal&quot;,&quot;submenu_icon&quot;:{&quot;value&quot;:&quot;&lt;svg aria-hidden=\\&quot;true\\&quot; class=\\&quot;e-font-icon-svg e-fas-caret-down\\&quot; viewBox=\\&quot;0 0 320 512\\&quot; xmlns=\\&quot;http:\\\/\\\/www.w3.org\\\/2000\\\/svg\\&quot;&gt;&lt;path d=\\&quot;M31.3 192h257.3c17.8 0 26.7 21.5 14.1 34.1L174.1 354.8c-7.8 7.8-20.5 7.8-28.3 0L17.2 226.1C4.6 213.5 13.5 192 31.3 192z\\&quot;&gt;&lt;\\\/path&gt;&lt;\\\/svg&gt;&quot;,&quot;library&quot;:&quot;fa-solid&quot;},&quot;toggle&quot;:&quot;burger&quot;}\" data-widget_type=\"nav-menu.default\">\n\t\t\t\t\t\t\t\t<nav aria-label=\"Menu\" class=\"elementor-nav-menu--main elementor-nav-menu__container elementor-nav-menu--layout-horizontal e--pointer-underline e--animation-fade\">\n\t\t\t\t<ul id=\"menu-1-c3ccab2\" class=\"elementor-nav-menu\"><li class=\"menu-item menu-item-type-taxonomy menu-item-object-category menu-item-110\"><a href=\"https:\/\/apresentacaocontentmkt.com.br\/darkstarmaquinas\/category\/dicas-para-empresas-e-logistica\/\" class=\"elementor-item\">Dicas para Empresas e Log\u00edstica<\/a><\/li>\n<li class=\"menu-item menu-item-type-taxonomy menu-item-object-category menu-item-111\"><a href=\"https:\/\/apresentacaocontentmkt.com.br\/darkstarmaquinas\/category\/manutencao-e-cuidados\/\" class=\"elementor-item\">Manuten\u00e7\u00e3o e Cuidados<\/a><\/li>\n<li class=\"menu-item menu-item-type-taxonomy menu-item-object-category menu-item-112\"><a href=\"https:\/\/apresentacaocontentmkt.com.br\/darkstarmaquinas\/category\/mercado-logistica-e-armazenagem\/\" class=\"elementor-item\">Mercado, Log\u00edstica e Armazenagem<\/a><\/li>\n<li class=\"menu-item menu-item-type-taxonomy menu-item-object-category menu-item-114\"><a href=\"https:\/\/apresentacaocontentmkt.com.br\/darkstarmaquinas\/category\/seguranca-e-normas\/\" class=\"elementor-item\">Seguran\u00e7a e Normas<\/a><\/li>\n<\/ul>\t\t\t<\/nav>\n\t\t\t\t\t<div class=\"elementor-menu-toggle\" role=\"button\" tabindex=\"0\" aria-label=\"Menu Toggle\" aria-expanded=\"false\">\n\t\t\t<svg aria-hidden=\"true\" role=\"presentation\" class=\"elementor-menu-toggle__icon--open e-font-icon-svg e-eicon-menu-bar\" viewBox=\"0 0 1000 1000\" xmlns=\"http:\/\/www.w3.org\/2000\/svg\"><path d=\"M104 333H896C929 333 958 304 958 271S929 208 896 208H104C71 208 42 237 42 271S71 333 104 333ZM104 583H896C929 583 958 554 958 521S929 458 896 458H104C71 458 42 487 42 521S71 583 104 583ZM104 833H896C929 833 958 804 958 771S929 708 896 708H104C71 708 42 737 42 771S71 833 104 833Z\"><\/path><\/svg><svg aria-hidden=\"true\" role=\"presentation\" class=\"elementor-menu-toggle__icon--close e-font-icon-svg e-eicon-close\" viewBox=\"0 0 1000 1000\" xmlns=\"http:\/\/www.w3.org\/2000\/svg\"><path d=\"M742 167L500 408 258 167C246 154 233 150 217 150 196 150 179 158 167 167 154 179 150 196 150 212 150 229 154 242 171 254L408 500 167 742C138 771 138 800 167 829 196 858 225 858 254 829L496 587 738 829C750 842 767 846 783 846 800 846 817 842 829 829 842 817 846 804 846 783 846 767 842 750 829 737L588 500 833 258C863 229 863 200 833 171 804 137 775 137 742 167Z\"><\/path><\/svg>\t\t<\/div>\n\t\t\t\t\t<nav class=\"elementor-nav-menu--dropdown elementor-nav-menu__container\" aria-hidden=\"true\">\n\t\t\t\t<ul id=\"menu-2-c3ccab2\" class=\"elementor-nav-menu\"><li class=\"menu-item menu-item-type-taxonomy menu-item-object-category menu-item-110\"><a href=\"https:\/\/apresentacaocontentmkt.com.br\/darkstarmaquinas\/category\/dicas-para-empresas-e-logistica\/\" class=\"elementor-item\" tabindex=\"-1\">Dicas para Empresas e Log\u00edstica<\/a><\/li>\n<li class=\"menu-item menu-item-type-taxonomy menu-item-object-category menu-item-111\"><a href=\"https:\/\/apresentacaocontentmkt.com.br\/darkstarmaquinas\/category\/manutencao-e-cuidados\/\" class=\"elementor-item\" tabindex=\"-1\">Manuten\u00e7\u00e3o e Cuidados<\/a><\/li>\n<li class=\"menu-item menu-item-type-taxonomy menu-item-object-category menu-item-112\"><a href=\"https:\/\/apresentacaocontentmkt.com.br\/darkstarmaquinas\/category\/mercado-logistica-e-armazenagem\/\" class=\"elementor-item\" tabindex=\"-1\">Mercado, Log\u00edstica e Armazenagem<\/a><\/li>\n<li class=\"menu-item menu-item-type-taxonomy menu-item-object-category menu-item-114\"><a href=\"https:\/\/apresentacaocontentmkt.com.br\/darkstarmaquinas\/category\/seguranca-e-normas\/\" class=\"elementor-item\" tabindex=\"-1\">Seguran\u00e7a e Normas<\/a><\/li>\n<\/ul>\t\t\t<\/nav>\n\t\t\t\t\t\t<\/div>\n\t\t\t\t<div class=\"elementor-element elementor-element-355749a5 elementor-posts--align-left elementor-grid-2 elementor-grid-tablet-2 elementor-grid-mobile-1 elementor-posts--thumbnail-top elementor-widget elementor-widget-posts\" data-id=\"355749a5\" data-element_type=\"widget\" data-e-type=\"widget\" data-settings=\"{&quot;classic_row_gap&quot;:{&quot;unit&quot;:&quot;px&quot;,&quot;size&quot;:30,&quot;sizes&quot;:[]},&quot;classic_columns&quot;:&quot;2&quot;,&quot;classic_columns_tablet&quot;:&quot;2&quot;,&quot;classic_columns_mobile&quot;:&quot;1&quot;,&quot;classic_row_gap_tablet&quot;:{&quot;unit&quot;:&quot;px&quot;,&quot;size&quot;:&quot;&quot;,&quot;sizes&quot;:[]},&quot;classic_row_gap_mobile&quot;:{&quot;unit&quot;:&quot;px&quot;,&quot;size&quot;:&quot;&quot;,&quot;sizes&quot;:[]}}\" data-widget_type=\"posts.classic\">\n\t\t\t\t<div class=\"elementor-widget-container\">\n\t\t\t\t\t\t\t<div class=\"elementor-posts-container elementor-posts elementor-posts--skin-classic elementor-grid\" role=\"list\">\n\t\t\t\t<article class=\"elementor-post elementor-grid-item post-84 post type-post status-publish format-standard has-post-thumbnail hentry category-modelos-de-empilhadeiras\" role=\"listitem\">\n\t\t\t\t<a class=\"elementor-post__thumbnail__link\" href=\"https:\/\/apresentacaocontentmkt.com.br\/darkstarmaquinas\/2026\/02\/20\/empilhadeiras-do-futuro-inovacao-e-sustentabilidade-na-logistica\/\" tabindex=\"-1\" >\n\t\t\t<div class=\"elementor-post__thumbnail\"><img fetchpriority=\"high\" decoding=\"async\" width=\"1200\" height=\"1100\" src=\"https:\/\/apresentacaocontentmkt.com.br\/darkstarmaquinas\/wp-content\/uploads\/2026\/02\/WhatsApp-Image-2026-02-13-at-08.49.37-e1771955696154.jpeg\" class=\"attachment-full size-full wp-image-98\" alt=\"\" srcset=\"https:\/\/apresentacaocontentmkt.com.br\/darkstarmaquinas\/wp-content\/uploads\/2026\/02\/WhatsApp-Image-2026-02-13-at-08.49.37-e1771955696154.jpeg 1200w, https:\/\/apresentacaocontentmkt.com.br\/darkstarmaquinas\/wp-content\/uploads\/2026\/02\/WhatsApp-Image-2026-02-13-at-08.49.37-e1771955696154-300x275.jpeg 300w, https:\/\/apresentacaocontentmkt.com.br\/darkstarmaquinas\/wp-content\/uploads\/2026\/02\/WhatsApp-Image-2026-02-13-at-08.49.37-e1771955696154-1024x939.jpeg 1024w, https:\/\/apresentacaocontentmkt.com.br\/darkstarmaquinas\/wp-content\/uploads\/2026\/02\/WhatsApp-Image-2026-02-13-at-08.49.37-e1771955696154-768x704.jpeg 768w\" sizes=\"(max-width: 1200px) 100vw, 1200px\" \/><\/div>\n\t\t<\/a>\n\t\t\t\t<div class=\"elementor-post__text\">\n\t\t\t\t<h4 class=\"elementor-post__title\">\n\t\t\t<a href=\"https:\/\/apresentacaocontentmkt.com.br\/darkstarmaquinas\/2026\/02\/20\/empilhadeiras-do-futuro-inovacao-e-sustentabilidade-na-logistica\/\" >\n\t\t\t\tEmpilhadeiras do Futuro: Inova\u00e7\u00e3o e Sustentabilidade na Log\u00edstica\t\t\t<\/a>\n\t\t<\/h4>\n\t\t\t\t<div class=\"elementor-post__meta-data\">\n\t\t\t\t\t<span class=\"elementor-post-avatar\">\n\t\t\tNenhum coment\u00e1rio\t\t<\/span>\n\t\t\t\t<span class=\"elementor-post-date\">\n\t\t\tfevereiro 24, 2026\t\t<\/span>\n\t\t\t\t<\/div>\n\t\t\n\t\t<a class=\"elementor-post__read-more\" href=\"https:\/\/apresentacaocontentmkt.com.br\/darkstarmaquinas\/2026\/02\/20\/empilhadeiras-do-futuro-inovacao-e-sustentabilidade-na-logistica\/\" aria-label=\"Read more about Empilhadeiras do Futuro: Inova\u00e7\u00e3o e Sustentabilidade na Log\u00edstica\" tabindex=\"-1\" >\n\t\t\t Leia mais \u00bb\t\t<\/a>\n\n\t\t\t\t<\/div>\n\t\t\t\t<\/article>\n\t\t\t\t<article class=\"elementor-post elementor-grid-item post-82 post type-post status-publish format-standard has-post-thumbnail hentry category-seguranca-e-normas\" role=\"listitem\">\n\t\t\t\t<a class=\"elementor-post__thumbnail__link\" href=\"https:\/\/apresentacaocontentmkt.com.br\/darkstarmaquinas\/2026\/02\/20\/seguranca-em-primeiro-lugar-boas-praticas-na-operacao-de-empilhadeiras\/\" tabindex=\"-1\" >\n\t\t\t<div class=\"elementor-post__thumbnail\"><img decoding=\"async\" width=\"1024\" height=\"768\" src=\"https:\/\/apresentacaocontentmkt.com.br\/darkstarmaquinas\/wp-content\/uploads\/2026\/02\/WhatsApp-Image-2025-12-29-at-07.56.54-2.jpeg\" class=\"attachment-full size-full wp-image-131\" alt=\"\" srcset=\"https:\/\/apresentacaocontentmkt.com.br\/darkstarmaquinas\/wp-content\/uploads\/2026\/02\/WhatsApp-Image-2025-12-29-at-07.56.54-2.jpeg 1024w, https:\/\/apresentacaocontentmkt.com.br\/darkstarmaquinas\/wp-content\/uploads\/2026\/02\/WhatsApp-Image-2025-12-29-at-07.56.54-2-300x225.jpeg 300w, https:\/\/apresentacaocontentmkt.com.br\/darkstarmaquinas\/wp-content\/uploads\/2026\/02\/WhatsApp-Image-2025-12-29-at-07.56.54-2-768x576.jpeg 768w\" sizes=\"(max-width: 1024px) 100vw, 1024px\" \/><\/div>\n\t\t<\/a>\n\t\t\t\t<div class=\"elementor-post__text\">\n\t\t\t\t<h4 class=\"elementor-post__title\">\n\t\t\t<a href=\"https:\/\/apresentacaocontentmkt.com.br\/darkstarmaquinas\/2026\/02\/20\/seguranca-em-primeiro-lugar-boas-praticas-na-operacao-de-empilhadeiras\/\" >\n\t\t\t\tSeguran\u00e7a em Primeiro Lugar: Boas Pr\u00e1ticas na Opera\u00e7\u00e3o de Empilhadeiras\t\t\t<\/a>\n\t\t<\/h4>\n\t\t\t\t<div class=\"elementor-post__meta-data\">\n\t\t\t\t\t<span class=\"elementor-post-avatar\">\n\t\t\tNenhum coment\u00e1rio\t\t<\/span>\n\t\t\t\t<span class=\"elementor-post-date\">\n\t\t\tfevereiro 24, 2026\t\t<\/span>\n\t\t\t\t<\/div>\n\t\t\n\t\t<a class=\"elementor-post__read-more\" href=\"https:\/\/apresentacaocontentmkt.com.br\/darkstarmaquinas\/2026\/02\/20\/seguranca-em-primeiro-lugar-boas-praticas-na-operacao-de-empilhadeiras\/\" aria-label=\"Read more about Seguran\u00e7a em Primeiro Lugar: Boas Pr\u00e1ticas na Opera\u00e7\u00e3o de Empilhadeiras\" tabindex=\"-1\" >\n\t\t\t Leia mais \u00bb\t\t<\/a>\n\n\t\t\t\t<\/div>\n\t\t\t\t<\/article>\n\t\t\t\t<article class=\"elementor-post elementor-grid-item post-80 post type-post status-publish format-standard has-post-thumbnail hentry category-manutencao-e-cuidados\" role=\"listitem\">\n\t\t\t\t<a class=\"elementor-post__thumbnail__link\" href=\"https:\/\/apresentacaocontentmkt.com.br\/darkstarmaquinas\/2026\/02\/20\/desvendando-os-tipos-de-empilhadeiras-escolha-a-ideal-para-sua-operacao\/\" tabindex=\"-1\" >\n\t\t\t<div class=\"elementor-post__thumbnail\"><img decoding=\"async\" width=\"853\" height=\"940\" src=\"https:\/\/apresentacaocontentmkt.com.br\/darkstarmaquinas\/wp-content\/uploads\/2026\/02\/WhatsApp-Image-2026-02-13-at-08.49.31-e1771955922546.jpeg\" class=\"attachment-full size-full wp-image-99\" alt=\"\" srcset=\"https:\/\/apresentacaocontentmkt.com.br\/darkstarmaquinas\/wp-content\/uploads\/2026\/02\/WhatsApp-Image-2026-02-13-at-08.49.31-e1771955922546.jpeg 853w, https:\/\/apresentacaocontentmkt.com.br\/darkstarmaquinas\/wp-content\/uploads\/2026\/02\/WhatsApp-Image-2026-02-13-at-08.49.31-e1771955922546-272x300.jpeg 272w, https:\/\/apresentacaocontentmkt.com.br\/darkstarmaquinas\/wp-content\/uploads\/2026\/02\/WhatsApp-Image-2026-02-13-at-08.49.31-e1771955922546-768x846.jpeg 768w\" sizes=\"(max-width: 853px) 100vw, 853px\" \/><\/div>\n\t\t<\/a>\n\t\t\t\t<div class=\"elementor-post__text\">\n\t\t\t\t<h4 class=\"elementor-post__title\">\n\t\t\t<a href=\"https:\/\/apresentacaocontentmkt.com.br\/darkstarmaquinas\/2026\/02\/20\/desvendando-os-tipos-de-empilhadeiras-escolha-a-ideal-para-sua-operacao\/\" >\n\t\t\t\tDesvendando os Tipos de Empilhadeiras: Escolha a Ideal para Sua Opera\u00e7\u00e3o\t\t\t<\/a>\n\t\t<\/h4>\n\t\t\t\t<div class=\"elementor-post__meta-data\">\n\t\t\t\t\t<span class=\"elementor-post-avatar\">\n\t\t\tNenhum coment\u00e1rio\t\t<\/span>\n\t\t\t\t<span class=\"elementor-post-date\">\n\t\t\tfevereiro 24, 2026\t\t<\/span>\n\t\t\t\t<\/div>\n\t\t\n\t\t<a class=\"elementor-post__read-more\" href=\"https:\/\/apresentacaocontentmkt.com.br\/darkstarmaquinas\/2026\/02\/20\/desvendando-os-tipos-de-empilhadeiras-escolha-a-ideal-para-sua-operacao\/\" aria-label=\"Read more about Desvendando os Tipos de Empilhadeiras: Escolha a Ideal para Sua Opera\u00e7\u00e3o\" tabindex=\"-1\" >\n\t\t\t Leia mais \u00bb\t\t<\/a>\n\n\t\t\t\t<\/div>\n\t\t\t\t<\/article>\n\t\t\t\t<article class=\"elementor-post elementor-grid-item post-77 post type-post status-publish format-standard has-post-thumbnail hentry category-modelos-de-empilhadeiras\" role=\"listitem\">\n\t\t\t\t<a class=\"elementor-post__thumbnail__link\" href=\"https:\/\/apresentacaocontentmkt.com.br\/darkstarmaquinas\/2026\/02\/20\/a-importancia-estrategica-das-empilhadeiras-na-logistica-moderna\/\" tabindex=\"-1\" >\n\t\t\t<div class=\"elementor-post__thumbnail\"><img loading=\"lazy\" decoding=\"async\" width=\"1200\" height=\"1304\" src=\"https:\/\/apresentacaocontentmkt.com.br\/darkstarmaquinas\/wp-content\/uploads\/2026\/02\/WhatsApp-Image-2026-02-13-at-08.49.48-1-e1771956059487.jpeg\" class=\"attachment-full size-full wp-image-135\" alt=\"\" srcset=\"https:\/\/apresentacaocontentmkt.com.br\/darkstarmaquinas\/wp-content\/uploads\/2026\/02\/WhatsApp-Image-2026-02-13-at-08.49.48-1-e1771956059487.jpeg 1200w, https:\/\/apresentacaocontentmkt.com.br\/darkstarmaquinas\/wp-content\/uploads\/2026\/02\/WhatsApp-Image-2026-02-13-at-08.49.48-1-e1771956059487-276x300.jpeg 276w, https:\/\/apresentacaocontentmkt.com.br\/darkstarmaquinas\/wp-content\/uploads\/2026\/02\/WhatsApp-Image-2026-02-13-at-08.49.48-1-e1771956059487-942x1024.jpeg 942w, https:\/\/apresentacaocontentmkt.com.br\/darkstarmaquinas\/wp-content\/uploads\/2026\/02\/WhatsApp-Image-2026-02-13-at-08.49.48-1-e1771956059487-768x835.jpeg 768w\" sizes=\"(max-width: 1200px) 100vw, 1200px\" \/><\/div>\n\t\t<\/a>\n\t\t\t\t<div class=\"elementor-post__text\">\n\t\t\t\t<h4 class=\"elementor-post__title\">\n\t\t\t<a href=\"https:\/\/apresentacaocontentmkt.com.br\/darkstarmaquinas\/2026\/02\/20\/a-importancia-estrategica-das-empilhadeiras-na-logistica-moderna\/\" >\n\t\t\t\tA Import\u00e2ncia Estrat\u00e9gica das Empilhadeiras na Log\u00edstica Moderna\t\t\t<\/a>\n\t\t<\/h4>\n\t\t\t\t<div class=\"elementor-post__meta-data\">\n\t\t\t\t\t<span class=\"elementor-post-avatar\">\n\t\t\tNenhum coment\u00e1rio\t\t<\/span>\n\t\t\t\t<span class=\"elementor-post-date\">\n\t\t\tfevereiro 24, 2026\t\t<\/span>\n\t\t\t\t<\/div>\n\t\t\n\t\t<a class=\"elementor-post__read-more\" href=\"https:\/\/apresentacaocontentmkt.com.br\/darkstarmaquinas\/2026\/02\/20\/a-importancia-estrategica-das-empilhadeiras-na-logistica-moderna\/\" aria-label=\"Read more about A Import\u00e2ncia Estrat\u00e9gica das Empilhadeiras na Log\u00edstica Moderna\" tabindex=\"-1\" >\n\t\t\t Leia mais \u00bb\t\t<\/a>\n\n\t\t\t\t<\/div>\n\t\t\t\t<\/article>\n\t\t\t\t<\/div>\n\t\t\n\t\t\t\t\t\t<\/div>\n\t\t\t\t<\/div>\n\t\t\t\t\t<\/div>\n\t\t\t\t<\/div>\n\t\t<div class=\"elementor-element elementor-element-a8f4809 e-flex e-con-boxed e-con e-parent\" data-id=\"a8f4809\" data-element_type=\"container\" data-e-type=\"container\">\n\t\t\t\t\t<div class=\"e-con-inner\">\n\t\t<div class=\"elementor-element elementor-element-1f3c4be e-con-full e-flex e-con e-child\" data-id=\"1f3c4be\" data-element_type=\"container\" data-e-type=\"container\" data-settings=\"{&quot;background_background&quot;:&quot;classic&quot;}\">\n\t\t\t\t<div class=\"elementor-element elementor-element-ea176a6 elementor-widget elementor-widget-heading\" data-id=\"ea176a6\" data-element_type=\"widget\" data-e-type=\"widget\" data-widget_type=\"heading.default\">\n\t\t\t\t\t<h3 class=\"elementor-heading-title elementor-size-default\">Reserve e compre agora na DARKSTAR <\/h3>\t\t\t\t<\/div>\n\t\t\t\t<div class=\"elementor-element elementor-element-7640c6c elementor-mobile-align-center elementor-widget-mobile__width-inherit elementor-widget elementor-widget-button\" data-id=\"7640c6c\" data-element_type=\"widget\" data-e-type=\"widget\" data-widget_type=\"button.default\">\n\t\t\t\t\t\t\t\t\t\t<a class=\"elementor-button elementor-button-link elementor-size-sm\" href=\"https:\/\/wa.me\/5511930661148?text=Gostaria%20falar%20com%20o%20especialista!!!\" target=\"_blank\">\n\t\t\t\t\t\t<span class=\"elementor-button-content-wrapper\">\n\t\t\t\t\t\t<span class=\"elementor-button-icon\">\n\t\t\t\t<svg aria-hidden=\"true\" class=\"e-font-icon-svg e-fas-chevron-circle-right\" viewBox=\"0 0 512 512\" xmlns=\"http:\/\/www.w3.org\/2000\/svg\"><path d=\"M256 8c137 0 248 111 248 248S393 504 256 504 8 393 8 256 119 8 256 8zm113.9 231L234.4 103.5c-9.4-9.4-24.6-9.4-33.9 0l-17 17c-9.4 9.4-9.4 24.6 0 33.9L285.1 256 183.5 357.6c-9.4 9.4-9.4 24.6 0 33.9l17 17c9.4 9.4 24.6 9.4 33.9 0L369.9 273c9.4-9.4 9.4-24.6 0-34z\"><\/path><\/svg>\t\t\t<\/span>\n\t\t\t\t\t\t\t\t\t<span class=\"elementor-button-text\">Fale Conosco<\/span>\n\t\t\t\t\t<\/span>\n\t\t\t\t\t<\/a>\n\t\t\t\t\t\t\t\t<\/div>\n\t\t\t\t<\/div>\n\t\t\t\t\t<\/div>\n\t\t\t\t<\/div>\n\t\t<div class=\"elementor-element elementor-element-e62fb84 e-flex e-con-boxed e-con e-parent\" data-id=\"e62fb84\" data-element_type=\"container\" data-e-type=\"container\">\n\t\t\t\t\t<div class=\"e-con-inner\">\n\t\t\t\t<div class=\"elementor-element elementor-element-9524387 elementor-widget elementor-widget-google_maps\" data-id=\"9524387\" data-element_type=\"widget\" data-e-type=\"widget\" data-widget_type=\"google_maps.default\">\n\t\t\t\t\t\t\t<div class=\"elementor-custom-embed\">\n\t\t\t<iframe loading=\"lazy\"\n\t\t\t\t\tsrc=\"https:\/\/maps.google.com\/maps?q=Darkstar%20Avenida%20Pereira%20Barreto%2C%201770%2C%20Santo%20Andr%C3%A9%20-%20SP%20CEP%3A%2009190-210&#038;t=m&#038;z=10&#038;output=embed&#038;iwloc=near\"\n\t\t\t\t\ttitle=\"Darkstar Avenida Pereira Barreto, 1770, Santo Andr\u00e9 - SP CEP: 09190-210\"\n\t\t\t\t\taria-label=\"Darkstar Avenida Pereira Barreto, 1770, Santo Andr\u00e9 - SP CEP: 09190-210\"\n\t\t\t><\/iframe>\n\t\t<\/div>\n\t\t\t\t\t\t<\/div>\n\t\t\t\t\t<\/div>\n\t\t\t\t<\/div>\n\t\t\t\t<\/div>\n\t\t","protected":false},"excerpt":{"rendered":"<p>Blog Tudo o Que Voc\u00ea Precisa Saber Reserve e compre agora na DARKSTAR Fale Conosco<\/p>\n","protected":false},"author":1,"featured_media":0,"parent":0,"menu_order":0,"comment_status":"closed","ping_status":"closed","template":"elementor_header_footer","meta":{"footnotes":""},"class_list":["post-145","page","type-page","status-publish","hentry"],"_links":{"self":[{"href":"https:\/\/apresentacaocontentmkt.com.br\/darkstarmaquinas\/wp-json\/wp\/v2\/pages\/145","targetHints":{"allow":["GET"]}}],"collection":[{"href":"https:\/\/apresentacaocontentmkt.com.br\/darkstarmaquinas\/wp-json\/wp\/v2\/pages"}],"about":[{"href":"https:\/\/apresentacaocontentmkt.com.br\/darkstarmaquinas\/wp-json\/wp\/v2\/types\/page"}],"author":[{"embeddable":true,"href":"https:\/\/apresentacaocontentmkt.com.br\/darkstarmaquinas\/wp-json\/wp\/v2\/users\/1"}],"replies":[{"embeddable":true,"href":"https:\/\/apresentacaocontentmkt.com.br\/darkstarmaquinas\/wp-json\/wp\/v2\/comments?post=145"}],"version-history":[{"count":30,"href":"https:\/\/apresentacaocontentmkt.com.br\/darkstarmaquinas\/wp-json\/wp\/v2\/pages\/145\/revisions"}],"predecessor-version":[{"id":199,"href":"https:\/\/apresentacaocontentmkt.com.br\/darkstarmaquinas\/wp-json\/wp\/v2\/pages\/145\/revisions\/199"}],"wp:attachment":[{"href":"https:\/\/apresentacaocontentmkt.com.br\/darkstarmaquinas\/wp-json\/wp\/v2\/media?parent=145"}],"curies":[{"name":"wp","href":"https:\/\/api.w.org\/{rel}","templated":true}]}}