{"id":1689,"date":"2025-11-13T12:44:20","date_gmt":"2025-11-13T15:44:20","guid":{"rendered":"https:\/\/apresentacaocontentmkt.com.br\/vetpetline\/produto\/simparic-40-mg-antipulgas-caes-10-a-20-kg-3-comprimidos-zoetis\/"},"modified":"2025-11-19T19:05:21","modified_gmt":"2025-11-19T22:05:21","slug":"simparic-40-mg-antipulgas-caes-10-a-20-kg-3-comprimidos-zoetis","status":"publish","type":"product","link":"https:\/\/apresentacaocontentmkt.com.br\/vetpetline\/produto\/simparic-40-mg-antipulgas-caes-10-a-20-kg-3-comprimidos-zoetis\/","title":{"rendered":"Simparic 40 Mg Antipulgas C\u00e3es 10 A 20 Kg 3 Comprimidos Zoetis"},"content":{"rendered":"<p>Simparic \u00e9 um ectoparasiticida em comprimidos palat\u00e1veis para c\u00e3es, que elimina carrapatos, pulgas e tr\u00eas tipos de sarna.<\/p>\n<p>Extermina 100% dos carrapatos e pulgas.<br \/>Age em 3 horas com efeito sustentado por at\u00e9 35 dias.<br \/>Mant\u00e9m alta efic\u00e1cia por at\u00e9 35 dias.<br \/>Prote\u00e7\u00e3o e tratamento contra carrapatos, pulgas e tr\u00eas tipos de sarnas.<br \/>Desenvolvido para c\u00e3es a partir de 8 semanas de idade.<\/p>\n<p>Modo de Usar:<br \/>O Simparic est\u00e1 dispon\u00edvel sob a forma de comprimidos mastig\u00e1veis.<br \/>\u00c9 necess\u00e1rio utilizar o comprimido de dosagem adequada, de acordo com o peso do c\u00e3o.<br \/>Para o tratamento das infesta\u00e7\u00f5es de pulgas, o Simparic deve ser administrado uma vez por m\u00eas durante a \u00e9poca de pulgas.<br \/>Para o tratamento da sarna sarc\u00f3tica, o Simparic \u00e9 administrado uma vez por m\u00eas, em dois meses consecutivos.<br \/>Simparic \u00e9 um comprimido mastig\u00e1vel, sendo altamente palat\u00e1vel, podendo ser administrado com ou sem alimentos. Sua f\u00f3rmula age contra as pulgas resistentes, pode ser utilizado como parte do tratamento estrat\u00e9gico para controle de dermatite al\u00e9rgica a picada de pulgas (DAPP).<\/p>\n","protected":false},"excerpt":{"rendered":"<p>Simparic \u00e9 um ectoparasiticida em comprimidos palat\u00e1veis para c\u00e3es, que elimina carrapatos, pulgas e tr\u00eas tipos de sarna.<\/p>\n<p>Extermina 100% dos carrapatos e pulgas.<br \/>Age em 3 horas com efeito sustentado por at\u00e9 35 dias.<br \/>Mant\u00e9m alta efic\u00e1cia por at\u00e9 35 dias.<br \/>Prote\u00e7\u00e3o e tratamento contra carrapatos, pulgas e tr\u00eas tipos de sarnas.<br \/>Desenvolvido para c\u00e3es a partir de 8 semanas de idade.<\/p>\n","protected":false},"featured_media":1688,"comment_status":"open","ping_status":"closed","template":"","meta":[],"product_brand":[],"product_cat":[300],"product_tag":[],"class_list":{"0":"post-1689","1":"product","2":"type-product","3":"status-publish","4":"has-post-thumbnail","6":"product_cat-tratamento-antipulgas-e-carrapatos","8":"first","9":"instock","10":"shipping-taxable","11":"purchasable","12":"product-type-simple"},"_links":{"self":[{"href":"https:\/\/apresentacaocontentmkt.com.br\/vetpetline\/wp-json\/wp\/v2\/product\/1689","targetHints":{"allow":["GET"]}}],"collection":[{"href":"https:\/\/apresentacaocontentmkt.com.br\/vetpetline\/wp-json\/wp\/v2\/product"}],"about":[{"href":"https:\/\/apresentacaocontentmkt.com.br\/vetpetline\/wp-json\/wp\/v2\/types\/product"}],"replies":[{"embeddable":true,"href":"https:\/\/apresentacaocontentmkt.com.br\/vetpetline\/wp-json\/wp\/v2\/comments?post=1689"}],"wp:featuredmedia":[{"embeddable":true,"href":"https:\/\/apresentacaocontentmkt.com.br\/vetpetline\/wp-json\/wp\/v2\/media\/1688"}],"wp:attachment":[{"href":"https:\/\/apresentacaocontentmkt.com.br\/vetpetline\/wp-json\/wp\/v2\/media?parent=1689"}],"wp:term":[{"taxonomy":"product_brand","embeddable":true,"href":"https:\/\/apresentacaocontentmkt.com.br\/vetpetline\/wp-json\/wp\/v2\/product_brand?post=1689"},{"taxonomy":"product_cat","embeddable":true,"href":"https:\/\/apresentacaocontentmkt.com.br\/vetpetline\/wp-json\/wp\/v2\/product_cat?post=1689"},{"taxonomy":"product_tag","embeddable":true,"href":"https:\/\/apresentacaocontentmkt.com.br\/vetpetline\/wp-json\/wp\/v2\/product_tag?post=1689"}],"curies":[{"name":"wp","href":"https:\/\/api.w.org\/{rel}","templated":true}]}}