{"id":1719,"date":"2025-11-13T14:19:33","date_gmt":"2025-11-13T17:19:33","guid":{"rendered":"https:\/\/apresentacaocontentmkt.com.br\/vetpetline\/produto\/apoquel-16-mg-dermatologico-anti-coceira-caes-cao-20-comp\/"},"modified":"2025-11-19T19:05:59","modified_gmt":"2025-11-19T22:05:59","slug":"apoquel-16-mg-dermatologico-anti-coceira-caes-cao-20-comp","status":"publish","type":"product","link":"https:\/\/apresentacaocontentmkt.com.br\/vetpetline\/produto\/apoquel-16-mg-dermatologico-anti-coceira-caes-cao-20-comp\/","title":{"rendered":"Apoquel 16 Mg Dermatol\u00f3gico Anti Coceira C\u00e3es C\u00e3o 20 Comp"},"content":{"rendered":"","protected":false},"excerpt":{"rendered":"<p>Apoquel 16 mg Dermatol\u00f3gico Dermatite para Cachorro C\u00e3o C\u00e3es Anti Coceira<\/p>\n<p>Pele<br \/>\nDermatite<br \/>\nDermatol\u00f3gico<\/p>\n<p>&#8211; Indicado para c\u00e3es adultos;<br \/>\n&#8211; Al\u00edvio total da coceira em 24 horas;<br \/>\n&#8211; Age diretamente no foco da coceira, minimizando os efeitos colaterais;<br \/>\n&#8211; Pode ser usado em tratamentos de curto e longo prazo,<br \/>\n&#8211; Dispon\u00edvel em comprimidos de 3,6 mg, 5,4 mg e 16 mg.<\/p>\n<p>Algumas ra\u00e7as de cachorro possuem maior sensibilidade na pele que outras. Por isso, determinadas alergias ocorrem com mais facilidade em alguns peludos, al\u00e9m de causar mais inc\u00f4modo. Ao notar que o c\u00e3ozinho est\u00e1 passando por complica\u00e7\u00f5es desse tipo, confie no Apoquel!<\/p>\n<p>As alergias e irrita\u00e7\u00f5es ocorrem por diversos motivos. Entretanto, o Apoquel para cachorros come\u00e7a a agir em quatro horas e alivia os sintomas. Confira abaixo alguns benef\u00edcios do produto:<\/p>\n<p>&#8211; Pode ser usado em tratamentos de curto e longo prazo;<br \/>\n&#8211; Atua diretamente no foco das coceiras;<br \/>\n&#8211; Causa al\u00edvio r\u00e1pido e elimina a irrita\u00e7\u00e3o em at\u00e9 24 horas.<\/p>\n","protected":false},"featured_media":3920,"comment_status":"open","ping_status":"closed","template":"","meta":[],"product_brand":[],"product_cat":[304],"product_tag":[],"class_list":{"0":"post-1719","1":"product","2":"type-product","3":"status-publish","4":"has-post-thumbnail","6":"product_cat-anti-coceira","8":"first","9":"instock","10":"shipping-taxable","11":"purchasable","12":"product-type-variable"},"_links":{"self":[{"href":"https:\/\/apresentacaocontentmkt.com.br\/vetpetline\/wp-json\/wp\/v2\/product\/1719","targetHints":{"allow":["GET"]}}],"collection":[{"href":"https:\/\/apresentacaocontentmkt.com.br\/vetpetline\/wp-json\/wp\/v2\/product"}],"about":[{"href":"https:\/\/apresentacaocontentmkt.com.br\/vetpetline\/wp-json\/wp\/v2\/types\/product"}],"replies":[{"embeddable":true,"href":"https:\/\/apresentacaocontentmkt.com.br\/vetpetline\/wp-json\/wp\/v2\/comments?post=1719"}],"wp:featuredmedia":[{"embeddable":true,"href":"https:\/\/apresentacaocontentmkt.com.br\/vetpetline\/wp-json\/wp\/v2\/media\/3920"}],"wp:attachment":[{"href":"https:\/\/apresentacaocontentmkt.com.br\/vetpetline\/wp-json\/wp\/v2\/media?parent=1719"}],"wp:term":[{"taxonomy":"product_brand","embeddable":true,"href":"https:\/\/apresentacaocontentmkt.com.br\/vetpetline\/wp-json\/wp\/v2\/product_brand?post=1719"},{"taxonomy":"product_cat","embeddable":true,"href":"https:\/\/apresentacaocontentmkt.com.br\/vetpetline\/wp-json\/wp\/v2\/product_cat?post=1719"},{"taxonomy":"product_tag","embeddable":true,"href":"https:\/\/apresentacaocontentmkt.com.br\/vetpetline\/wp-json\/wp\/v2\/product_tag?post=1719"}],"curies":[{"name":"wp","href":"https:\/\/api.w.org\/{rel}","templated":true}]}}