{"id":1773,"date":"2025-11-13T14:21:11","date_gmt":"2025-11-13T17:21:11","guid":{"rendered":"https:\/\/apresentacaocontentmkt.com.br\/vetpetline\/produto\/zenrelia-64-mg-anti-coceira-para-caes-cao-cachorro-30-cp\/"},"modified":"2025-11-23T19:22:14","modified_gmt":"2025-11-23T22:22:14","slug":"zenrelia-64-mg-anti-coceira-para-caes-cao-cachorro-30-cp","status":"publish","type":"product","link":"https:\/\/apresentacaocontentmkt.com.br\/vetpetline\/produto\/zenrelia-64-mg-anti-coceira-para-caes-cao-cachorro-30-cp\/","title":{"rendered":"Zenrelia 6,4 Mg Anti Coceira Para C\u00e3es C\u00e3o Cachorro 30 Cp"},"content":{"rendered":"","protected":false},"excerpt":{"rendered":"<p>Zenrelia para c\u00e3es cachorro c\u00e3o \u00e9 uma solu\u00e7\u00e3o avan\u00e7ada para o tratamento da coceira associada \u00e0 dermatite al\u00e9rgica e at\u00f3pica em c\u00e3es.<br \/>\nEste produto inovador, desenvolvido pelo laborat\u00f3rio Elanco, proporciona al\u00edvio eficaz e melhora a qualidade de vida dos animais afetados.<br \/>\nCada embalagem cont\u00e9m 30 comprimidos de 6,4mg, formulados para atender \u00e0s necessidades espec\u00edficas dos c\u00e3es.<br \/>\nA marca ZENRELIA \u00e9 reconhecida por sua qualidade e efic\u00e1cia, garantindo que seu pet receba o melhor cuidado. Com uma cor \u00fanica e em condi\u00e7\u00e3o de item novo, Zenrelia \u00e9 a escolha ideal para quem busca um tratamento seguro e eficaz.<br \/>\nProporcione ao seu c\u00e3o o conforto que ele merece e ajude a aliviar a coceira de forma pr\u00e1tica e eficiente.<\/p>\n","protected":false},"featured_media":1754,"comment_status":"open","ping_status":"closed","template":"","meta":[],"product_brand":[],"product_cat":[304],"product_tag":[],"class_list":{"0":"post-1773","1":"product","2":"type-product","3":"status-publish","4":"has-post-thumbnail","6":"product_cat-anti-coceira","8":"first","9":"instock","10":"shipping-taxable","11":"purchasable","12":"product-type-simple"},"_links":{"self":[{"href":"https:\/\/apresentacaocontentmkt.com.br\/vetpetline\/wp-json\/wp\/v2\/product\/1773","targetHints":{"allow":["GET"]}}],"collection":[{"href":"https:\/\/apresentacaocontentmkt.com.br\/vetpetline\/wp-json\/wp\/v2\/product"}],"about":[{"href":"https:\/\/apresentacaocontentmkt.com.br\/vetpetline\/wp-json\/wp\/v2\/types\/product"}],"replies":[{"embeddable":true,"href":"https:\/\/apresentacaocontentmkt.com.br\/vetpetline\/wp-json\/wp\/v2\/comments?post=1773"}],"wp:featuredmedia":[{"embeddable":true,"href":"https:\/\/apresentacaocontentmkt.com.br\/vetpetline\/wp-json\/wp\/v2\/media\/1754"}],"wp:attachment":[{"href":"https:\/\/apresentacaocontentmkt.com.br\/vetpetline\/wp-json\/wp\/v2\/media?parent=1773"}],"wp:term":[{"taxonomy":"product_brand","embeddable":true,"href":"https:\/\/apresentacaocontentmkt.com.br\/vetpetline\/wp-json\/wp\/v2\/product_brand?post=1773"},{"taxonomy":"product_cat","embeddable":true,"href":"https:\/\/apresentacaocontentmkt.com.br\/vetpetline\/wp-json\/wp\/v2\/product_cat?post=1773"},{"taxonomy":"product_tag","embeddable":true,"href":"https:\/\/apresentacaocontentmkt.com.br\/vetpetline\/wp-json\/wp\/v2\/product_tag?post=1773"}],"curies":[{"name":"wp","href":"https:\/\/api.w.org\/{rel}","templated":true}]}}