{"id":2088,"date":"2025-11-13T15:15:18","date_gmt":"2025-11-13T18:15:18","guid":{"rendered":"https:\/\/apresentacaocontentmkt.com.br\/vetpetline\/produto\/simparic-antipulgas-carrapatos-e-sarnas-para-cao-20mg-3-cp\/"},"modified":"2025-11-19T19:05:33","modified_gmt":"2025-11-19T22:05:33","slug":"simparic-antipulgas-carrapatos-e-sarnas-para-cao-20mg-3-cp","status":"publish","type":"product","link":"https:\/\/apresentacaocontentmkt.com.br\/vetpetline\/produto\/simparic-antipulgas-carrapatos-e-sarnas-para-cao-20mg-3-cp\/","title":{"rendered":"Simparic Antipulgas Carrapatos E Sarnas Para C\u00e3o 20mg 3 Cp"},"content":{"rendered":"","protected":false},"excerpt":{"rendered":"<p>Antipulgas, Carrapatos e Sarnas Simparic 20Mg Com 3 Comprimidos Para C\u00e3es Cachorro C\u00e3o De 5,1Kg A 10Kg <\/p>\n<p>Seguran\u00e7a e praticidade, o Antipulgas e Carrapatos 20mg com 3 comprimidos para C\u00e3es de 5,1kg a 10kg &#8211; Simparic possui a\u00e7\u00e3o de at\u00e9 35 dias ap\u00f3s ingerido, e age rapidamente at\u00e9 3horas para combater pulgas, carrapatos e sarnas. Acompanhado de 03 comprimidos, o Antipulgas e Carrapatos 20mg com 3 comprimidos para C\u00e3es de 5,1kg a 10kg &#8211; Simparic \u00e9 ideal para prote\u00e7\u00e3o de c\u00e3es de m\u00e9dio contra parasitas, sendo assim, melhorando o bem-estar do pet, e deixando-o livre para a divers\u00e3o ao ar livre. <\/p>\n<p>Benef\u00edcios do Antipulgas e Carrapatos 20mg com 3 comprimidos para C\u00e3es de 5,1kg a 10kg <\/p>\n<p>&#8211; Simparic:<br \/>\n&#8211; Indicado para c\u00e3es de 5,1kg a 10kg;<br \/>\n&#8211; Comprimido mastig\u00e1vel;<br \/>\n&#8211; Age rapidamente;<br \/>\n&#8211; Seguran\u00e7a durante 35 dias;<br \/>\n&#8211; Prote\u00e7\u00e3o contra pulgas, carrapatos e sarnas;<br \/>\n&#8211; 03 comprimidos; <\/p>\n<p>Caracter\u00edsticas Antipulgas e Carrapatos 20mg com 3 comprimidos para C\u00e3es de 5,1kg a 10kg<br \/>\n&#8211; Simparic:<br \/>\nMarca: Simparic<br \/>\nIndicado: Cachorros de M\u00e9dio Porte S\u00eanior, Adulto ou Filhote<br \/>\nTipo: Antipulgas, Carrapatos e Sarnas<br \/>\nUso: Oral<br \/>\nComposi\u00e7\u00e3o: Isoxazolina: Sarolaner e Isoxazolina: Sarolaner<br \/>\nConte\u00fado: 03 Comprimidos<br \/>\nFabricante: A Simparic \u00e9 uma marca dentro da fabricante Zoetis, que atua h\u00e1 mais de 65 anos no mercado animal. N\u00e3o s\u00f3 produz medicamentos para pets, como possui uma equipe de pesquisa, para desenvolver os melhores rem\u00e9dios, vacinas, produtos para diagn\u00f3sticos, testes gen\u00e9ticos e outros materiais veterin\u00e1rios. Seus produtos s\u00e3o utilizados em laborat\u00f3rios, consult\u00f3rios de m\u00e9dicos veterin\u00e1rios, pecuaristas, at\u00e9 animais dom\u00e9sticos. Neste caso, \u00e9 necess\u00e1rio o diagn\u00f3stico de um profissional para o uso dos antibi\u00f3ticos e demais medicamentos, para acompanhamento e nenhum risco \u00e0 sa\u00fade do seu pet. Com excelente qualidade, traz r\u00e1pida recupera\u00e7\u00e3o ao seu c\u00e3o, gato, ave, su\u00ednos e outros bichinhos que possa ter&#8217;.<\/p>\n","protected":false},"featured_media":2076,"comment_status":"open","ping_status":"closed","template":"","meta":[],"product_brand":[],"product_cat":[300],"product_tag":[],"class_list":{"0":"post-2088","1":"product","2":"type-product","3":"status-publish","4":"has-post-thumbnail","6":"product_cat-tratamento-antipulgas-e-carrapatos","8":"first","9":"outofstock","10":"shipping-taxable","11":"product-type-variable"},"_links":{"self":[{"href":"https:\/\/apresentacaocontentmkt.com.br\/vetpetline\/wp-json\/wp\/v2\/product\/2088","targetHints":{"allow":["GET"]}}],"collection":[{"href":"https:\/\/apresentacaocontentmkt.com.br\/vetpetline\/wp-json\/wp\/v2\/product"}],"about":[{"href":"https:\/\/apresentacaocontentmkt.com.br\/vetpetline\/wp-json\/wp\/v2\/types\/product"}],"replies":[{"embeddable":true,"href":"https:\/\/apresentacaocontentmkt.com.br\/vetpetline\/wp-json\/wp\/v2\/comments?post=2088"}],"wp:featuredmedia":[{"embeddable":true,"href":"https:\/\/apresentacaocontentmkt.com.br\/vetpetline\/wp-json\/wp\/v2\/media\/2076"}],"wp:attachment":[{"href":"https:\/\/apresentacaocontentmkt.com.br\/vetpetline\/wp-json\/wp\/v2\/media?parent=2088"}],"wp:term":[{"taxonomy":"product_brand","embeddable":true,"href":"https:\/\/apresentacaocontentmkt.com.br\/vetpetline\/wp-json\/wp\/v2\/product_brand?post=2088"},{"taxonomy":"product_cat","embeddable":true,"href":"https:\/\/apresentacaocontentmkt.com.br\/vetpetline\/wp-json\/wp\/v2\/product_cat?post=2088"},{"taxonomy":"product_tag","embeddable":true,"href":"https:\/\/apresentacaocontentmkt.com.br\/vetpetline\/wp-json\/wp\/v2\/product_tag?post=2088"}],"curies":[{"name":"wp","href":"https:\/\/api.w.org\/{rel}","templated":true}]}}