{"id":2118,"date":"2025-11-13T15:16:11","date_gmt":"2025-11-13T18:16:11","guid":{"rendered":"https:\/\/apresentacaocontentmkt.com.br\/vetpetline\/produto\/antipulgas-zoetis-simparic-80mg-cachorro-20-1-kg-40-kg-3-comprimidos\/"},"modified":"2025-11-24T12:38:26","modified_gmt":"2025-11-24T15:38:26","slug":"antipulgas-zoetis-simparic-80mg-cachorro-20-1-kg-40-kg-3-comprimidos","status":"publish","type":"product","link":"https:\/\/apresentacaocontentmkt.com.br\/vetpetline\/produto\/antipulgas-zoetis-simparic-80mg-cachorro-20-1-kg-40-kg-3-comprimidos\/","title":{"rendered":"Antipulgas Zoetis Simparic 80mg Cachorro 20.1 Kg 40 Kg 3 Comprimidos"},"content":{"rendered":"","protected":false},"excerpt":{"rendered":"<p>Zoetis Simparica Dog \u00e9 um comprimido mastig\u00e1vel para c\u00e3es que oferece a\u00e7\u00e3o r\u00e1pida e eficaz no tratamento e controle de pulgas e carrapatos.<\/p>\n<p>Princ\u00edpio ativo: Sarolaner<\/p>\n<p>Modo de administra\u00e7\u00e3o:<\/p>\n<p>D\u00ea o comprimido diretamente ao seu c\u00e3o ou misture-o com a comida.<\/p>\n<p>Vantagens:<\/p>\n<p>\u00c9 eficaz contra pulgas e carrapatos, inclusive cepas resistentes.<br \/>\nTem uma a\u00e7\u00e3o r\u00e1pida e prolongada.<br \/>\n\u00c9 palat\u00e1vel, por isso \u00e9 f\u00e1cil de administrar.<\/p>\n<p>Desvantagens:<\/p>\n<p>Pode causar efeitos colaterais, embora geralmente sejam leves e tempor\u00e1rios.<br \/>\n\u00c9 um medicamento de prescri\u00e7\u00e3o, portanto deve ser administrado por um veterin\u00e1rio.<\/p>\n<p>Recomenda\u00e7\u00f5es:<\/p>\n<p>Consulte o seu veterin\u00e1rio antes de dar Simparica ao seu c\u00e3o.<br \/>\nSiga cuidadosamente as instru\u00e7\u00f5es de administra\u00e7\u00e3o do produto.<br \/>\nSe voc\u00ea notar algum efeito colateral, entre em contato com seu veterin\u00e1rio imediatamente.<\/p>\n","protected":false},"featured_media":2109,"comment_status":"open","ping_status":"closed","template":"","meta":[],"product_brand":[],"product_cat":[300],"product_tag":[],"class_list":{"0":"post-2118","1":"product","2":"type-product","3":"status-publish","4":"has-post-thumbnail","6":"product_cat-tratamento-antipulgas-e-carrapatos","8":"first","9":"instock","10":"shipping-taxable","11":"purchasable","12":"product-type-variable"},"_links":{"self":[{"href":"https:\/\/apresentacaocontentmkt.com.br\/vetpetline\/wp-json\/wp\/v2\/product\/2118","targetHints":{"allow":["GET"]}}],"collection":[{"href":"https:\/\/apresentacaocontentmkt.com.br\/vetpetline\/wp-json\/wp\/v2\/product"}],"about":[{"href":"https:\/\/apresentacaocontentmkt.com.br\/vetpetline\/wp-json\/wp\/v2\/types\/product"}],"replies":[{"embeddable":true,"href":"https:\/\/apresentacaocontentmkt.com.br\/vetpetline\/wp-json\/wp\/v2\/comments?post=2118"}],"wp:featuredmedia":[{"embeddable":true,"href":"https:\/\/apresentacaocontentmkt.com.br\/vetpetline\/wp-json\/wp\/v2\/media\/2109"}],"wp:attachment":[{"href":"https:\/\/apresentacaocontentmkt.com.br\/vetpetline\/wp-json\/wp\/v2\/media?parent=2118"}],"wp:term":[{"taxonomy":"product_brand","embeddable":true,"href":"https:\/\/apresentacaocontentmkt.com.br\/vetpetline\/wp-json\/wp\/v2\/product_brand?post=2118"},{"taxonomy":"product_cat","embeddable":true,"href":"https:\/\/apresentacaocontentmkt.com.br\/vetpetline\/wp-json\/wp\/v2\/product_cat?post=2118"},{"taxonomy":"product_tag","embeddable":true,"href":"https:\/\/apresentacaocontentmkt.com.br\/vetpetline\/wp-json\/wp\/v2\/product_tag?post=2118"}],"curies":[{"name":"wp","href":"https:\/\/api.w.org\/{rel}","templated":true}]}}