{"id":2174,"date":"2025-11-13T15:17:56","date_gmt":"2025-11-13T18:17:56","guid":{"rendered":"https:\/\/apresentacaocontentmkt.com.br\/vetpetline\/produto\/2-nexgard-antipulgas-e-carrapatos-caes-cao-41-a-10-kg-2-cp\/"},"modified":"2025-11-19T19:29:52","modified_gmt":"2025-11-19T22:29:52","slug":"2-nexgard-antipulgas-e-carrapatos-caes-cao-41-a-10-kg-2-cp","status":"publish","type":"product","link":"https:\/\/apresentacaocontentmkt.com.br\/vetpetline\/produto\/2-nexgard-antipulgas-e-carrapatos-caes-cao-41-a-10-kg-2-cp\/","title":{"rendered":"2 Nexgard Antipulgas E Carrapatos C\u00e3es C\u00e3o 4,1 A 10 Kg 2 Cp"},"content":{"rendered":"","protected":false},"excerpt":{"rendered":"<p>Antipulgas e Carrapatos Nexgard para C\u00e3es Cachorros c\u00e3o de 4,1 \u00e1 10 kg 1 cp.<\/p>\n<p>Kit com 2 unidades<\/p>\n<p>\u00c9 um efic\u00e1cia contra pulgas e carrapatos em c\u00e3es por at\u00e9 30 dias, a partir de 8 semanas de vida e 2 kg de peso. Este medicamento possui um princ\u00edpio ativo chamado afoxolaner, que pertence a classe das izoxazolinas, que foi exclusivamente desenvolvido para para desenvolver prote\u00e7\u00e3o completa contra os parasitas. Nexgard passa a matar os parasitas assim que eles entram em contato com o sangue do animal, eliminando-os antes mesmo de come\u00e7arem a produzir ovos, contribuindo na redu\u00e7\u00e3o de contamina\u00e7\u00e3o no ambiente onde o c\u00e3o vive. Tamb\u00e9m \u00e9 importante lembrar de que a dosagem deste medicamento \u00e9 de 1 compromido ao m\u00eas, sem recomenda\u00e7\u00f5es de redu\u00e7\u00e3o deste intervalo.<\/p>\n<p>A seguir a dosagem e componentes do Nexgard, de acordo com a bula:<br \/>\n&#8211; Nexgard deve ser administrado uma vez ao m\u00eas, com a dosagem m\u00ednima de 2,5 kg.<br \/>\nCada comprimido de Nexgard possui:<br \/>\nPara c\u00e3es de 4 a 10 kg: 28,3 mg de Afoxolaner.<\/p>\n<p>Cada comprimido de Nexgard possui os seguintes excipientes:<br \/>\nAmido de milho, prote\u00edna refinada de soja, aromatizante de carne estufada, povidona 1201, macrogol 400, macrogol 4000, macrogol 15 hidroxiesrearato, glicerol E422, triglicer\u00eddeos de cadeia m\u00e9dia, sorbato de pot\u00e1ssio E202.<\/p>\n<p>Informa\u00e7\u00f5es complementares:<br \/>\n&#8211; Nexgard age contra pulgas em at\u00e9 6 horas; contra carrapatos at\u00e9 48 horas ap\u00f3s a administra\u00e7\u00e3o.<br \/>\n&#8211; Nexgard foi testado e \u00e9 seguro tamb\u00e9m para a ra\u00e7a Collie, estes que s\u00e3o sens\u00edveis a ivermectina. Contudo, n\u00e3o foram observados efeitos colaterais mesmo quando administrada 10 vezes a dose recomendada.<br \/>\n&#8211; A dosagem do produto pode ser administrada tanto com a refei\u00e7\u00e3o do animal, quanto em jejum, sem alterar a efic\u00e1cia.<br \/>\n&#8211; Como este \u00e9 um produto de administra\u00e7\u00e3o oral, banhos ou qualquer contato com a \u00e1gua n\u00e3o alteram a efic\u00e1cia do produto.<br \/>\n&#8211; O Nexgard tamb\u00e9m pode ser administrado em cadelas gestantes e lactantes.<br \/>\n&#8211; \u00c9 comum a visualiza\u00e7\u00e3o de pulgas mesmo depois de administrar o produto, pois este causa hiperestimula\u00e7\u00e3o nos parasitas, fazendo com que subam para as extremidades dos pelos.<br \/>\n&#8211; Nexgard \u00e9 v\u00e1lido por 24 meses a partir da data de fabrica\u00e7\u00e3o. A validade pode ser conferida na embalagem do produto.<br \/>\n&#8211; Em um estudo de campo, Nexgard foi administrado em conjunto com anti-helm\u00ednticos, antibi\u00f3ticos, vacinas, corticoester\u00f3ides, anti-inflamat\u00f3rios n\u00e3o esteroidais (AINEs) e outros produtos veterin\u00e1rios usados frequentemente. O resultado do estudo demonstrou que as medica\u00e7\u00f5es administradas concomitantemente n\u00e3o impactaram a seguran\u00e7a ou a efic\u00e1cia.<br \/>\n&#8211; Efeitos adversos podem incluir: v\u00f4mito, pele seca ou descamativa, diarreia, letargia e falta de apetite. Deve-se utilizar com cautela em c\u00e3es com hist\u00f3rico de convuls\u00f5es.<\/p>\n","protected":false},"featured_media":2163,"comment_status":"open","ping_status":"closed","template":"","meta":[],"product_brand":[],"product_cat":[300],"product_tag":[],"class_list":{"0":"post-2174","1":"product","2":"type-product","3":"status-publish","4":"has-post-thumbnail","6":"product_cat-tratamento-antipulgas-e-carrapatos","8":"first","9":"instock","10":"shipping-taxable","11":"purchasable","12":"product-type-simple"},"_links":{"self":[{"href":"https:\/\/apresentacaocontentmkt.com.br\/vetpetline\/wp-json\/wp\/v2\/product\/2174","targetHints":{"allow":["GET"]}}],"collection":[{"href":"https:\/\/apresentacaocontentmkt.com.br\/vetpetline\/wp-json\/wp\/v2\/product"}],"about":[{"href":"https:\/\/apresentacaocontentmkt.com.br\/vetpetline\/wp-json\/wp\/v2\/types\/product"}],"replies":[{"embeddable":true,"href":"https:\/\/apresentacaocontentmkt.com.br\/vetpetline\/wp-json\/wp\/v2\/comments?post=2174"}],"wp:featuredmedia":[{"embeddable":true,"href":"https:\/\/apresentacaocontentmkt.com.br\/vetpetline\/wp-json\/wp\/v2\/media\/2163"}],"wp:attachment":[{"href":"https:\/\/apresentacaocontentmkt.com.br\/vetpetline\/wp-json\/wp\/v2\/media?parent=2174"}],"wp:term":[{"taxonomy":"product_brand","embeddable":true,"href":"https:\/\/apresentacaocontentmkt.com.br\/vetpetline\/wp-json\/wp\/v2\/product_brand?post=2174"},{"taxonomy":"product_cat","embeddable":true,"href":"https:\/\/apresentacaocontentmkt.com.br\/vetpetline\/wp-json\/wp\/v2\/product_cat?post=2174"},{"taxonomy":"product_tag","embeddable":true,"href":"https:\/\/apresentacaocontentmkt.com.br\/vetpetline\/wp-json\/wp\/v2\/product_tag?post=2174"}],"curies":[{"name":"wp","href":"https:\/\/api.w.org\/{rel}","templated":true}]}}