{"id":2318,"date":"2025-11-13T16:27:49","date_gmt":"2025-11-13T19:27:49","guid":{"rendered":"https:\/\/apresentacaocontentmkt.com.br\/vetpetline\/produto\/antipulgas-nexgard-251-a-50kg-cx-03-tabletes-mastigaveis\/"},"modified":"2025-11-19T19:25:51","modified_gmt":"2025-11-19T22:25:51","slug":"antipulgas-nexgard-251-a-50kg-cx-03-tabletes-mastigaveis","status":"publish","type":"product","link":"https:\/\/apresentacaocontentmkt.com.br\/vetpetline\/produto\/antipulgas-nexgard-251-a-50kg-cx-03-tabletes-mastigaveis\/","title":{"rendered":"Antipulgas Nexgard 25,1 A 50kg Cx 03 Tabletes Mastig\u00e1veis"},"content":{"rendered":"","protected":false},"excerpt":{"rendered":"<p>Nexgard \u00e9 um tablete mastig\u00e1vel sabor carne que proporciona efic\u00e1cia contra pulgas e carrapatos em c\u00e3es por at\u00e9 30 dias. Indicado para animais a partir de 8 semanas de vida e com mais de 2 kg de peso. Cont\u00e9m o princ\u00edpio ativo afoxolaner, pertencente \u00e0 classe das izoxazolinas, desenvolvido para prote\u00e7\u00e3o completa contra parasitas. O produto atua eliminando os parasitas ao entrarem em contato com o sangue do c\u00e3o, impedindo a produ\u00e7\u00e3o de ovos e auxiliando na redu\u00e7\u00e3o de contamina\u00e7\u00e3o no ambiente. A dosagem recomendada \u00e9 de 1 tablete por m\u00eas.<\/p>\n<p>A caixa cont\u00e9m 03 tabletes mastig\u00e1veis de Nexgard.<br \/>\nPara c\u00e3es de 25,1 a 50 kg: 136 mg de Afoxolaner.<\/p>\n","protected":false},"featured_media":2311,"comment_status":"open","ping_status":"closed","template":"","meta":[],"product_brand":[],"product_cat":[299],"product_tag":[],"class_list":{"0":"post-2318","1":"product","2":"type-product","3":"status-publish","4":"has-post-thumbnail","6":"product_cat-suplemento-alimentar","8":"first","9":"instock","10":"shipping-taxable","11":"purchasable","12":"product-type-simple"},"_links":{"self":[{"href":"https:\/\/apresentacaocontentmkt.com.br\/vetpetline\/wp-json\/wp\/v2\/product\/2318","targetHints":{"allow":["GET"]}}],"collection":[{"href":"https:\/\/apresentacaocontentmkt.com.br\/vetpetline\/wp-json\/wp\/v2\/product"}],"about":[{"href":"https:\/\/apresentacaocontentmkt.com.br\/vetpetline\/wp-json\/wp\/v2\/types\/product"}],"replies":[{"embeddable":true,"href":"https:\/\/apresentacaocontentmkt.com.br\/vetpetline\/wp-json\/wp\/v2\/comments?post=2318"}],"wp:featuredmedia":[{"embeddable":true,"href":"https:\/\/apresentacaocontentmkt.com.br\/vetpetline\/wp-json\/wp\/v2\/media\/2311"}],"wp:attachment":[{"href":"https:\/\/apresentacaocontentmkt.com.br\/vetpetline\/wp-json\/wp\/v2\/media?parent=2318"}],"wp:term":[{"taxonomy":"product_brand","embeddable":true,"href":"https:\/\/apresentacaocontentmkt.com.br\/vetpetline\/wp-json\/wp\/v2\/product_brand?post=2318"},{"taxonomy":"product_cat","embeddable":true,"href":"https:\/\/apresentacaocontentmkt.com.br\/vetpetline\/wp-json\/wp\/v2\/product_cat?post=2318"},{"taxonomy":"product_tag","embeddable":true,"href":"https:\/\/apresentacaocontentmkt.com.br\/vetpetline\/wp-json\/wp\/v2\/product_tag?post=2318"}],"curies":[{"name":"wp","href":"https:\/\/api.w.org\/{rel}","templated":true}]}}