{"id":2502,"date":"2025-11-13T16:35:28","date_gmt":"2025-11-13T19:35:28","guid":{"rendered":"https:\/\/apresentacaocontentmkt.com.br\/vetpetline\/produto\/bravecto-transdermal-caes-antipulgas-e-carrapatos-10-a-20-kg\/"},"modified":"2025-11-19T15:39:28","modified_gmt":"2025-11-19T18:39:28","slug":"bravecto-transdermal-caes-antipulgas-e-carrapatos-10-a-20-kg","status":"publish","type":"product","link":"https:\/\/apresentacaocontentmkt.com.br\/vetpetline\/produto\/bravecto-transdermal-caes-antipulgas-e-carrapatos-10-a-20-kg\/","title":{"rendered":"Bravecto Transdermal C\u00e3es Antipulgas E Carrapatos 10 A 20 Kg"},"content":{"rendered":"","protected":false},"excerpt":{"rendered":"<p>Bravecto TRANSDERMAL para C\u00e3es C\u00e3o Cachorros de 10 a 20 kg 500 mg<\/p>\n<p>BRAVECTO possui um ingrediente ativo inovador com benef\u00edcios muito superiores aos tratamentos t\u00f3picos e orais atualmente dispon\u00edveis.<\/p>\n<p>BRAVECTO \u00e9 indicado para o tratamento de insfesta\u00e7\u00f5es por carrapatos e pulgas, em c\u00e3es, proporcionando 12 semanas de prote\u00e7\u00e3o. Esse produto veterin\u00e1rio \u00e9 um inseticida e acaricida, sist\u00eamico com longa dura\u00e7\u00e3o de a\u00e7\u00e3o, que promove efic\u00e1cia imediata e persistente por 12 semanas contra carrapatos (formas adultas e jovens de Ixodes ricinus, Ixodes hexagonus, Ixodes scapularis, Ixodes holocyclus, Dermacentor reticulatus, Demacentor variabilis e Rhipicephalus sanguineus) e pulgas (Ctenocephalides felis e Ctenocephalides canis).<\/p>\n<p>Um salto triplo na prote\u00e7\u00e3o contra pulgas e carrapatos. Protege por um per\u00edodo tr\u00eas vezes maior que os tratamentos convecionais de apenas 4 semanas.<\/p>\n<p>1 Pipeta = 12 semanas de prote\u00e7\u00e3o<\/p>\n","protected":false},"featured_media":3825,"comment_status":"open","ping_status":"closed","template":"","meta":[],"product_brand":[],"product_cat":[300],"product_tag":[],"class_list":{"0":"post-2502","1":"product","2":"type-product","3":"status-publish","4":"has-post-thumbnail","6":"product_cat-tratamento-antipulgas-e-carrapatos","8":"first","9":"instock","10":"shipping-taxable","11":"purchasable","12":"product-type-simple"},"_links":{"self":[{"href":"https:\/\/apresentacaocontentmkt.com.br\/vetpetline\/wp-json\/wp\/v2\/product\/2502","targetHints":{"allow":["GET"]}}],"collection":[{"href":"https:\/\/apresentacaocontentmkt.com.br\/vetpetline\/wp-json\/wp\/v2\/product"}],"about":[{"href":"https:\/\/apresentacaocontentmkt.com.br\/vetpetline\/wp-json\/wp\/v2\/types\/product"}],"replies":[{"embeddable":true,"href":"https:\/\/apresentacaocontentmkt.com.br\/vetpetline\/wp-json\/wp\/v2\/comments?post=2502"}],"wp:featuredmedia":[{"embeddable":true,"href":"https:\/\/apresentacaocontentmkt.com.br\/vetpetline\/wp-json\/wp\/v2\/media\/3825"}],"wp:attachment":[{"href":"https:\/\/apresentacaocontentmkt.com.br\/vetpetline\/wp-json\/wp\/v2\/media?parent=2502"}],"wp:term":[{"taxonomy":"product_brand","embeddable":true,"href":"https:\/\/apresentacaocontentmkt.com.br\/vetpetline\/wp-json\/wp\/v2\/product_brand?post=2502"},{"taxonomy":"product_cat","embeddable":true,"href":"https:\/\/apresentacaocontentmkt.com.br\/vetpetline\/wp-json\/wp\/v2\/product_cat?post=2502"},{"taxonomy":"product_tag","embeddable":true,"href":"https:\/\/apresentacaocontentmkt.com.br\/vetpetline\/wp-json\/wp\/v2\/product_tag?post=2502"}],"curies":[{"name":"wp","href":"https:\/\/api.w.org\/{rel}","templated":true}]}}