{"id":2896,"date":"2025-11-13T16:48:59","date_gmt":"2025-11-13T19:48:59","guid":{"rendered":"https:\/\/apresentacaocontentmkt.com.br\/vetpetline\/produto\/nutricart-1000-mg-suplemento-alimentar-caes-cao-gatos-30-cp-2\/"},"modified":"2025-11-23T18:26:43","modified_gmt":"2025-11-23T21:26:43","slug":"nutricart-1000-mg-suplemento-alimentar-caes-cao-gatos-30-cp-2","status":"publish","type":"product","link":"https:\/\/apresentacaocontentmkt.com.br\/vetpetline\/produto\/nutricart-1000-mg-suplemento-alimentar-caes-cao-gatos-30-cp-2\/","title":{"rendered":"Nutricart 1000 Mg Suplemento Alimentar C\u00e3es C\u00e3o Gatos 30 Cp"},"content":{"rendered":"","protected":false},"excerpt":{"rendered":"<p>Nutricart 1000mg \u00e9 um suplemento alimentar Multivitam\u00ednico Cachorros C\u00e3o C\u00e3es e Gatos Nutripharme em comprimidos palat\u00e1veis sabor carne e bacon para c\u00e3es e gatos de todas as idades com sulfato de condroitina e glucosamina. Indicado para auxiliar numa alimenta\u00e7\u00e3o nutritiva e balanceada, proporcionando sa\u00fade, qualidade de vida e bem estar ao seu animal de estima\u00e7\u00e3o.<\/p>\n<p>&#8211; Com vitamina C;<br \/>\n&#8211; Testado e aprovado;<br \/>\n&#8211; De f\u00e1cil administra\u00e7\u00e3o;<br \/>\n&#8211; Indicado para c\u00e3es e gatos;<br \/>\n&#8211; Suplemento mineral vitam\u00ednico;<br \/>\n&#8211; Comprimido agrad\u00e1vel ao paladar, sabores carne e bacon.<\/p>\n<p>MODO DE USAR:<br \/>\nC\u00e3es &#8211; Peso (Kg)\/Comprimido por dia:<br \/>\n&#8211; 1 a 10: 1\/2<br \/>\n&#8211; 11 a 20: 1<br \/>\n&#8211; 21 a 30: 1 + 1\/2<br \/>\n&#8211; 31 a 50: 2<br \/>\n&#8211; acima de 50: 2<br \/>\nGatos &#8211; Peso (Kg)\/Comprimido por dia:<br \/>\n&#8211; at\u00e9 5: 1\/2<br \/>\n&#8211; acima de 5: 1<\/p>\n<p>COMPOSI\u00c7\u00c3O:<br \/>\n&#8211; Consulte a embalagem ou entre em contato com o fabricante.<\/p>\n<p>INFORMA\u00c7\u00d5ES:<br \/>\n&#8211; Indica\u00e7\u00e3o: Cachorros e Gatos<br \/>\n&#8211; Idade: Filhotes, Adultos, Idosos<br \/>\n&#8211; Ra\u00e7as: Pequenas, M\u00e9dias e Grandes<\/p>\n<p>Itens que acompanham:<br \/>\n&#8211; 30 Comprimidos NutriCart 1000 (01 Frasco).<\/p>\n","protected":false},"featured_media":2889,"comment_status":"open","ping_status":"closed","template":"","meta":[],"product_brand":[],"product_cat":[299],"product_tag":[],"class_list":{"0":"post-2896","1":"product","2":"type-product","3":"status-publish","4":"has-post-thumbnail","6":"product_cat-suplemento-alimentar","8":"first","9":"instock","10":"shipping-taxable","11":"purchasable","12":"product-type-simple"},"_links":{"self":[{"href":"https:\/\/apresentacaocontentmkt.com.br\/vetpetline\/wp-json\/wp\/v2\/product\/2896","targetHints":{"allow":["GET"]}}],"collection":[{"href":"https:\/\/apresentacaocontentmkt.com.br\/vetpetline\/wp-json\/wp\/v2\/product"}],"about":[{"href":"https:\/\/apresentacaocontentmkt.com.br\/vetpetline\/wp-json\/wp\/v2\/types\/product"}],"replies":[{"embeddable":true,"href":"https:\/\/apresentacaocontentmkt.com.br\/vetpetline\/wp-json\/wp\/v2\/comments?post=2896"}],"wp:featuredmedia":[{"embeddable":true,"href":"https:\/\/apresentacaocontentmkt.com.br\/vetpetline\/wp-json\/wp\/v2\/media\/2889"}],"wp:attachment":[{"href":"https:\/\/apresentacaocontentmkt.com.br\/vetpetline\/wp-json\/wp\/v2\/media?parent=2896"}],"wp:term":[{"taxonomy":"product_brand","embeddable":true,"href":"https:\/\/apresentacaocontentmkt.com.br\/vetpetline\/wp-json\/wp\/v2\/product_brand?post=2896"},{"taxonomy":"product_cat","embeddable":true,"href":"https:\/\/apresentacaocontentmkt.com.br\/vetpetline\/wp-json\/wp\/v2\/product_cat?post=2896"},{"taxonomy":"product_tag","embeddable":true,"href":"https:\/\/apresentacaocontentmkt.com.br\/vetpetline\/wp-json\/wp\/v2\/product_tag?post=2896"}],"curies":[{"name":"wp","href":"https:\/\/api.w.org\/{rel}","templated":true}]}}