{"id":3010,"date":"2025-11-13T16:52:45","date_gmt":"2025-11-13T19:52:45","guid":{"rendered":"https:\/\/apresentacaocontentmkt.com.br\/vetpetline\/produto\/nutricart-1000-suplemento-alimentar-cachorros-gatos-cao-60cp-2\/"},"modified":"2025-11-23T18:30:10","modified_gmt":"2025-11-23T21:30:10","slug":"nutricart-1000-suplemento-alimentar-cachorros-gatos-cao-60cp-2","status":"publish","type":"product","link":"https:\/\/apresentacaocontentmkt.com.br\/vetpetline\/produto\/nutricart-1000-suplemento-alimentar-cachorros-gatos-cao-60cp-2\/","title":{"rendered":"Nutricart 1000 Suplemento Alimentar Cachorros Gatos C\u00e3o 60cp"},"content":{"rendered":"","protected":false},"excerpt":{"rendered":"<p>Nutricart 1000 60 comprimidos Cachorros C\u00e3o C\u00e3es Gatos \u00e9 um suplemento alimentar Nutripharme em comprimidos palat\u00e1veis sabor carne e bacon para c\u00e3es e gatos de todas as idades com sulfato de condroitina e glucosamina. Indicado para auxiliar numa alimenta\u00e7\u00e3o nutritiva e balanceada, proporcionando sa\u00fade, qualidade de vida e bem estar ao seu animal de estima\u00e7\u00e3o. &#8211; Com vitamina C; &#8211; Testado e aprovado; &#8211; De f\u00e1cil administra\u00e7\u00e3o; &#8211; Indicado para c\u00e3es e gatos; &#8211; Suplemento mineral vitam\u00ednico; &#8211; Comprimido agrad\u00e1vel ao paladar, sabores carne e bacon. MODO DE USAR: C\u00e3es &#8211; Peso (Kg)\/Comprimido por dia: &#8211; 1 a 10: 1\/2 &#8211; 11 a 20: 1 &#8211; 21 a 30: 1 + 1\/2 &#8211; 31 a 50: 2 &#8211; acima de 50: 2 Gatos &#8211; Peso (Kg)\/Comprimido por dia: &#8211; at\u00e9 5: 1\/2 &#8211; acima de 5: 1 COMPOSI\u00c7\u00c3O: &#8211; Consulte a embalagem ou entre em contato com o fabricante. INFORMA\u00c7\u00d5ES: &#8211; Indica\u00e7\u00e3o: Cachorros e Gatos &#8211; Idade: Filhotes, Adultos, Idosos &#8211; Ra\u00e7as: Pequenas, M\u00e9dias e Grandes Itens que acompanham: &#8211; 30 Comprimidos NutriCart 1000 (01 Frasco). REGISTRO (Minist\u00e9rio da Agricultura, Pecu\u00e1ria e Abastecimento): Licenciado Sob N\u00ba: MT 80102 10017.<\/p>\n","protected":false},"featured_media":4330,"comment_status":"open","ping_status":"closed","template":"","meta":[],"product_brand":[],"product_cat":[299],"product_tag":[],"class_list":{"0":"post-3010","1":"product","2":"type-product","3":"status-publish","4":"has-post-thumbnail","6":"product_cat-suplemento-alimentar","8":"first","9":"instock","10":"shipping-taxable","11":"purchasable","12":"product-type-simple"},"_links":{"self":[{"href":"https:\/\/apresentacaocontentmkt.com.br\/vetpetline\/wp-json\/wp\/v2\/product\/3010","targetHints":{"allow":["GET"]}}],"collection":[{"href":"https:\/\/apresentacaocontentmkt.com.br\/vetpetline\/wp-json\/wp\/v2\/product"}],"about":[{"href":"https:\/\/apresentacaocontentmkt.com.br\/vetpetline\/wp-json\/wp\/v2\/types\/product"}],"replies":[{"embeddable":true,"href":"https:\/\/apresentacaocontentmkt.com.br\/vetpetline\/wp-json\/wp\/v2\/comments?post=3010"}],"wp:featuredmedia":[{"embeddable":true,"href":"https:\/\/apresentacaocontentmkt.com.br\/vetpetline\/wp-json\/wp\/v2\/media\/4330"}],"wp:attachment":[{"href":"https:\/\/apresentacaocontentmkt.com.br\/vetpetline\/wp-json\/wp\/v2\/media?parent=3010"}],"wp:term":[{"taxonomy":"product_brand","embeddable":true,"href":"https:\/\/apresentacaocontentmkt.com.br\/vetpetline\/wp-json\/wp\/v2\/product_brand?post=3010"},{"taxonomy":"product_cat","embeddable":true,"href":"https:\/\/apresentacaocontentmkt.com.br\/vetpetline\/wp-json\/wp\/v2\/product_cat?post=3010"},{"taxonomy":"product_tag","embeddable":true,"href":"https:\/\/apresentacaocontentmkt.com.br\/vetpetline\/wp-json\/wp\/v2\/product_tag?post=3010"}],"curies":[{"name":"wp","href":"https:\/\/api.w.org\/{rel}","templated":true}]}}