{"id":3039,"date":"2025-11-13T16:53:41","date_gmt":"2025-11-13T19:53:41","guid":{"rendered":"https:\/\/apresentacaocontentmkt.com.br\/vetpetline\/produto\/renafil-1000-mg-suplemento-alimentar-vitaminicos-caes-30-cap\/"},"modified":"2025-11-23T18:37:42","modified_gmt":"2025-11-23T21:37:42","slug":"renafil-1000-mg-suplemento-alimentar-vitaminicos-caes-30-cap","status":"publish","type":"product","link":"https:\/\/apresentacaocontentmkt.com.br\/vetpetline\/produto\/renafil-1000-mg-suplemento-alimentar-vitaminicos-caes-30-cap\/","title":{"rendered":"Renafil 1000 Mg Suplemento Alimentar Vitam\u00ednicos C\u00e3es 30 Cap"},"content":{"rendered":"","protected":false},"excerpt":{"rendered":"<p>Suplemento Alimentar Vitam\u00ednico Nutripharme Cachorros C\u00e3o C\u00e3es Renafil 1000mg \u00e9 a solu\u00e7\u00e3o ideal para c\u00e3es e gatos de todas as idades. Testado e aprovado, garantindo sua efic\u00e1cia, este produto \u00e9 enriquecido com vitamina C, promovendo ainda mais benef\u00edcios para a sa\u00fade do seu animal de estima\u00e7\u00e3o. Renafil 1000mg Diferenciais: F\u00e1cil administra\u00e7\u00e3o em c\u00e1psulas gelatinosas para uso domiciliar. Primeiro suplemento vitam\u00ednico de uso cont\u00ednuo para auxiliar na manuten\u00e7\u00e3o renal. Equil\u00edbrio de vitaminas e minerais essenciais para uma vida saud\u00e1vel. Indicado por veterin\u00e1rios para complementar a alimenta\u00e7\u00e3o de forma segura. Mais sobre o Produto: Promove a sa\u00fade renal do seu pet. Contribui para o sistema imunol\u00f3gico e bem-estar geral. Auxilia na manuten\u00e7\u00e3o de uma pelagem saud\u00e1vel e bonita. Pode ser administrado diariamente de forma pr\u00e1tica e segura. Dicas de Uso: Administre o Suplemento Vitam\u00ednico Nutripharme Renafil 1000 conforme a orienta\u00e7\u00e3o do veterin\u00e1rio. Ofere\u00e7a as c\u00e1psulas conforme a quantidade recomendada de acordo com o peso do seu pet. Integre o suplemento \u00e0 rotina alimentar do animal para obter os melhores resultados. Ficha T\u00e9cnica: Marca: Nutripharme Categoria: Vitaminas e Suplementos Conte\u00fado: 30 c\u00e1psulas Indica\u00e7\u00f5es: Complemento alimentar Tipo de Medicamento: Vitaminas e Suplementos P\u00fablico-Alvo: C\u00e3es e Gatos de todas as idades Garanta uma vida mais saud\u00e1vel e equilibrada para o seu fiel companheiro com o Suplemento Vitam\u00ednico Nutripharme Renafil 1000!<\/p>\n","protected":false},"featured_media":3032,"comment_status":"open","ping_status":"closed","template":"","meta":[],"product_brand":[],"product_cat":[299],"product_tag":[],"class_list":{"0":"post-3039","1":"product","2":"type-product","3":"status-publish","4":"has-post-thumbnail","6":"product_cat-suplemento-alimentar","8":"first","9":"instock","10":"shipping-taxable","11":"purchasable","12":"product-type-simple"},"_links":{"self":[{"href":"https:\/\/apresentacaocontentmkt.com.br\/vetpetline\/wp-json\/wp\/v2\/product\/3039","targetHints":{"allow":["GET"]}}],"collection":[{"href":"https:\/\/apresentacaocontentmkt.com.br\/vetpetline\/wp-json\/wp\/v2\/product"}],"about":[{"href":"https:\/\/apresentacaocontentmkt.com.br\/vetpetline\/wp-json\/wp\/v2\/types\/product"}],"replies":[{"embeddable":true,"href":"https:\/\/apresentacaocontentmkt.com.br\/vetpetline\/wp-json\/wp\/v2\/comments?post=3039"}],"wp:featuredmedia":[{"embeddable":true,"href":"https:\/\/apresentacaocontentmkt.com.br\/vetpetline\/wp-json\/wp\/v2\/media\/3032"}],"wp:attachment":[{"href":"https:\/\/apresentacaocontentmkt.com.br\/vetpetline\/wp-json\/wp\/v2\/media?parent=3039"}],"wp:term":[{"taxonomy":"product_brand","embeddable":true,"href":"https:\/\/apresentacaocontentmkt.com.br\/vetpetline\/wp-json\/wp\/v2\/product_brand?post=3039"},{"taxonomy":"product_cat","embeddable":true,"href":"https:\/\/apresentacaocontentmkt.com.br\/vetpetline\/wp-json\/wp\/v2\/product_cat?post=3039"},{"taxonomy":"product_tag","embeddable":true,"href":"https:\/\/apresentacaocontentmkt.com.br\/vetpetline\/wp-json\/wp\/v2\/product_tag?post=3039"}],"curies":[{"name":"wp","href":"https:\/\/api.w.org\/{rel}","templated":true}]}}