{"id":3100,"date":"2025-11-13T16:55:51","date_gmt":"2025-11-13T19:55:51","guid":{"rendered":"https:\/\/apresentacaocontentmkt.com.br\/vetpetline\/produto\/hphar-120-suplemento-para-caes-e-gatos-30-comprimidos-1000mg\/"},"modified":"2025-11-23T19:21:42","modified_gmt":"2025-11-23T22:21:42","slug":"hphar-120-suplemento-para-caes-e-gatos-30-comprimidos-1000mg","status":"publish","type":"product","link":"https:\/\/apresentacaocontentmkt.com.br\/vetpetline\/produto\/hphar-120-suplemento-para-caes-e-gatos-30-comprimidos-1000mg\/","title":{"rendered":"Hphar 120 Suplemento Para C\u00e3es E Gatos 30 Comprimidos 1000mg"},"content":{"rendered":"","protected":false},"excerpt":{"rendered":"<p>Suplemento Alimentar HPHAR 120 Com 30 Comprimidos 1000 mg Para C\u00e3o, C\u00e3es, Cachorros e Gatos<\/p>\n<p>INDICA\u00c7\u00c3O DE USO<br \/>\nSuplemento alimentar para c\u00e3es e gatos, indicado para todas as idades. Cont\u00e9m extrato de Cardo Mariano, Extrato de Alcachofra e Associa\u00e7\u00f5es. Apresenta-se na forma de comprimidos de 1.000mg.<\/p>\n<p>MODO DE USAR<br \/>\nSuplemento de uso oral.<br \/>\nC\u00e3es e Gatos: 01 a 03 comprimidos para cada 10kg de peso corporal uma vez ao dia.<br \/>\nDose m\u00e1xima de 03 comprimidos para cada 10kg de peso corporal ao dia.<\/p>\n<p>COMPOSI\u00c7\u00c3O B\u00c1SICA<br \/>\nAmido de Milho, B.H.T. (Hidr\u00f3xido de Tolueno Butilado), Cloreto de Colina, DL-Metionina, Estearato de Magn\u00e9sio, Extrato de Alcachofra, Extrato de Cardo Mariano, Glicose, Inositol, \u00d3xido de Zinco, Propionato de C\u00e1lcio, Vitamina B12.<\/p>\n<p>MODO DE CONSERVA\u00c7\u00c3O<br \/>\nConservar a embalagem fechada em local seco, fresco e ao abrigo da luz solar e evitar altas temperaturas. Ap\u00f3s aberto consumir em at\u00e9 90 dias.<\/p>\n","protected":false},"featured_media":4418,"comment_status":"open","ping_status":"closed","template":"","meta":[],"product_brand":[],"product_cat":[299],"product_tag":[],"class_list":{"0":"post-3100","1":"product","2":"type-product","3":"status-publish","4":"has-post-thumbnail","6":"product_cat-suplemento-alimentar","8":"first","9":"instock","10":"shipping-taxable","11":"purchasable","12":"product-type-simple"},"_links":{"self":[{"href":"https:\/\/apresentacaocontentmkt.com.br\/vetpetline\/wp-json\/wp\/v2\/product\/3100","targetHints":{"allow":["GET"]}}],"collection":[{"href":"https:\/\/apresentacaocontentmkt.com.br\/vetpetline\/wp-json\/wp\/v2\/product"}],"about":[{"href":"https:\/\/apresentacaocontentmkt.com.br\/vetpetline\/wp-json\/wp\/v2\/types\/product"}],"replies":[{"embeddable":true,"href":"https:\/\/apresentacaocontentmkt.com.br\/vetpetline\/wp-json\/wp\/v2\/comments?post=3100"}],"wp:featuredmedia":[{"embeddable":true,"href":"https:\/\/apresentacaocontentmkt.com.br\/vetpetline\/wp-json\/wp\/v2\/media\/4418"}],"wp:attachment":[{"href":"https:\/\/apresentacaocontentmkt.com.br\/vetpetline\/wp-json\/wp\/v2\/media?parent=3100"}],"wp:term":[{"taxonomy":"product_brand","embeddable":true,"href":"https:\/\/apresentacaocontentmkt.com.br\/vetpetline\/wp-json\/wp\/v2\/product_brand?post=3100"},{"taxonomy":"product_cat","embeddable":true,"href":"https:\/\/apresentacaocontentmkt.com.br\/vetpetline\/wp-json\/wp\/v2\/product_cat?post=3100"},{"taxonomy":"product_tag","embeddable":true,"href":"https:\/\/apresentacaocontentmkt.com.br\/vetpetline\/wp-json\/wp\/v2\/product_tag?post=3100"}],"curies":[{"name":"wp","href":"https:\/\/api.w.org\/{rel}","templated":true}]}}