{"id":3128,"date":"2025-11-13T16:56:53","date_gmt":"2025-11-13T19:56:53","guid":{"rendered":"https:\/\/apresentacaocontentmkt.com.br\/vetpetline\/produto\/suplemento-buddy-nutrition-pele-e-pelagem-caes-cao-cachorros\/"},"modified":"2025-11-23T19:22:41","modified_gmt":"2025-11-23T22:22:41","slug":"suplemento-buddy-nutrition-pele-e-pelagem-caes-cao-cachorros","status":"publish","type":"product","link":"https:\/\/apresentacaocontentmkt.com.br\/vetpetline\/produto\/suplemento-buddy-nutrition-pele-e-pelagem-caes-cao-cachorros\/","title":{"rendered":"Suplemento Buddy Nutrition Pele E Pelagem C\u00e3es C\u00e3o Cachorros"},"content":{"rendered":"","protected":false},"excerpt":{"rendered":"<p>Buddy Nutrition Suplemento Alimentar Pele &amp; Pelagem cacorros C\u00e3o C\u00e3es foi desenvolvido por especialistas em sa\u00fade canina, utilizando ingredientes cuidadosamente selecionados, em uma apresenta\u00e7\u00e3o pr\u00e1tica e deliciosa para o seu c\u00e3ozinho. Afinal, ele merece carinho e cuidado em todas as fases da vida.<\/p>\n<p>&#8211; Sem corantes e aromatizantes artificiais<br \/>\n&#8211; Prote\u00edna de origem su\u00edna<br \/>\n&#8211; Macios e saborosos<\/p>\n<p>&#8211; Fonte de \u00d4mega 3<br \/>\n&#8211; Cont\u00e9m Probi\u00f3ticos<br \/>\n&#8211; Rico em Biotina<br \/>\n&#8211; Com Vitaminas e Minerais essenciais<\/p>\n<p>O que tem dentro?<\/p>\n<p>&#8211; EPA + DHA e \u00d4mega 6<br \/>\nCont\u00e9m \u00e1cidos graxos essenciais, como \u00f4mega-3 e \u00f4mega-6, conhecidos por seu papel na manuten\u00e7\u00e3o de uma nutri\u00e7\u00e3o equilibrada e saud\u00e1vel.<\/p>\n<p>&#8211; Metionina, Astaxantina e Iodo<\/p>\n<p>&#8211; Biotina, Zinco e Cobre<br \/>\nRico em biotina e com minerais essenciais como zinco e cobre, que s\u00e3o conhecidos por apoiar diferentes fun\u00e7\u00f5es nutricionais.<\/p>\n<p>&#8211; Vitamina D3, Sel\u00eanio, C\u00farcuma e Betaglucanas<\/p>\n<p>Para quais c\u00e3es este produto \u00e9 indicado?<\/p>\n<p>O Pele &amp; Pelagem \u00e9 um suplemento nutricional em tabletes macios e mastig\u00e1veis, destinado ao complemento alimentar de c\u00e3es a partir de 3 meses de idade. Recomenda-se seguir a dosagem indicada na sugest\u00e3o de consumo para garantir uma nutri\u00e7\u00e3o equilibrada e saud\u00e1vel.<\/p>\n<p>A suplementa\u00e7\u00e3o di\u00e1ria pode trazer benef\u00edcios funcionais n\u00e3o terap\u00eauticos como:<\/p>\n<p>&#8211; Apoio nutricional di\u00e1rio<br \/>\n&#8211; Promover uma nutri\u00e7\u00e3o equilibrada<br \/>\n&#8211; Suporte nutricional para c\u00e3es ativos<\/p>\n<p>Como devo dar este produto ao meu buddy?<\/p>\n<p>&#8211; At\u00e9 10kg 1 Por dia<br \/>\n&#8211; 10-20kg 2 Por dia<br \/>\n&#8211; 20-30kg 3 Por dia<br \/>\n&#8211; + de 30kg 4 Por dia<\/p>\n<p>*Valor sugerido em tabletes<br \/>\nOferecer 1 tablete por dia junto com a refei\u00e7\u00e3o principal, de acordo com o peso do c\u00e3o ou de acordo com a recomenda\u00e7\u00e3o do M\u00e9dico Veterin\u00e1rio ou Zootecnista. Em caso de recusa, esfarelar o tablete e misturar na alimenta\u00e7\u00e3o habitual do animal.<\/p>\n<p>Ingredientes: Col\u00e1geno Hidrolisado, \u00d3leo de Salm\u00e3o (\u00f4mega 3), Extrato de C\u00farcuma, Biotina, Lactobacillus acidophilus, Enterococcus faecium, Bifidobacterium bifidum, Bifidobacterium lactis, Lacticaseibacillus casei, Bacillus subtilis (probi\u00f3ticos), Biomassa de Microalgas (Schizochytrium sp.), Astaxantina, Semente de Linha\u00e7a, Vitamina A, Vitamina D3, Vitamina E, Vitamina K3, Vitamina B1, Vitamina B2, Vitamina B6, Vitamina B12, Pantotenato de C\u00e1lcio (Vitamina B5), \u00c1cido F\u00f3lico, Niacina, Cloreto de Colina, L-Metionina, Sulfato de Magan\u00eas, Sulfato de Zinco, Sulfato Ferroso Monohidratado, Sulfato de Cobre Pentahidratado, Iodato de C\u00e1lcio, Selenito de S\u00f3dio, Levedura Saccharomyces cerevisiae, Parede Celular de Levedura, Levedura Inativada, Carbonato de C\u00e1lcio, \u00d3leo de Girassol, Di\u00f3xido de Sil\u00edcio, Sorbitol, Fressura de Su\u00ednos, Quirera de Arroz, Farelo de Trigo, Fosfato Bic\u00e1lcico, Cloreto de S\u00f3dio, Glicerina, A\u00e7\u00facar de cana-de-a\u00e7\u00facar, Nitrito de S\u00f3dio, \u00c1cido C\u00edtrico, Tripolifosfato de S\u00f3dio, DL-Alfa-Tocoferol, Propionato de C\u00e1lcio, \u00c1cido Pirolenhoso, Sorbato de Pot\u00e1ssio e Eritorbato de S\u00f3dio.<\/p>\n","protected":false},"featured_media":3121,"comment_status":"open","ping_status":"closed","template":"","meta":[],"product_brand":[],"product_cat":[299],"product_tag":[],"class_list":{"0":"post-3128","1":"product","2":"type-product","3":"status-publish","4":"has-post-thumbnail","6":"product_cat-suplemento-alimentar","8":"first","9":"instock","10":"shipping-taxable","11":"purchasable","12":"product-type-simple"},"_links":{"self":[{"href":"https:\/\/apresentacaocontentmkt.com.br\/vetpetline\/wp-json\/wp\/v2\/product\/3128","targetHints":{"allow":["GET"]}}],"collection":[{"href":"https:\/\/apresentacaocontentmkt.com.br\/vetpetline\/wp-json\/wp\/v2\/product"}],"about":[{"href":"https:\/\/apresentacaocontentmkt.com.br\/vetpetline\/wp-json\/wp\/v2\/types\/product"}],"replies":[{"embeddable":true,"href":"https:\/\/apresentacaocontentmkt.com.br\/vetpetline\/wp-json\/wp\/v2\/comments?post=3128"}],"wp:featuredmedia":[{"embeddable":true,"href":"https:\/\/apresentacaocontentmkt.com.br\/vetpetline\/wp-json\/wp\/v2\/media\/3121"}],"wp:attachment":[{"href":"https:\/\/apresentacaocontentmkt.com.br\/vetpetline\/wp-json\/wp\/v2\/media?parent=3128"}],"wp:term":[{"taxonomy":"product_brand","embeddable":true,"href":"https:\/\/apresentacaocontentmkt.com.br\/vetpetline\/wp-json\/wp\/v2\/product_brand?post=3128"},{"taxonomy":"product_cat","embeddable":true,"href":"https:\/\/apresentacaocontentmkt.com.br\/vetpetline\/wp-json\/wp\/v2\/product_cat?post=3128"},{"taxonomy":"product_tag","embeddable":true,"href":"https:\/\/apresentacaocontentmkt.com.br\/vetpetline\/wp-json\/wp\/v2\/product_tag?post=3128"}],"curies":[{"name":"wp","href":"https:\/\/api.w.org\/{rel}","templated":true}]}}