{"id":3209,"date":"2025-11-13T17:15:40","date_gmt":"2025-11-13T20:15:40","guid":{"rendered":"https:\/\/apresentacaocontentmkt.com.br\/vetpetline\/produto\/endogard-vermifugo-caes-cao-cachorro-de-10-kg-com-6cp-virbac\/"},"modified":"2025-11-23T07:43:29","modified_gmt":"2025-11-23T10:43:29","slug":"endogard-vermifugo-caes-cao-cachorro-de-10-kg-com-6cp-virbac","status":"publish","type":"product","link":"https:\/\/apresentacaocontentmkt.com.br\/vetpetline\/produto\/endogard-vermifugo-caes-cao-cachorro-de-10-kg-com-6cp-virbac\/","title":{"rendered":"Endogard Vermifugo C\u00e3es C\u00e3o Cachorro De 10 Kg Com 6cp Virbac"},"content":{"rendered":"","protected":false},"excerpt":{"rendered":"<p>Endogard Vermifugo Caes 10kg 6 Comprimidos Virbac F\u00f3rmula: Comprimido 10 Kg Febantel&#8230;&#8230;&#8230;&#8230;&#8230;&#8230;&#8230;150,0 mg Pirantel&#8230;&#8230;&#8230;&#8230;&#8230;&#8230;&#8230;144,0 mg Praziquantel&#8230;&#8230;&#8230;&#8230;&#8230;&#8230;50,0 mg Ivermectina&#8230;&#8230;&#8230;&#8230;&#8230;&#8230;.0,06 mg Excipiente&#8230;&#8230;.q.s.p&#8230;&#8230;.900,0 mg Posologia Endogard 10: 1 comprimido para cada 10 kg de peso corporal Possui o sistema CPR, que permite dividir o comprimido exatamente ao meio, garantindo uma dosagem correta, sem nenhum desperd\u00edcio. O tratamento espec\u00edfico para Gi\u00e1rdia se faz administrando uma dose de Endogard a cada 24 horas durante tr\u00eas dias consecutivos. Para todos os outros parasitas administrar dose \u00fanica e repetir ap\u00f3s 15 ou 21 dias dependendo do per\u00edodo pr\u00e9-patente do parasita. Um melhor n\u00edvel de prote\u00e7\u00e3o contra parasitas internos se obt\u00e9m administrando uma dose de Endogard a cada m\u00eas em todos os c\u00e3es presentes no ambiente, desde duas semanas de idade. Siga sempre a orienta\u00e7\u00e3o do M\u00e9dico Veterin\u00e1rio. Propriedades O febantel pertence ao grupo dos pr\u00f3-benzimidazis e atua impedindo a absor\u00e7\u00e3o de glicose, causando inani\u00e7\u00e3o do parasita. Ap\u00f3s absor\u00e7\u00e3o intestinal este composto \u00e9 biotransformado no f\u00edgado em metab\u00f3litos ativos, principalmente em fembendazol. O longo per\u00edodo de meia vida e a lenta metaboliza\u00e7\u00e3o em subst\u00e2ncias inativas permitem maior efic\u00e1cia dos componentes deste grupo. O pirantel \u00e9 um agonista colin\u00e9rgico, pertencente ao grupo das pirimidinas, que atua causando paralisia esp\u00e1stica dos nemat\u00f3deos. Este composto \u00e9 bem absorvido no trato intestinal e sua concentra\u00e7\u00e3o m\u00e1xima ocorre entre 4 e 6 horas ap\u00f3s administra\u00e7\u00e3o. A importante caracter\u00edstica do pamoato de pirantel \u00e9 sua baixa solubilidade em \u00e1gua, o que lhe permite alcan\u00e7ar os tricur\u00eddeos que se localizam na por\u00e7\u00e3o final do intestino grosso. O praziquantel atua sobre o potencial de membrana das c\u00e9lulas musculares, possivelmente alterando o fluxo de \u00edons c\u00e1lcio, o que resulta na vacuoliza\u00e7\u00e3o e desintegra\u00e7\u00e3o do tegumento do helminto. Ap\u00f3s a administra\u00e7\u00e3o oral, 80% do medicamento \u00e9 absorvido pelo trato digestivo em 24 horas, distribuindo-se amplamente e atingindo as diversas localiza\u00e7\u00f5es dos cest\u00f3ides no hospedeiro. A ivermectina possui uma alta afinidade por um canal de glutamato de cloro espec\u00edfico dos nemat\u00f3deos, fato que parece estar relacionado com a paralisia e morte que causa no parasita. Utilizada segundo as doses recomendadas, a ivermectina apresenta ampla margem de seguran\u00e7a para os mam\u00edferos, pois em fun\u00e7\u00e3o de seu alto peso molecular, n\u00e3o atravessa a barreira hematoencef\u00e1lica desses animais. Vantagens Vers\u00e1til: possui tr\u00eas apresenta\u00e7\u00f5es para todos os tipos de c\u00e3es. Eficaz: elimina todos os parasitas internos e previne contra o verme do cora\u00e7\u00e3o. Facilidade de administra\u00e7\u00e3o: palat\u00e1vel. Facilidade de dosifica\u00e7\u00e3o: possui o sistema CPR, que permite dividir o comprimido exatamente ao meio, garantindo uma dosagem correta, sem nenhum desperd\u00edcio. Extremamente seguro: pode ser administrado a filhotes a partir da segunda semana de idade, a cadelas gestantes e a ra\u00e7as sens\u00edveis \u00e0 Ivermectina (Collies, Old English Sheepdog ou Shetland Sheepdogs). Auxilia na preven\u00e7\u00e3o de zoonoses. Contraindica\u00e7\u00f5es O produto n\u00e3o deve ser administrado simultaneamente com compostos piperaz\u00ednicos. Nomes comerciais que cont\u00eam piperazina: Bitinol; Citrato de piperazina; Helmizin; Oxipan Comprimidos; Piperazina Lq.; Piperazina Prado; Piperfraga; Pipergan; Promerme; Vermical; Vermidog; Vermiperan.<\/p>\n","protected":false},"featured_media":3202,"comment_status":"open","ping_status":"closed","template":"","meta":[],"product_brand":[],"product_cat":[303],"product_tag":[],"class_list":{"0":"post-3209","1":"product","2":"type-product","3":"status-publish","4":"has-post-thumbnail","6":"product_cat-vermifugo","8":"first","9":"instock","10":"shipping-taxable","11":"purchasable","12":"product-type-variable"},"_links":{"self":[{"href":"https:\/\/apresentacaocontentmkt.com.br\/vetpetline\/wp-json\/wp\/v2\/product\/3209","targetHints":{"allow":["GET"]}}],"collection":[{"href":"https:\/\/apresentacaocontentmkt.com.br\/vetpetline\/wp-json\/wp\/v2\/product"}],"about":[{"href":"https:\/\/apresentacaocontentmkt.com.br\/vetpetline\/wp-json\/wp\/v2\/types\/product"}],"replies":[{"embeddable":true,"href":"https:\/\/apresentacaocontentmkt.com.br\/vetpetline\/wp-json\/wp\/v2\/comments?post=3209"}],"wp:featuredmedia":[{"embeddable":true,"href":"https:\/\/apresentacaocontentmkt.com.br\/vetpetline\/wp-json\/wp\/v2\/media\/3202"}],"wp:attachment":[{"href":"https:\/\/apresentacaocontentmkt.com.br\/vetpetline\/wp-json\/wp\/v2\/media?parent=3209"}],"wp:term":[{"taxonomy":"product_brand","embeddable":true,"href":"https:\/\/apresentacaocontentmkt.com.br\/vetpetline\/wp-json\/wp\/v2\/product_brand?post=3209"},{"taxonomy":"product_cat","embeddable":true,"href":"https:\/\/apresentacaocontentmkt.com.br\/vetpetline\/wp-json\/wp\/v2\/product_cat?post=3209"},{"taxonomy":"product_tag","embeddable":true,"href":"https:\/\/apresentacaocontentmkt.com.br\/vetpetline\/wp-json\/wp\/v2\/product_tag?post=3209"}],"curies":[{"name":"wp","href":"https:\/\/api.w.org\/{rel}","templated":true}]}}