{"id":3275,"date":"2025-11-13T17:18:46","date_gmt":"2025-11-13T20:18:46","guid":{"rendered":"https:\/\/apresentacaocontentmkt.com.br\/vetpetline\/produto\/endogard-vermifugo-para-caes-30kg-c-6-comp-virbac\/"},"modified":"2025-11-23T08:29:56","modified_gmt":"2025-11-23T11:29:56","slug":"endogard-vermifugo-para-caes-30kg-c-6-comp-virbac","status":"publish","type":"product","link":"https:\/\/apresentacaocontentmkt.com.br\/vetpetline\/produto\/endogard-vermifugo-para-caes-30kg-c-6-comp-virbac\/","title":{"rendered":"Endogard Verm\u00edfugo Para C\u00e3es 30kg C\/ 6 Comp &#8211; Virbac"},"content":{"rendered":"","protected":false},"excerpt":{"rendered":"<p>O Verm\u00edfugo Virbac Endogard para c\u00e3es de 15Kg a 30Kg \u00e9 indicado para o controle e tratamento do parasitismo interno de c\u00e3es causado por nemat\u00f3ides, cest\u00f3ides e protozo\u00e1rios. Possui o sistema CPR, que permite dividir o comprimido exatamente ao meio, garantindo uma dosagem correta, sem nenhum desperd\u00edcio.<\/p>\n<p>O tratamento espec\u00edfico para Gi\u00e1rdia se faz administrando uma dose de Endogard a cada 24 horas durante tr\u00eas dias consecutivos. Para todos os outros parasitas, administrar dose \u00fanica e repetir ap\u00f3s 15 ou 21 dias, dependendo do per\u00edodo pr\u00e9-patente do parasita.<\/p>\n<p>O praziquantel atua sobre o potencial de membrana das c\u00e9lulas musculares, possivelmente alterando o fluxo de \u00edons c\u00e1lcio, o que resulta na vacuoliza\u00e7\u00e3o e desintegra\u00e7\u00e3o do tegumento do helminto. Ap\u00f3s a administra\u00e7\u00e3o oral, 80% do produto \u00e9 absorvido pelo trato digestivo em 24 horas, distribuindo-se amplamente e atingindo as diversas localiza\u00e7\u00f5es dos cest\u00f3ides no hospedeiro.<\/p>\n<p>INDICA\u00c7\u00c3O:<\/p>\n<p>Endogard 15KG: 1\/2 comprimido para cada 15 kg de peso corporal<\/p>\n<p>Endogard 30KG: 1 comprimido para cada 30 Kg de peso corporal<\/p>\n<p>COMPOSI\u00c7\u00c3O:<\/p>\n<p>&#8211; Consulte o fabricante.<\/p>\n<p>INFORMA\u00c7\u00d5ES:<\/p>\n<p>&#8211; Indica\u00e7\u00e3o: Somente Cachorros<\/p>\n<p>&#8211; Idade: Filhotes, Adultos, Idosos<\/p>\n<p>&#8211; Ra\u00e7as: Pequenas, M\u00e9dias e Grandes<\/p>\n<p>Itens que acompanham:<\/p>\n<p>&#8211; 06 Comprimidos Endogard 30kg (01 Caixa).<\/p>\n<p>&#8211; Leia a bula ou informa\u00e7\u00f5es descritas na embalagem.<\/p>\n<p>REGISTRO (Minist\u00e9rio da Agricultura, Pecu\u00e1ria e Abastecimento):<\/p>\n<p>Licenciado Sob N: 9.250 em 19\/12\/2006.<\/p>\n","protected":false},"featured_media":4215,"comment_status":"open","ping_status":"closed","template":"","meta":[],"product_brand":[],"product_cat":[301],"product_tag":[],"class_list":{"0":"post-3275","1":"product","2":"type-product","3":"status-publish","4":"has-post-thumbnail","6":"product_cat-higiene-e-limpeza","8":"first","9":"instock","10":"shipping-taxable","11":"purchasable","12":"product-type-simple"},"_links":{"self":[{"href":"https:\/\/apresentacaocontentmkt.com.br\/vetpetline\/wp-json\/wp\/v2\/product\/3275","targetHints":{"allow":["GET"]}}],"collection":[{"href":"https:\/\/apresentacaocontentmkt.com.br\/vetpetline\/wp-json\/wp\/v2\/product"}],"about":[{"href":"https:\/\/apresentacaocontentmkt.com.br\/vetpetline\/wp-json\/wp\/v2\/types\/product"}],"replies":[{"embeddable":true,"href":"https:\/\/apresentacaocontentmkt.com.br\/vetpetline\/wp-json\/wp\/v2\/comments?post=3275"}],"wp:featuredmedia":[{"embeddable":true,"href":"https:\/\/apresentacaocontentmkt.com.br\/vetpetline\/wp-json\/wp\/v2\/media\/4215"}],"wp:attachment":[{"href":"https:\/\/apresentacaocontentmkt.com.br\/vetpetline\/wp-json\/wp\/v2\/media?parent=3275"}],"wp:term":[{"taxonomy":"product_brand","embeddable":true,"href":"https:\/\/apresentacaocontentmkt.com.br\/vetpetline\/wp-json\/wp\/v2\/product_brand?post=3275"},{"taxonomy":"product_cat","embeddable":true,"href":"https:\/\/apresentacaocontentmkt.com.br\/vetpetline\/wp-json\/wp\/v2\/product_cat?post=3275"},{"taxonomy":"product_tag","embeddable":true,"href":"https:\/\/apresentacaocontentmkt.com.br\/vetpetline\/wp-json\/wp\/v2\/product_tag?post=3275"}],"curies":[{"name":"wp","href":"https:\/\/api.w.org\/{rel}","templated":true}]}}