{"id":3362,"date":"2025-11-13T17:40:20","date_gmt":"2025-11-13T20:40:20","guid":{"rendered":"https:\/\/apresentacaocontentmkt.com.br\/vetpetline\/produto\/coleira-scalibor-g-65cm-contra-carrapatos-leishmaniose-caes\/"},"modified":"2025-11-23T07:15:40","modified_gmt":"2025-11-23T10:15:40","slug":"coleira-scalibor-g-65cm-contra-carrapatos-leishmaniose-caes","status":"publish","type":"product","link":"https:\/\/apresentacaocontentmkt.com.br\/vetpetline\/produto\/coleira-scalibor-g-65cm-contra-carrapatos-leishmaniose-caes\/","title":{"rendered":"Coleira Scalibor G 65cm Contra Carrapatos Leishmaniose C\u00e3es"},"content":{"rendered":"","protected":false},"excerpt":{"rendered":"<p>Coleira 25g 65cm Antipulgas Scalibor C\u00e3es grande porta<\/p>\n<p>Um grande inc\u00f4modo na vida de nossos pets, especialmente cachorros, \u00e9 quando eles sofrem com pulgas ou outros parasitas que, al\u00e9m de trazer inc\u00f4modo e dores, tamb\u00e9m fazem com que eles fiquem mais quietinhos e tristes. Pensando nisso, a coleira antipulgas Scalibor pode ser uma op\u00e7\u00e3o menos invasiva e mais pr\u00e1tica para seu pet.<\/p>\n<p>O acess\u00f3rio pesa apenas 25g e foi desenvolvido para proporcionar um tratamento eficiente e r\u00e1pido, aliviando a dor do animal e permitindo que ele fique confort\u00e1vel. Tudo isso, protegendo o cachorro e sem trazer odores desagrad\u00e1veis para o animal e para sua casa.<\/p>\n<p>Como funciona a coleira antiparasit\u00e1ria Scalibor?<\/p>\n<p>A coleira antipulgas Scalibor funciona a partir do seu princ\u00edpio ativo, a Deltametrina. Ap\u00f3s a aplica\u00e7\u00e3o da coleira, a subst\u00e2ncia ser\u00e1 liberada para o corpo todo do animal, de forma uniforme.<\/p>\n<p>Ap\u00f3s colocar a coleira no animal, em cerca de 2 a 3 semanas o princ\u00edpio ativo estar\u00e1 em sua efici\u00eancia m\u00e1xima e os melhores resultados poder\u00e3o ser encontrados. E, assim, os parasitas come\u00e7ar\u00e3o a ser eliminados da pele do seu pet.<\/p>\n<p>Como usar a coleira?<\/p>\n<p>Para usar da forma correta a coleira contra leishmaniose, \u00e9 importante ficar atento para algumas recomenda\u00e7\u00f5es. Voc\u00ea deve deixar um espa\u00e7o de cerca de 2 dedos entre o pesco\u00e7o e a coleira, evitando que o pet se machuque e a coleira mantenha sua efici\u00eancia.<\/p>\n<p>Outra dica \u00e9 regular o tamanho da coleira enquanto voc\u00ea a coloca no animal, sempre evitando que ela fique muito apertada. Caso sobre a coleira, voc\u00ea pode cortar a ponta, em mais ou menos 5 cent\u00edmetros ap\u00f3s a fivela.<\/p>\n<p>Durante o uso da coleira, eventualmente \u00e9 poss\u00edvel que o cachorro tenha alguma rea\u00e7\u00e3o al\u00e9rgica. Caso isso aconte\u00e7a, \u00e9 necess\u00e1rio retirar a coleira at\u00e9 que os sinais de alergia desapare\u00e7am. Lembre-se de que, em caso de qualquer d\u00favida, voc\u00ea deve procurar um veterin\u00e1rio.<\/p>\n<p>Cuidados e aten\u00e7\u00e3o durante o uso<\/p>\n<p>A coleira para leishmaniose n\u00e3o \u00e9 recomendada para cachorros menores de 3 meses. Al\u00e9m disso, ap\u00f3s manusear o produto, \u00e9 importante lavar suas m\u00e3os com \u00e1gua e sab\u00e3o e tamb\u00e9m evitar que o animal a mastigue.<\/p>\n<p>Durante o uso do acess\u00f3rio, n\u00e3o \u00e9 necess\u00e1rio retir\u00e1-lo para dar banho no animal e, se necess\u00e1rio, voc\u00ea pode lavar a coleira com um pano \u00famido, com a frequ\u00eancia de uma vez ao m\u00eas.<\/p>\n<p>Em caso de d\u00favidas consulte a bula para mais informa\u00e7\u00f5es.<\/p>\n<p>PRODUTO A PRONTA ENTREGA.<\/p>\n<p>ENVIO R\u00c1PIDO.<\/p>\n<p>Grato pela visita em nossos an\u00fancios, estamos a disposi\u00e7\u00e3o para mais d\u00favidas.<\/p>\n<p>Clique no bot\u00e3o &#8220;Comprar agora&#8221; para garantir o melhor pre\u00e7o!<\/p>\n","protected":false},"featured_media":3340,"comment_status":"open","ping_status":"closed","template":"","meta":[],"product_brand":[],"product_cat":[302],"product_tag":[],"class_list":{"0":"post-3362","1":"product","2":"type-product","3":"status-publish","4":"has-post-thumbnail","6":"product_cat-coleira-medicinal","8":"first","9":"instock","10":"shipping-taxable","11":"purchasable","12":"product-type-simple"},"_links":{"self":[{"href":"https:\/\/apresentacaocontentmkt.com.br\/vetpetline\/wp-json\/wp\/v2\/product\/3362","targetHints":{"allow":["GET"]}}],"collection":[{"href":"https:\/\/apresentacaocontentmkt.com.br\/vetpetline\/wp-json\/wp\/v2\/product"}],"about":[{"href":"https:\/\/apresentacaocontentmkt.com.br\/vetpetline\/wp-json\/wp\/v2\/types\/product"}],"replies":[{"embeddable":true,"href":"https:\/\/apresentacaocontentmkt.com.br\/vetpetline\/wp-json\/wp\/v2\/comments?post=3362"}],"wp:featuredmedia":[{"embeddable":true,"href":"https:\/\/apresentacaocontentmkt.com.br\/vetpetline\/wp-json\/wp\/v2\/media\/3340"}],"wp:attachment":[{"href":"https:\/\/apresentacaocontentmkt.com.br\/vetpetline\/wp-json\/wp\/v2\/media?parent=3362"}],"wp:term":[{"taxonomy":"product_brand","embeddable":true,"href":"https:\/\/apresentacaocontentmkt.com.br\/vetpetline\/wp-json\/wp\/v2\/product_brand?post=3362"},{"taxonomy":"product_cat","embeddable":true,"href":"https:\/\/apresentacaocontentmkt.com.br\/vetpetline\/wp-json\/wp\/v2\/product_cat?post=3362"},{"taxonomy":"product_tag","embeddable":true,"href":"https:\/\/apresentacaocontentmkt.com.br\/vetpetline\/wp-json\/wp\/v2\/product_tag?post=3362"}],"curies":[{"name":"wp","href":"https:\/\/api.w.org\/{rel}","templated":true}]}}