{"id":3603,"date":"2025-11-19T13:45:33","date_gmt":"2025-11-19T16:45:33","guid":{"rendered":"https:\/\/apresentacaocontentmkt.com.br\/vetpetline\/produto\/ograx-artro-10-suplemento-colageno-para-caes-gatos-avert-30-capsulas\/"},"modified":"2025-11-19T14:16:22","modified_gmt":"2025-11-19T17:16:22","slug":"ograx-artro-10-suplemento-colageno-para-caes-gatos-avert-30-capsulas","status":"publish","type":"product","link":"https:\/\/apresentacaocontentmkt.com.br\/vetpetline\/produto\/ograx-artro-10-suplemento-colageno-para-caes-gatos-avert-30-capsulas\/","title":{"rendered":"Ograx Artro 10 &#8211; Suplemento Col\u00e1geno Para C\u00e3es\/gatos Avert 30 C\u00e1psulas"},"content":{"rendered":"","protected":false},"excerpt":{"rendered":"<p>Seu animal de estima\u00e7\u00e3o sempre saud\u00e1vel Eles fazem parte da fam\u00edlia e nos d\u00e3o sua companhia e seu amor. Para que eles se mantenham saud\u00e1veis e fortes, uma dieta balanceada \u00e9 essencial. D\u00ea ao seu c\u00e3o os nutrientes que ele precisa para se manter saud\u00e1vel e poder correr, pular e brincar o dia todo.<\/p>\n","protected":false},"featured_media":3587,"comment_status":"open","ping_status":"closed","template":"","meta":[],"product_brand":[],"product_cat":[299],"product_tag":[],"class_list":{"0":"post-3603","1":"product","2":"type-product","3":"status-publish","4":"has-post-thumbnail","6":"product_cat-suplemento-alimentar","8":"first","9":"instock","10":"shipping-taxable","11":"purchasable","12":"product-type-simple"},"_links":{"self":[{"href":"https:\/\/apresentacaocontentmkt.com.br\/vetpetline\/wp-json\/wp\/v2\/product\/3603","targetHints":{"allow":["GET"]}}],"collection":[{"href":"https:\/\/apresentacaocontentmkt.com.br\/vetpetline\/wp-json\/wp\/v2\/product"}],"about":[{"href":"https:\/\/apresentacaocontentmkt.com.br\/vetpetline\/wp-json\/wp\/v2\/types\/product"}],"replies":[{"embeddable":true,"href":"https:\/\/apresentacaocontentmkt.com.br\/vetpetline\/wp-json\/wp\/v2\/comments?post=3603"}],"wp:featuredmedia":[{"embeddable":true,"href":"https:\/\/apresentacaocontentmkt.com.br\/vetpetline\/wp-json\/wp\/v2\/media\/3587"}],"wp:attachment":[{"href":"https:\/\/apresentacaocontentmkt.com.br\/vetpetline\/wp-json\/wp\/v2\/media?parent=3603"}],"wp:term":[{"taxonomy":"product_brand","embeddable":true,"href":"https:\/\/apresentacaocontentmkt.com.br\/vetpetline\/wp-json\/wp\/v2\/product_brand?post=3603"},{"taxonomy":"product_cat","embeddable":true,"href":"https:\/\/apresentacaocontentmkt.com.br\/vetpetline\/wp-json\/wp\/v2\/product_cat?post=3603"},{"taxonomy":"product_tag","embeddable":true,"href":"https:\/\/apresentacaocontentmkt.com.br\/vetpetline\/wp-json\/wp\/v2\/product_tag?post=3603"}],"curies":[{"name":"wp","href":"https:\/\/api.w.org\/{rel}","templated":true}]}}