{"id":3651,"date":"2025-11-19T14:11:34","date_gmt":"2025-11-19T17:11:34","guid":{"rendered":"https:\/\/apresentacaocontentmkt.com.br\/vetpetline\/produto\/ograx-gatos-com-30-capsulas-omega-3-acidos-graxos-essenciais\/"},"modified":"2025-11-19T14:17:01","modified_gmt":"2025-11-19T17:17:01","slug":"ograx-gatos-com-30-capsulas-omega-3-acidos-graxos-essenciais","status":"publish","type":"product","link":"https:\/\/apresentacaocontentmkt.com.br\/vetpetline\/produto\/ograx-gatos-com-30-capsulas-omega-3-acidos-graxos-essenciais\/","title":{"rendered":"Ograx Gatos Com 30 Capsulas \u00d4mega 3 \u00c1cidos Graxos Essenciais"},"content":{"rendered":"","protected":false},"excerpt":{"rendered":"<p>Seu animal de estima\u00e7\u00e3o sempre saud\u00e1vel<br \/>\nA dieta do seu gato se reflete em seu pelo, por isso \u00e9 de vital import\u00e2ncia ingerir todos os nutrientes necess\u00e1rios para seu crescimento. Garanta sa\u00fade, energia e vitalidade para que ele possa correr, pular e brincar o dia todo.<\/p>\n","protected":false},"featured_media":3636,"comment_status":"open","ping_status":"closed","template":"","meta":[],"product_brand":[],"product_cat":[299],"product_tag":[],"class_list":{"0":"post-3651","1":"product","2":"type-product","3":"status-publish","4":"has-post-thumbnail","6":"product_cat-suplemento-alimentar","8":"first","9":"instock","10":"shipping-taxable","11":"purchasable","12":"product-type-simple"},"_links":{"self":[{"href":"https:\/\/apresentacaocontentmkt.com.br\/vetpetline\/wp-json\/wp\/v2\/product\/3651","targetHints":{"allow":["GET"]}}],"collection":[{"href":"https:\/\/apresentacaocontentmkt.com.br\/vetpetline\/wp-json\/wp\/v2\/product"}],"about":[{"href":"https:\/\/apresentacaocontentmkt.com.br\/vetpetline\/wp-json\/wp\/v2\/types\/product"}],"replies":[{"embeddable":true,"href":"https:\/\/apresentacaocontentmkt.com.br\/vetpetline\/wp-json\/wp\/v2\/comments?post=3651"}],"wp:featuredmedia":[{"embeddable":true,"href":"https:\/\/apresentacaocontentmkt.com.br\/vetpetline\/wp-json\/wp\/v2\/media\/3636"}],"wp:attachment":[{"href":"https:\/\/apresentacaocontentmkt.com.br\/vetpetline\/wp-json\/wp\/v2\/media?parent=3651"}],"wp:term":[{"taxonomy":"product_brand","embeddable":true,"href":"https:\/\/apresentacaocontentmkt.com.br\/vetpetline\/wp-json\/wp\/v2\/product_brand?post=3651"},{"taxonomy":"product_cat","embeddable":true,"href":"https:\/\/apresentacaocontentmkt.com.br\/vetpetline\/wp-json\/wp\/v2\/product_cat?post=3651"},{"taxonomy":"product_tag","embeddable":true,"href":"https:\/\/apresentacaocontentmkt.com.br\/vetpetline\/wp-json\/wp\/v2\/product_tag?post=3651"}],"curies":[{"name":"wp","href":"https:\/\/api.w.org\/{rel}","templated":true}]}}