{"id":3755,"date":"2025-11-19T15:02:48","date_gmt":"2025-11-19T18:02:48","guid":{"rendered":"https:\/\/apresentacaocontentmkt.com.br\/vetpetline\/produto\/artrotabs-sticks-para-caes-colagene-tipo-ii-avert\/"},"modified":"2025-11-19T15:09:28","modified_gmt":"2025-11-19T18:09:28","slug":"artrotabs-sticks-para-caes-colagene-tipo-ii-avert","status":"publish","type":"product","link":"https:\/\/apresentacaocontentmkt.com.br\/vetpetline\/produto\/artrotabs-sticks-para-caes-colagene-tipo-ii-avert\/","title":{"rendered":"Artrotabs Sticks Para C\u00e3es Col\u00e1gene Tipo Ii Avert"},"content":{"rendered":"","protected":false},"excerpt":{"rendered":"<p>Seu animal de estima\u00e7\u00e3o sempre saud\u00e1vel<br \/>\nEles fazem parte da fam\u00edlia e nos d\u00e3o sua companhia e seu amor. Para que eles se mantenham saud\u00e1veis e fortes, uma dieta balanceada \u00e9 essencial. D\u00ea ao seu c\u00e3o os nutrientes que ele precisa para se manter saud\u00e1vel e poder correr, pular e brincar o dia todo.<\/p>\n","protected":false},"featured_media":3742,"comment_status":"open","ping_status":"closed","template":"","meta":[],"product_brand":[],"product_cat":[299],"product_tag":[],"class_list":{"0":"post-3755","1":"product","2":"type-product","3":"status-publish","4":"has-post-thumbnail","6":"product_cat-suplemento-alimentar","8":"first","9":"instock","10":"shipping-taxable","11":"purchasable","12":"product-type-simple"},"_links":{"self":[{"href":"https:\/\/apresentacaocontentmkt.com.br\/vetpetline\/wp-json\/wp\/v2\/product\/3755","targetHints":{"allow":["GET"]}}],"collection":[{"href":"https:\/\/apresentacaocontentmkt.com.br\/vetpetline\/wp-json\/wp\/v2\/product"}],"about":[{"href":"https:\/\/apresentacaocontentmkt.com.br\/vetpetline\/wp-json\/wp\/v2\/types\/product"}],"replies":[{"embeddable":true,"href":"https:\/\/apresentacaocontentmkt.com.br\/vetpetline\/wp-json\/wp\/v2\/comments?post=3755"}],"wp:featuredmedia":[{"embeddable":true,"href":"https:\/\/apresentacaocontentmkt.com.br\/vetpetline\/wp-json\/wp\/v2\/media\/3742"}],"wp:attachment":[{"href":"https:\/\/apresentacaocontentmkt.com.br\/vetpetline\/wp-json\/wp\/v2\/media?parent=3755"}],"wp:term":[{"taxonomy":"product_brand","embeddable":true,"href":"https:\/\/apresentacaocontentmkt.com.br\/vetpetline\/wp-json\/wp\/v2\/product_brand?post=3755"},{"taxonomy":"product_cat","embeddable":true,"href":"https:\/\/apresentacaocontentmkt.com.br\/vetpetline\/wp-json\/wp\/v2\/product_cat?post=3755"},{"taxonomy":"product_tag","embeddable":true,"href":"https:\/\/apresentacaocontentmkt.com.br\/vetpetline\/wp-json\/wp\/v2\/product_tag?post=3755"}],"curies":[{"name":"wp","href":"https:\/\/api.w.org\/{rel}","templated":true}]}}