{"id":3810,"date":"2025-11-19T15:38:48","date_gmt":"2025-11-19T18:38:48","guid":{"rendered":"https:\/\/apresentacaocontentmkt.com.br\/vetpetline\/produto\/antipulgas-bravecto-transdermal-para-caes-2-45kg-112-5mg\/"},"modified":"2025-11-19T15:38:48","modified_gmt":"2025-11-19T18:38:48","slug":"antipulgas-bravecto-transdermal-para-caes-2-45kg-112-5mg","status":"publish","type":"product","link":"https:\/\/apresentacaocontentmkt.com.br\/vetpetline\/produto\/antipulgas-bravecto-transdermal-para-caes-2-45kg-112-5mg\/","title":{"rendered":"Antipulgas Bravecto Transdermal Para C\u00e3es 2 &#8211; 4,5kg 112.5mg"},"content":{"rendered":"","protected":false},"excerpt":{"rendered":"<p>Bravecto Transdermal C\u00e3es 2Kg A 4.5Kg Lacrado e Original <\/p>\n<p>Bravecto Transdermal Gatos \u00e9 indicado para o tratamento de infesta\u00e7\u00f5es por pulgas, em gatos, proporcionando 12 semanas de prote\u00e7\u00e3o. Esse produto veterin\u00e1rio \u00e9 um inseticida e acaricida sist\u00eamico com longa dura\u00e7\u00e3o de a\u00e7\u00e3o que promove efic\u00e1cia imediata e persistente por 12 semanas contra pulgas (Ctenocephalides felis). As pulgas devem iniciar a alimenta\u00e7\u00e3o para serem expostas ao princ\u00edpio ativo. Ap\u00f3s exposi\u00e7\u00e3o ao princ\u00edpio ativo, as pulgas s\u00e3o eliminados em at\u00e912 horas O produto controla eficazmente as popula\u00e7\u00f5es de pulgas no ambiente,nas \u00e1reas \u00e0s quais o gato tem acesso. O produto pode ser utilizado como parte de uma estrat\u00e9gia de tratamento para a dermatite al\u00e9rgica \u00e0 picada de pulgas.<\/p>\n<p>Frequ\u00eancia de Utiliza\u00e7\u00e3o:<br \/>\nPara o controle ideal de infesta\u00e7\u00f5es por pulgas, o produto deve ser administrado em intervalos de 12 semanas.<\/p>\n<p>Laborat\u00f3rio: MSD<br \/>\nMarca: MSD Bravecto<br \/>\nLinha: Antipulgas<br \/>\nNome do tratamento: Transdermal<br \/>\nUnidades por pacote: 10<br \/>\nFormato do tratamento: Transdermal<br \/>\nAnimais recomendados: Gatos<br \/>\nModelo: fluralaner<\/p>\n<p>Os produtos s\u00e3o todos embalados da melhor maneira poss\u00edvel para chegar intacto para nosso clientes!<\/p>\n","protected":false},"featured_media":3796,"comment_status":"open","ping_status":"closed","template":"","meta":[],"product_brand":[],"product_cat":[300],"product_tag":[],"class_list":{"0":"post-3810","1":"product","2":"type-product","3":"status-publish","4":"has-post-thumbnail","6":"product_cat-tratamento-antipulgas-e-carrapatos","8":"first","9":"instock","10":"shipping-taxable","11":"purchasable","12":"product-type-simple"},"_links":{"self":[{"href":"https:\/\/apresentacaocontentmkt.com.br\/vetpetline\/wp-json\/wp\/v2\/product\/3810","targetHints":{"allow":["GET"]}}],"collection":[{"href":"https:\/\/apresentacaocontentmkt.com.br\/vetpetline\/wp-json\/wp\/v2\/product"}],"about":[{"href":"https:\/\/apresentacaocontentmkt.com.br\/vetpetline\/wp-json\/wp\/v2\/types\/product"}],"replies":[{"embeddable":true,"href":"https:\/\/apresentacaocontentmkt.com.br\/vetpetline\/wp-json\/wp\/v2\/comments?post=3810"}],"wp:featuredmedia":[{"embeddable":true,"href":"https:\/\/apresentacaocontentmkt.com.br\/vetpetline\/wp-json\/wp\/v2\/media\/3796"}],"wp:attachment":[{"href":"https:\/\/apresentacaocontentmkt.com.br\/vetpetline\/wp-json\/wp\/v2\/media?parent=3810"}],"wp:term":[{"taxonomy":"product_brand","embeddable":true,"href":"https:\/\/apresentacaocontentmkt.com.br\/vetpetline\/wp-json\/wp\/v2\/product_brand?post=3810"},{"taxonomy":"product_cat","embeddable":true,"href":"https:\/\/apresentacaocontentmkt.com.br\/vetpetline\/wp-json\/wp\/v2\/product_cat?post=3810"},{"taxonomy":"product_tag","embeddable":true,"href":"https:\/\/apresentacaocontentmkt.com.br\/vetpetline\/wp-json\/wp\/v2\/product_tag?post=3810"}],"curies":[{"name":"wp","href":"https:\/\/api.w.org\/{rel}","templated":true}]}}