{"id":3844,"date":"2025-11-19T15:39:48","date_gmt":"2025-11-19T18:39:48","guid":{"rendered":"https:\/\/apresentacaocontentmkt.com.br\/vetpetline\/produto\/antipulgas-para-cachorro-bravecto-transdermal-msd-45-a-10kg\/"},"modified":"2025-11-19T15:39:48","modified_gmt":"2025-11-19T18:39:48","slug":"antipulgas-para-cachorro-bravecto-transdermal-msd-45-a-10kg","status":"publish","type":"product","link":"https:\/\/apresentacaocontentmkt.com.br\/vetpetline\/produto\/antipulgas-para-cachorro-bravecto-transdermal-msd-45-a-10kg\/","title":{"rendered":"Antipulgas Para Cachorro Bravecto Transdermal Msd 4,5 A 10kg"},"content":{"rendered":"","protected":false},"excerpt":{"rendered":"<p>Antipulgas Para Cachorro Bravecto Transdermal Msd 4,5 A 10Kg<\/p>\n<p>Voc\u00ea sabia que a maior parte das pulgas e carrapatos do seu cachorro est\u00e3o distribu\u00eddas pela casa? Ao ser infectado por esses ectoparasitas, o pet passa a dissemin\u00e1-los por onde passa &#8211; situa\u00e7\u00e3o que acarreta ovos e a prolifera\u00e7\u00e3o desses hospedeiros. O Bravecto Transdermal Antipulgas e Carrapatos para C\u00e3es MSD &#8211; 4,5 a 10kg \u00e9 uma solu\u00e7\u00e3o t\u00f3pica que, al\u00e9m de eliminar pulgas e carrapatos em 12h de a\u00e7\u00e3o, combate os invasores no corpo do animal e na casa, com efic\u00e1cia comprovada por 12 semanas. N\u00e3o \u00e9 agressivo \u00e0 sa\u00fade do cachorro, podendo ser utilizado em cadelas lactantes ou gestantes.<\/p>\n<p>Benef\u00edcios do Bravecto Transdermal Antipulgas e Carrapatos para C\u00e3es MSD &#8211; 4,5 a 10kg:<\/p>\n<p>&#8211; Indicado para c\u00e3es com idade acima de 8 semanas, peso entre 4,5 e 10kg;<br \/>\n&#8211; Uso t\u00f3pico. Ampola de f\u00e1cil aplica\u00e7\u00e3o;<br \/>\n&#8211; Combate pulgas em 8h e carrapatos em 12h;<br \/>\n&#8211; Protege o cachorro e a casa por at\u00e9 12 semanas;<br \/>\n&#8211; N\u00e3o sai no banho.<\/p>\n<p>Caracter\u00edsticas do Bravecto Transdermal Antipulgas e Carrapatos para C\u00e3es MSD &#8211; 4,5 a 10kg:<br \/>\nMarca: MSD &#8211; Sa\u00fade Animal.<br \/>\nIndicado: C\u00e3es com idade acima de 2 meses; machos e f\u00eameas, gestantes e lactantes; todas as ra\u00e7as; porte m\u00e9dio.<br \/>\nTipo: Antiparasit\u00e1rio para c\u00e3es.<br \/>\nComposi\u00e7\u00e3o: Fluralaner<br \/>\nApresenta\u00e7\u00e3o: 1 Pipeta de 0,4ml<\/p>\n<p>Modo de uso: Aplicar o conte\u00fado da ampola na regi\u00e3o da nuca, para evitar que o animal lamba o rem\u00e9dio. Tomar cuidado com regi\u00f5es sens\u00edveis e cavidades, como olhos ou feridas no corpo. Evitar deixar o c\u00e3o submerso \u00e0 \u00e1gua.<\/p>\n<p>Fabricante: Bravecto \u00e9 uma linha anti pulgas e carrapatos, fabricada pela MSD &#8211; Sa\u00fade Animal. Proporciona bem-estar \u00e0 vida dos pets e seu lar, sendo o \u00fanico do mercado com a\u00e7\u00e3o prolongada a 12 semanas. Assim, garante maior proximidade entre os bichos e humanos, tornando a vida mais feliz. Para encontrar Bravecto ideal para seu cachorro, navegue pelo cat\u00e1logo Royal Pets e adquira o seu.<\/p>\n","protected":false},"featured_media":3830,"comment_status":"open","ping_status":"closed","template":"","meta":[],"product_brand":[],"product_cat":[300],"product_tag":[],"class_list":{"0":"post-3844","1":"product","2":"type-product","3":"status-publish","4":"has-post-thumbnail","6":"product_cat-tratamento-antipulgas-e-carrapatos","8":"first","9":"instock","10":"shipping-taxable","11":"purchasable","12":"product-type-simple"},"_links":{"self":[{"href":"https:\/\/apresentacaocontentmkt.com.br\/vetpetline\/wp-json\/wp\/v2\/product\/3844","targetHints":{"allow":["GET"]}}],"collection":[{"href":"https:\/\/apresentacaocontentmkt.com.br\/vetpetline\/wp-json\/wp\/v2\/product"}],"about":[{"href":"https:\/\/apresentacaocontentmkt.com.br\/vetpetline\/wp-json\/wp\/v2\/types\/product"}],"replies":[{"embeddable":true,"href":"https:\/\/apresentacaocontentmkt.com.br\/vetpetline\/wp-json\/wp\/v2\/comments?post=3844"}],"wp:featuredmedia":[{"embeddable":true,"href":"https:\/\/apresentacaocontentmkt.com.br\/vetpetline\/wp-json\/wp\/v2\/media\/3830"}],"wp:attachment":[{"href":"https:\/\/apresentacaocontentmkt.com.br\/vetpetline\/wp-json\/wp\/v2\/media?parent=3844"}],"wp:term":[{"taxonomy":"product_brand","embeddable":true,"href":"https:\/\/apresentacaocontentmkt.com.br\/vetpetline\/wp-json\/wp\/v2\/product_brand?post=3844"},{"taxonomy":"product_cat","embeddable":true,"href":"https:\/\/apresentacaocontentmkt.com.br\/vetpetline\/wp-json\/wp\/v2\/product_cat?post=3844"},{"taxonomy":"product_tag","embeddable":true,"href":"https:\/\/apresentacaocontentmkt.com.br\/vetpetline\/wp-json\/wp\/v2\/product_tag?post=3844"}],"curies":[{"name":"wp","href":"https:\/\/api.w.org\/{rel}","templated":true}]}}