{"id":3860,"date":"2025-11-19T15:40:11","date_gmt":"2025-11-19T18:40:11","guid":{"rendered":"https:\/\/apresentacaocontentmkt.com.br\/vetpetline\/produto\/bravecto-antipulgas-e-carrapato-de-10-a-20kg-500mg-cao-caes\/"},"modified":"2025-11-19T15:40:11","modified_gmt":"2025-11-19T18:40:11","slug":"bravecto-antipulgas-e-carrapato-de-10-a-20kg-500mg-cao-caes","status":"publish","type":"product","link":"https:\/\/apresentacaocontentmkt.com.br\/vetpetline\/produto\/bravecto-antipulgas-e-carrapato-de-10-a-20kg-500mg-cao-caes\/","title":{"rendered":"Bravecto Antipulgas E Carrapato De 10 \u00c1 20kg 500mg C\u00e3o C\u00e3es"},"content":{"rendered":"","protected":false},"excerpt":{"rendered":"<p>&gt;PRODUTO ORIGINAL!!!<\/p>\n<p>-&gt;NOTA FISCAL!!!<\/p>\n<p>*** Coment\u00e1rio do Vendedor: Eu utilizo esse produto em todos os meus pets! ***<\/p>\n<p>Bravecto para C\u00e3es de 10 a 20kg &#8211; 500mg<\/p>\n<p>A\u00c7\u00c3O R\u00c1PIDA!!!<br \/>\nNas primeiras 8h j\u00e1 combate as pulgas.<br \/>\nNas primeiras 12h j\u00e1 combate os carrapatos.<\/p>\n<p>BRAVECTO possui um ingrediente ativo inovador sendo assim o melhor produto do segmento.<\/p>\n<p>CONT\u00c9M 1 COMPRIMIDO<br \/>\nBRAVECTO \u00e9 indicado para o tratamento de infesta\u00e7\u00f5es por carrapatos e pulgas, em c\u00e3es, proporcionando 12 semanas de prote\u00e7\u00e3o. Esse produto veterin\u00e1rio \u00e9 um inseticida e acaricida, sist\u00eamico com longa dura\u00e7\u00e3o de a\u00e7\u00e3o, que promove efic\u00e1cia imediata contra carrapatos e pulgas.<\/p>\n<p>TEMPO DE A\u00c7\u00c3O<br \/>\n1 comprimido = 12 semanas de prote\u00e7\u00e3o (3 MESES)<\/p>\n<p>MODO DE USAR<br \/>\nBRAVECTO comprimidos mastig\u00e1veis deve ser administrado, pela via oral, de acordo com o peso do animal. Para o controle ideal de infesta\u00e7\u00f5es por pulgas e carrapatos, o produto deve ser administrado em intervalos de 12 semanas ou 4 vezes num intervalo de 1 ano.<\/p>\n<p>SEGURAN\u00c7A<br \/>\nO produto pode ser utilizado em reprodutores, f\u00eameas gestantes ou lactantes.<\/p>\n<p>COMO OFERECER AO PET?<br \/>\nO comprimido \u00e9 em forma de petisco mastig\u00e1vel com sabor, \u00e9 s\u00f3 oferecer a ele&#8230;<\/p>\n","protected":false},"featured_media":3845,"comment_status":"open","ping_status":"closed","template":"","meta":[],"product_brand":[],"product_cat":[300],"product_tag":[],"class_list":{"0":"post-3860","1":"product","2":"type-product","3":"status-publish","4":"has-post-thumbnail","6":"product_cat-tratamento-antipulgas-e-carrapatos","8":"first","9":"instock","10":"shipping-taxable","11":"purchasable","12":"product-type-simple"},"_links":{"self":[{"href":"https:\/\/apresentacaocontentmkt.com.br\/vetpetline\/wp-json\/wp\/v2\/product\/3860","targetHints":{"allow":["GET"]}}],"collection":[{"href":"https:\/\/apresentacaocontentmkt.com.br\/vetpetline\/wp-json\/wp\/v2\/product"}],"about":[{"href":"https:\/\/apresentacaocontentmkt.com.br\/vetpetline\/wp-json\/wp\/v2\/types\/product"}],"replies":[{"embeddable":true,"href":"https:\/\/apresentacaocontentmkt.com.br\/vetpetline\/wp-json\/wp\/v2\/comments?post=3860"}],"wp:featuredmedia":[{"embeddable":true,"href":"https:\/\/apresentacaocontentmkt.com.br\/vetpetline\/wp-json\/wp\/v2\/media\/3845"}],"wp:attachment":[{"href":"https:\/\/apresentacaocontentmkt.com.br\/vetpetline\/wp-json\/wp\/v2\/media?parent=3860"}],"wp:term":[{"taxonomy":"product_brand","embeddable":true,"href":"https:\/\/apresentacaocontentmkt.com.br\/vetpetline\/wp-json\/wp\/v2\/product_brand?post=3860"},{"taxonomy":"product_cat","embeddable":true,"href":"https:\/\/apresentacaocontentmkt.com.br\/vetpetline\/wp-json\/wp\/v2\/product_cat?post=3860"},{"taxonomy":"product_tag","embeddable":true,"href":"https:\/\/apresentacaocontentmkt.com.br\/vetpetline\/wp-json\/wp\/v2\/product_tag?post=3860"}],"curies":[{"name":"wp","href":"https:\/\/api.w.org\/{rel}","templated":true}]}}