{"id":3867,"date":"2025-11-19T18:11:08","date_gmt":"2025-11-19T21:11:08","guid":{"rendered":"https:\/\/apresentacaocontentmkt.com.br\/vetpetline\/produto\/simparic-20-mg-51-a-10-kg-1-unidade-zoetis\/"},"modified":"2025-11-19T18:18:00","modified_gmt":"2025-11-19T21:18:00","slug":"simparic-20-mg-51-a-10-kg-1-unidade-zoetis","status":"publish","type":"product","link":"https:\/\/apresentacaocontentmkt.com.br\/vetpetline\/produto\/simparic-20-mg-51-a-10-kg-1-unidade-zoetis\/","title":{"rendered":"Simparic 20 Mg 5,1 A 10 Kg 1 Unidade Zoetis"},"content":{"rendered":"","protected":false},"excerpt":{"rendered":"<p>&#8211; Controle de dermatite al\u00e9rgica por picada de pulga (DAPP) ;<br \/>\n&#8211; Possui a\u00e7\u00e3o r\u00e1pida: fazendo efeito em 3 horas, mantendo-se por at\u00e9 35 dias;<br \/>\n&#8211; Combate tamb\u00e9m tr\u00eas tipos de sarnas: Sarc\u00f3pticas, Demod\u00e9cica e Otod\u00e9cica;<br \/>\n&#8211; Indicada para c\u00e3es a partir de 8 semanas de idade e com acima de 1,3 Kg;<br \/>\n&#8211; Pode ser utilizado em cachorros de portes e ra\u00e7as diferentes;<br \/>\n&#8211; Sim, Simparic extermina carrapatos e pulgas instantaneamente e age al\u00e9m do per\u00edodo de tratamento mensal.<\/p>\n<p>Simparic \u00e9 um comprimido saboroso que combate carrapatos, pulgas e sarnas. \u00c9 eficaz, seguro e possui a\u00e7\u00e3o r\u00e1pida e sustentada por at\u00e9 35 dias.<\/p>\n","protected":false},"featured_media":3861,"comment_status":"open","ping_status":"closed","template":"","meta":[],"product_brand":[],"product_cat":[300],"product_tag":[],"class_list":{"0":"post-3867","1":"product","2":"type-product","3":"status-publish","4":"has-post-thumbnail","6":"product_cat-tratamento-antipulgas-e-carrapatos","8":"first","9":"instock","10":"shipping-taxable","11":"purchasable","12":"product-type-variable"},"_links":{"self":[{"href":"https:\/\/apresentacaocontentmkt.com.br\/vetpetline\/wp-json\/wp\/v2\/product\/3867","targetHints":{"allow":["GET"]}}],"collection":[{"href":"https:\/\/apresentacaocontentmkt.com.br\/vetpetline\/wp-json\/wp\/v2\/product"}],"about":[{"href":"https:\/\/apresentacaocontentmkt.com.br\/vetpetline\/wp-json\/wp\/v2\/types\/product"}],"replies":[{"embeddable":true,"href":"https:\/\/apresentacaocontentmkt.com.br\/vetpetline\/wp-json\/wp\/v2\/comments?post=3867"}],"wp:featuredmedia":[{"embeddable":true,"href":"https:\/\/apresentacaocontentmkt.com.br\/vetpetline\/wp-json\/wp\/v2\/media\/3861"}],"wp:attachment":[{"href":"https:\/\/apresentacaocontentmkt.com.br\/vetpetline\/wp-json\/wp\/v2\/media?parent=3867"}],"wp:term":[{"taxonomy":"product_brand","embeddable":true,"href":"https:\/\/apresentacaocontentmkt.com.br\/vetpetline\/wp-json\/wp\/v2\/product_brand?post=3867"},{"taxonomy":"product_cat","embeddable":true,"href":"https:\/\/apresentacaocontentmkt.com.br\/vetpetline\/wp-json\/wp\/v2\/product_cat?post=3867"},{"taxonomy":"product_tag","embeddable":true,"href":"https:\/\/apresentacaocontentmkt.com.br\/vetpetline\/wp-json\/wp\/v2\/product_tag?post=3867"}],"curies":[{"name":"wp","href":"https:\/\/api.w.org\/{rel}","templated":true}]}}