{"id":3903,"date":"2025-11-19T18:32:47","date_gmt":"2025-11-19T21:32:47","guid":{"rendered":"https:\/\/apresentacaocontentmkt.com.br\/vetpetline\/produto\/revolution-antipulgas-para-caes-cao-26-a-5-kg-3-pipetas-12\/"},"modified":"2025-11-19T18:32:47","modified_gmt":"2025-11-19T21:32:47","slug":"revolution-antipulgas-para-caes-cao-26-a-5-kg-3-pipetas-12","status":"publish","type":"product","link":"https:\/\/apresentacaocontentmkt.com.br\/vetpetline\/produto\/revolution-antipulgas-para-caes-cao-26-a-5-kg-3-pipetas-12\/","title":{"rendered":"Revolution Antipulgas Para C\u00e3es C\u00e3o 2,6 A 5 Kg 3 Pipetas 12%"},"content":{"rendered":"","protected":false},"excerpt":{"rendered":"<p>Antipulgas e carrapatos Revolution 12% para Cachorros de 2,6 a 5Kg com 3 pipetas \u00e9 composto pela selamectina, uma solu\u00e7\u00e3o pronta para uso para o tratamento t\u00f3pico de cachorros, trata, previne e controla infesta\u00e7\u00f5es por pulgas e auxilia no controle de carrapatos.<\/p>\n<p>Benef\u00edcios do Antipulgas e Carrapatos Revolution 12% para C\u00e3es de 2,6 a 5 Kg C\/3 Ampolas<\/p>\n<p>&#8211; Quebra o ciclo das pulgas na primeira aplica\u00e7\u00e3o;<\/p>\n<p>&#8211; Inibe o desenvolvimento das larvas de pulgas do ambiente devido a sua a\u00e7\u00e3o residual;<\/p>\n<p>&#8211; Trata e controla sarna de ouvidos e sarc\u00f3ptica, vermes intestinais e piolhos sugadores e mordedores.<\/p>\n<p>&#8211; Controla a DAPP (Dermatite Al\u00e9rgica por Picada de Pulgas);<\/p>\n<p>&#8211; Auxilia a desinfesta\u00e7\u00e3o do ambiente;<\/p>\n<p>&#8211; Possibilita que o animal se molhe ou tome banho ap\u00f3s duas horas da aplica\u00e7\u00e3o;<\/p>\n<p>&#8211; Previne a dirofilariose;<\/p>\n<p>&#8211; Este medicamento pode ser usado em animais gestantes e lactantes;<\/p>\n","protected":false},"featured_media":3889,"comment_status":"open","ping_status":"closed","template":"","meta":[],"product_brand":[],"product_cat":[300],"product_tag":[],"class_list":{"0":"post-3903","1":"product","2":"type-product","3":"status-publish","4":"has-post-thumbnail","6":"product_cat-tratamento-antipulgas-e-carrapatos","8":"first","9":"instock","10":"shipping-taxable","11":"purchasable","12":"product-type-simple"},"_links":{"self":[{"href":"https:\/\/apresentacaocontentmkt.com.br\/vetpetline\/wp-json\/wp\/v2\/product\/3903","targetHints":{"allow":["GET"]}}],"collection":[{"href":"https:\/\/apresentacaocontentmkt.com.br\/vetpetline\/wp-json\/wp\/v2\/product"}],"about":[{"href":"https:\/\/apresentacaocontentmkt.com.br\/vetpetline\/wp-json\/wp\/v2\/types\/product"}],"replies":[{"embeddable":true,"href":"https:\/\/apresentacaocontentmkt.com.br\/vetpetline\/wp-json\/wp\/v2\/comments?post=3903"}],"wp:featuredmedia":[{"embeddable":true,"href":"https:\/\/apresentacaocontentmkt.com.br\/vetpetline\/wp-json\/wp\/v2\/media\/3889"}],"wp:attachment":[{"href":"https:\/\/apresentacaocontentmkt.com.br\/vetpetline\/wp-json\/wp\/v2\/media?parent=3903"}],"wp:term":[{"taxonomy":"product_brand","embeddable":true,"href":"https:\/\/apresentacaocontentmkt.com.br\/vetpetline\/wp-json\/wp\/v2\/product_brand?post=3903"},{"taxonomy":"product_cat","embeddable":true,"href":"https:\/\/apresentacaocontentmkt.com.br\/vetpetline\/wp-json\/wp\/v2\/product_cat?post=3903"},{"taxonomy":"product_tag","embeddable":true,"href":"https:\/\/apresentacaocontentmkt.com.br\/vetpetline\/wp-json\/wp\/v2\/product_tag?post=3903"}],"curies":[{"name":"wp","href":"https:\/\/api.w.org\/{rel}","templated":true}]}}