{"id":3949,"date":"2025-11-19T19:12:19","date_gmt":"2025-11-19T22:12:19","guid":{"rendered":"https:\/\/apresentacaocontentmkt.com.br\/vetpetline\/produto\/giardicid-suspensao-50-ml\/"},"modified":"2025-11-19T19:25:19","modified_gmt":"2025-11-19T22:25:19","slug":"giardicid-suspensao-50-ml","status":"publish","type":"product","link":"https:\/\/apresentacaocontentmkt.com.br\/vetpetline\/produto\/giardicid-suspensao-50-ml\/","title":{"rendered":"Giardicid Suspens\u00e3o 50 Ml"},"content":{"rendered":"","protected":false},"excerpt":{"rendered":"<p>Indicado para caninos e felinos, para o tratamento da giard\u00edase, da coccidiose, da trichomon\u00edase, da ameb\u00edase, bem como, de infec\u00e7\u00f5es ent\u00e9ricas causadas por microrganismos sens\u00edveis \u00e0 sulfadimetoxina e ao metronidazol, tais como: Bacteroides spp.; Fusobacterium spp. e clostridioses.<\/p>\n<p>Frasco com 50 mL contendo 50 mg de metronidazol e 50 mg de sulfadimetoxina por mL.<\/p>\n<p>SRJ Global produtos de extrema qualidade, originais, entrega imediata<\/p>\n","protected":false},"featured_media":3946,"comment_status":"open","ping_status":"closed","template":"","meta":[],"product_brand":[],"product_cat":[299],"product_tag":[],"class_list":{"0":"post-3949","1":"product","2":"type-product","3":"status-publish","4":"has-post-thumbnail","6":"product_cat-suplemento-alimentar","8":"first","9":"instock","10":"shipping-taxable","11":"purchasable","12":"product-type-simple"},"_links":{"self":[{"href":"https:\/\/apresentacaocontentmkt.com.br\/vetpetline\/wp-json\/wp\/v2\/product\/3949","targetHints":{"allow":["GET"]}}],"collection":[{"href":"https:\/\/apresentacaocontentmkt.com.br\/vetpetline\/wp-json\/wp\/v2\/product"}],"about":[{"href":"https:\/\/apresentacaocontentmkt.com.br\/vetpetline\/wp-json\/wp\/v2\/types\/product"}],"replies":[{"embeddable":true,"href":"https:\/\/apresentacaocontentmkt.com.br\/vetpetline\/wp-json\/wp\/v2\/comments?post=3949"}],"wp:featuredmedia":[{"embeddable":true,"href":"https:\/\/apresentacaocontentmkt.com.br\/vetpetline\/wp-json\/wp\/v2\/media\/3946"}],"wp:attachment":[{"href":"https:\/\/apresentacaocontentmkt.com.br\/vetpetline\/wp-json\/wp\/v2\/media?parent=3949"}],"wp:term":[{"taxonomy":"product_brand","embeddable":true,"href":"https:\/\/apresentacaocontentmkt.com.br\/vetpetline\/wp-json\/wp\/v2\/product_brand?post=3949"},{"taxonomy":"product_cat","embeddable":true,"href":"https:\/\/apresentacaocontentmkt.com.br\/vetpetline\/wp-json\/wp\/v2\/product_cat?post=3949"},{"taxonomy":"product_tag","embeddable":true,"href":"https:\/\/apresentacaocontentmkt.com.br\/vetpetline\/wp-json\/wp\/v2\/product_tag?post=3949"}],"curies":[{"name":"wp","href":"https:\/\/api.w.org\/{rel}","templated":true}]}}