{"id":3957,"date":"2025-11-19T19:14:35","date_gmt":"2025-11-19T22:14:35","guid":{"rendered":"https:\/\/apresentacaocontentmkt.com.br\/vetpetline\/produto\/itl-itraconazol-25mg-antifungico-10-capsulas-para-caes-cepav\/"},"modified":"2025-11-19T19:25:28","modified_gmt":"2025-11-19T22:25:28","slug":"itl-itraconazol-25mg-antifungico-10-capsulas-para-caes-cepav","status":"publish","type":"product","link":"https:\/\/apresentacaocontentmkt.com.br\/vetpetline\/produto\/itl-itraconazol-25mg-antifungico-10-capsulas-para-caes-cepav\/","title":{"rendered":"Itl Itraconazol 25mg Antif\u00fangico 10 C\u00e1psulas Para C\u00e3es Cepav"},"content":{"rendered":"","protected":false},"excerpt":{"rendered":"<p>ITL 25 Mg Itraconazol \u00e9 um produto recomendado para C\u00e3o, Cachorros E Gatos para tratar a micoses superficiais e sist\u00eamicas em c\u00e3es. Sua f\u00f3rmula inibe a s\u00edntese do ergosterol, um componente vital da membrana da c\u00e9lula dos fungos, desencadeando altera\u00e7\u00f5es morfol\u00f3gicas que resultam em necrose celular.<\/p>\n<p>\u00c9 um antimic\u00f3tico de amplo espectro de a\u00e7\u00e3o \u00e0 base de itraconazol, indicado para c\u00e3es no tratamento de micoses superficiais e sist\u00eamicas.<\/p>\n<p>Indicado para c\u00e3es e gatos, principalmente nas infec\u00e7\u00f5es causadas por: Microsporum spp. Trichophyton spp. Malassezia pachidermatis, Sporothrix schenckii, Candida spp. Aspergillus spp. Cryptococcus spp., Blastomyces spp. Histoplasma spp. Coccidioides inmitis e Acremonium spp.<\/p>\n<p>ITL apresenta um largo espectro de a\u00e7\u00e3o antimic\u00f3tica, sendo ativo em infe\u00e7\u00f5es causadas por fungos e leveduras tais como: Microsporum spp., Trichophyton spp., Malassezia pachydermatis, Candida spp., Aspergilus spp., Cryptococcus spp., Blastomyces spp., Histoplasma spp., Coccidioides inmitis, Acremonium spp.<\/p>\n<p>O mecanismo de a\u00e7\u00e3o do itraconazol baseia-se na capacidade de inibir a s\u00edntese do ergosterol, um componente vital da membrana da c\u00e9lula dos fungos, desencadeando altera\u00e7\u00f5es morfol\u00f3gicas que resultam em necrose celular.<\/p>\n<p>Em caso de dificuldade de ingest\u00e3o, as c\u00e1psulas podem ser abertas e o conte\u00fado misturado em um pouco de alimento para ser fornecido ao animal.<\/p>\n<p>Garantia de f\u00e1brica: 3 meses<\/p>\n","protected":false},"featured_media":3950,"comment_status":"open","ping_status":"closed","template":"","meta":[],"product_brand":[],"product_cat":[299],"product_tag":[],"class_list":{"0":"post-3957","1":"product","2":"type-product","3":"status-publish","4":"has-post-thumbnail","6":"product_cat-suplemento-alimentar","8":"first","9":"instock","10":"shipping-taxable","11":"purchasable","12":"product-type-simple"},"_links":{"self":[{"href":"https:\/\/apresentacaocontentmkt.com.br\/vetpetline\/wp-json\/wp\/v2\/product\/3957","targetHints":{"allow":["GET"]}}],"collection":[{"href":"https:\/\/apresentacaocontentmkt.com.br\/vetpetline\/wp-json\/wp\/v2\/product"}],"about":[{"href":"https:\/\/apresentacaocontentmkt.com.br\/vetpetline\/wp-json\/wp\/v2\/types\/product"}],"replies":[{"embeddable":true,"href":"https:\/\/apresentacaocontentmkt.com.br\/vetpetline\/wp-json\/wp\/v2\/comments?post=3957"}],"wp:featuredmedia":[{"embeddable":true,"href":"https:\/\/apresentacaocontentmkt.com.br\/vetpetline\/wp-json\/wp\/v2\/media\/3950"}],"wp:attachment":[{"href":"https:\/\/apresentacaocontentmkt.com.br\/vetpetline\/wp-json\/wp\/v2\/media?parent=3957"}],"wp:term":[{"taxonomy":"product_brand","embeddable":true,"href":"https:\/\/apresentacaocontentmkt.com.br\/vetpetline\/wp-json\/wp\/v2\/product_brand?post=3957"},{"taxonomy":"product_cat","embeddable":true,"href":"https:\/\/apresentacaocontentmkt.com.br\/vetpetline\/wp-json\/wp\/v2\/product_cat?post=3957"},{"taxonomy":"product_tag","embeddable":true,"href":"https:\/\/apresentacaocontentmkt.com.br\/vetpetline\/wp-json\/wp\/v2\/product_tag?post=3957"}],"curies":[{"name":"wp","href":"https:\/\/api.w.org\/{rel}","templated":true}]}}