{"id":3961,"date":"2025-11-19T19:16:28","date_gmt":"2025-11-19T22:16:28","guid":{"rendered":"https:\/\/apresentacaocontentmkt.com.br\/vetpetline\/produto\/tyrox-1000mg-repositor-hormonal-original-imediato\/"},"modified":"2025-11-19T19:25:35","modified_gmt":"2025-11-19T22:25:35","slug":"tyrox-1000mg-repositor-hormonal-original-imediato","status":"publish","type":"product","link":"https:\/\/apresentacaocontentmkt.com.br\/vetpetline\/produto\/tyrox-1000mg-repositor-hormonal-original-imediato\/","title":{"rendered":"Tyrox 1000mg &#8211; Repositor Hormonal Original &#8211; Imediato"},"content":{"rendered":"","protected":false},"excerpt":{"rendered":"<p>Apresentamos o Tyrox 1000mg, um refor\u00e7o hormonal original da marca Cepav, conceituada no mercado de produtos para animais de estima\u00e7\u00e3o. Este suplemento \u00e9 ideal para todas as ra\u00e7as de c\u00e3es, especialmente para os mais velhos, que podem precisar de um impulso extra para manter a sa\u00fade e a vitalidade.<\/p>\n<p>O Tyrox vem em uma embalagem pr\u00e1tica e f\u00e1cil de usar, contendo 60 tabletes. Cada tablete pesa 100g, tornando-o uma op\u00e7\u00e3o conveniente para a dosagem di\u00e1ria. O suplemento principal \u00e9 a medica\u00e7\u00e3o, que \u00e9 formulada para fornecer os nutrientes necess\u00e1rios para o seu c\u00e3o.<\/p>\n<p>Este refor\u00e7o hormonal \u00e9 projetado para ser de a\u00e7\u00e3o imediata, proporcionando ao seu c\u00e3o os benef\u00edcios do suplemento em pouco tempo. O Tyrox \u00e9 f\u00e1cil de administrar, podendo ser misturado com a comida do seu c\u00e3o ou dado como um petisco.<\/p>\n<p>O Tyrox 1000mg \u00e9 um investimento valioso na sa\u00fade e bem-estar do seu c\u00e3o. Com apenas um kit, voc\u00ea ter\u00e1 um suplemento de alta qualidade que pode fazer a diferen\u00e7a na vida do seu animal de estima\u00e7\u00e3o. Experimente o Tyrox e veja a diferen\u00e7a que um refor\u00e7o hormonal de qualidade pode fazer.<\/p>\n","protected":false},"featured_media":3958,"comment_status":"open","ping_status":"closed","template":"","meta":[],"product_brand":[],"product_cat":[299],"product_tag":[],"class_list":{"0":"post-3961","1":"product","2":"type-product","3":"status-publish","4":"has-post-thumbnail","6":"product_cat-suplemento-alimentar","8":"first","9":"instock","10":"shipping-taxable","11":"purchasable","12":"product-type-simple"},"_links":{"self":[{"href":"https:\/\/apresentacaocontentmkt.com.br\/vetpetline\/wp-json\/wp\/v2\/product\/3961","targetHints":{"allow":["GET"]}}],"collection":[{"href":"https:\/\/apresentacaocontentmkt.com.br\/vetpetline\/wp-json\/wp\/v2\/product"}],"about":[{"href":"https:\/\/apresentacaocontentmkt.com.br\/vetpetline\/wp-json\/wp\/v2\/types\/product"}],"replies":[{"embeddable":true,"href":"https:\/\/apresentacaocontentmkt.com.br\/vetpetline\/wp-json\/wp\/v2\/comments?post=3961"}],"wp:featuredmedia":[{"embeddable":true,"href":"https:\/\/apresentacaocontentmkt.com.br\/vetpetline\/wp-json\/wp\/v2\/media\/3958"}],"wp:attachment":[{"href":"https:\/\/apresentacaocontentmkt.com.br\/vetpetline\/wp-json\/wp\/v2\/media?parent=3961"}],"wp:term":[{"taxonomy":"product_brand","embeddable":true,"href":"https:\/\/apresentacaocontentmkt.com.br\/vetpetline\/wp-json\/wp\/v2\/product_brand?post=3961"},{"taxonomy":"product_cat","embeddable":true,"href":"https:\/\/apresentacaocontentmkt.com.br\/vetpetline\/wp-json\/wp\/v2\/product_cat?post=3961"},{"taxonomy":"product_tag","embeddable":true,"href":"https:\/\/apresentacaocontentmkt.com.br\/vetpetline\/wp-json\/wp\/v2\/product_tag?post=3961"}],"curies":[{"name":"wp","href":"https:\/\/api.w.org\/{rel}","templated":true}]}}