{"id":3964,"date":"2025-11-19T19:18:03","date_gmt":"2025-11-19T22:18:03","guid":{"rendered":"https:\/\/apresentacaocontentmkt.com.br\/vetpetline\/produto\/tyrox-600mg-cepav\/"},"modified":"2025-11-19T19:25:41","modified_gmt":"2025-11-19T22:25:41","slug":"tyrox-600mg-cepav","status":"publish","type":"product","link":"https:\/\/apresentacaocontentmkt.com.br\/vetpetline\/produto\/tyrox-600mg-cepav\/","title":{"rendered":"Tyrox 600mg Cepav"},"content":{"rendered":"","protected":false},"excerpt":{"rendered":"<p>INDICA\u00c7\u00d5ES<\/p>\n<p>Indicado como reposi\u00e7\u00e3o de horm\u00f4nios da tireoide em c\u00e3es.<\/p>\n<p>Proporciona uma reposi\u00e7\u00e3o do horm\u00f4nio da tireoide em todas as condi\u00e7\u00f5es onde se verifica a produ\u00e7\u00e3o inadequada do mesmo. O hipotireoidismo \u00e9 uma doen\u00e7a metab\u00f3lica generalizada, resultado da defici\u00eancia dos horm\u00f4nios da tireoide: Tiroxina (T4) e Triiodotironina (T3). A levotiroxina s\u00f3dica ir\u00e1 fornecer levotiroxina (T4) como substrato para a deiodina\u00e7\u00e3o da Triiodotironina (T3). A administra\u00e7\u00e3o de TYROX\u00ae 0,8 mg sozinha ir\u00e1 resultar em uma completa reposi\u00e7\u00e3o fisiol\u00f3gica dos horm\u00f4nios da tireoide.<\/p>\n<p>O hipotireoidismo canino \u00e9 usualmente prim\u00e1rio devido \u00e0 atrofia da gl\u00e2ndula tireoide. Na maioria dos casos, esta atrofia est\u00e1 associada com a tireoide linfoc\u00edtica e nos casos remanescentes est\u00e1 associada a causas n\u00e3o inflamat\u00f3rias de etiologia desconhecida. Menos de 10% dos casos de hipotireoidismo s\u00e3o secund\u00e1rios. A dose usual de manuten\u00e7\u00e3o \u00e9 de 22 microgramas por kg de peso corporal por dia. Os casos de hipotireoidismo prim\u00e1rio s\u00e3o na sua grande maioria irrevers\u00edveis, sendo que o tratamento deve ser mantido durante toda a vida do animal. O animal dever\u00e1 ser submetido a dosagens de horm\u00f4nios da tireoide de prefer\u00eancia a cada m\u00eas para eventuais ajustes na dosagem.<\/p>\n<p>APRESENTA\u00c7\u00d5ES<\/p>\n<p>TYROX 200 MCG<br \/>\nFrasco contendo 60 comprimidos de 200 mcg de levotiroxina s\u00f3dica cada.<\/p>\n<p>TYROX 600 MCG<br \/>\nFrasco contendo 60 comprimidos de 600 mcg de levotiroxina s\u00f3dica cada.<\/p>\n<p>TYROX 800 MCG<br \/>\nFrasco contendo 60 comprimidos de 800 mcg de levotiroxina s\u00f3dica cada.<\/p>\n<p>TYROX 1000 MCG<br \/>\nFrasco contendo 60 comprimidos de 1000 mcg de levotiroxina s\u00f3dica cada.<\/p>\n<p>PRECAU\u00c7\u00d5ES:<\/p>\n<p>Trata-se de um tratamento de reposi\u00e7\u00e3o hormonal, portanto a dosagem ser\u00e1 determinada sempre pelo M\u00e9dico Veterin\u00e1rio, mediante o quadro cl\u00ednico e os doseamentos de n\u00edveis s\u00e9ricos de tiroxina (T4) e horm\u00f4nio tireoestimulante (TSH) do animal realizado a cada 4 semanas. A administra\u00e7\u00e3o de superdosagens pode resultar nos sinais e sintomas de tirotoxicose descritos abaixo.<\/p>\n<p>Superdosagens de qualquer horm\u00f4nio tireoideano podem produzir sinais e sintomas de tirotoxicose incluindo, mas n\u00e3o ficando limitados a polidipsia, poli\u00faria, polifagia, redu\u00e7\u00e3o de toler\u00e2ncia ao calor, hiperatividade e mudan\u00e7as de comportamento.<\/p>\n<p>Administrar com precau\u00e7\u00e3o em animais com doen\u00e7a card\u00edaca clinicamente significativa, hipertens\u00e3o ou outras complica\u00e7\u00f5es onde um aumento da atividade metab\u00f3lica pode ser prejudicial. Em geral os efeitos da terapia com o produto se manifestam dentro 30 a 60 dias.<\/p>\n<p>RECOMENDADO PARA C\u00c3ES.<\/p>\n","protected":false},"featured_media":3962,"comment_status":"open","ping_status":"closed","template":"","meta":[],"product_brand":[],"product_cat":[299],"product_tag":[],"class_list":{"0":"post-3964","1":"product","2":"type-product","3":"status-publish","4":"has-post-thumbnail","6":"product_cat-suplemento-alimentar","8":"first","9":"instock","10":"shipping-taxable","11":"purchasable","12":"product-type-simple"},"_links":{"self":[{"href":"https:\/\/apresentacaocontentmkt.com.br\/vetpetline\/wp-json\/wp\/v2\/product\/3964","targetHints":{"allow":["GET"]}}],"collection":[{"href":"https:\/\/apresentacaocontentmkt.com.br\/vetpetline\/wp-json\/wp\/v2\/product"}],"about":[{"href":"https:\/\/apresentacaocontentmkt.com.br\/vetpetline\/wp-json\/wp\/v2\/types\/product"}],"replies":[{"embeddable":true,"href":"https:\/\/apresentacaocontentmkt.com.br\/vetpetline\/wp-json\/wp\/v2\/comments?post=3964"}],"wp:featuredmedia":[{"embeddable":true,"href":"https:\/\/apresentacaocontentmkt.com.br\/vetpetline\/wp-json\/wp\/v2\/media\/3962"}],"wp:attachment":[{"href":"https:\/\/apresentacaocontentmkt.com.br\/vetpetline\/wp-json\/wp\/v2\/media?parent=3964"}],"wp:term":[{"taxonomy":"product_brand","embeddable":true,"href":"https:\/\/apresentacaocontentmkt.com.br\/vetpetline\/wp-json\/wp\/v2\/product_brand?post=3964"},{"taxonomy":"product_cat","embeddable":true,"href":"https:\/\/apresentacaocontentmkt.com.br\/vetpetline\/wp-json\/wp\/v2\/product_cat?post=3964"},{"taxonomy":"product_tag","embeddable":true,"href":"https:\/\/apresentacaocontentmkt.com.br\/vetpetline\/wp-json\/wp\/v2\/product_tag?post=3964"}],"curies":[{"name":"wp","href":"https:\/\/api.w.org\/{rel}","templated":true}]}}