{"id":3975,"date":"2025-11-19T19:32:58","date_gmt":"2025-11-19T22:32:58","guid":{"rendered":"https:\/\/apresentacaocontentmkt.com.br\/vetpetline\/produto\/vetmedin-5mg-50-comprimidos-pimobendan-caes-cardiacos\/"},"modified":"2025-11-24T12:48:47","modified_gmt":"2025-11-24T15:48:47","slug":"vetmedin-5mg-50-comprimidos-pimobendan-caes-cardiacos","status":"publish","type":"product","link":"https:\/\/apresentacaocontentmkt.com.br\/vetpetline\/produto\/vetmedin-5mg-50-comprimidos-pimobendan-caes-cardiacos\/","title":{"rendered":"Vetmedin 5mg 50 Comprimidos Pimobendan C\u00e3es Cardiacos"},"content":{"rendered":"","protected":false},"excerpt":{"rendered":"<p>Vetmedin<\/p>\n<p>Composi\u00e7\u00e3o: Pimobendan<\/p>\n<p>Indica\u00e7\u00f5es<br \/>\nC\u00e3es: Indicado para tratamento dos sinais leves, moderados ou severos da insufici\u00eancia card\u00edaca congestiva (ICC) em c\u00e3es, origin\u00e1ria de insufici\u00eancia valvar ou cardiomiopatia dilatada.<\/p>\n<p>Posologia<br \/>\nAdministra\u00e7\u00e3o por via oral, na dose de 0,25 mg de Pimobendan\/kg de peso corporal, a cada 12 h (ou 0,5 mg de Pimobendan\/Kg de peso corporal, administrado em duas vezes ao dia).<\/p>\n<p>Exemplo:<br \/>\nPara um c\u00e3o de 20 Kg: um comprimido de Vetmedin 5 mg pela manh\u00e3 e um comprimido de Vetmedin 5 mg \u00e0 noite.<\/p>\n<p>Apresenta\u00e7\u00f5es<br \/>\nFrasco contendo 50 comprimidos de 5 mg.<br \/>\nObserva\u00e7\u00e3o: A dose de Vetmedin\u00ae deve ser administrada aproximadamente uma hora antes da alimenta\u00e7\u00e3o.<\/p>\n<p>Para maiores informa\u00e7\u00f5es, vide bula.<\/p>\n","protected":false},"featured_media":3965,"comment_status":"open","ping_status":"closed","template":"","meta":[],"product_brand":[],"product_cat":[299],"product_tag":[],"class_list":{"0":"post-3975","1":"product","2":"type-product","3":"status-publish","4":"has-post-thumbnail","6":"product_cat-suplemento-alimentar","8":"first","9":"instock","10":"shipping-taxable","11":"purchasable","12":"product-type-simple"},"_links":{"self":[{"href":"https:\/\/apresentacaocontentmkt.com.br\/vetpetline\/wp-json\/wp\/v2\/product\/3975","targetHints":{"allow":["GET"]}}],"collection":[{"href":"https:\/\/apresentacaocontentmkt.com.br\/vetpetline\/wp-json\/wp\/v2\/product"}],"about":[{"href":"https:\/\/apresentacaocontentmkt.com.br\/vetpetline\/wp-json\/wp\/v2\/types\/product"}],"replies":[{"embeddable":true,"href":"https:\/\/apresentacaocontentmkt.com.br\/vetpetline\/wp-json\/wp\/v2\/comments?post=3975"}],"wp:featuredmedia":[{"embeddable":true,"href":"https:\/\/apresentacaocontentmkt.com.br\/vetpetline\/wp-json\/wp\/v2\/media\/3965"}],"wp:attachment":[{"href":"https:\/\/apresentacaocontentmkt.com.br\/vetpetline\/wp-json\/wp\/v2\/media?parent=3975"}],"wp:term":[{"taxonomy":"product_brand","embeddable":true,"href":"https:\/\/apresentacaocontentmkt.com.br\/vetpetline\/wp-json\/wp\/v2\/product_brand?post=3975"},{"taxonomy":"product_cat","embeddable":true,"href":"https:\/\/apresentacaocontentmkt.com.br\/vetpetline\/wp-json\/wp\/v2\/product_cat?post=3975"},{"taxonomy":"product_tag","embeddable":true,"href":"https:\/\/apresentacaocontentmkt.com.br\/vetpetline\/wp-json\/wp\/v2\/product_tag?post=3975"}],"curies":[{"name":"wp","href":"https:\/\/api.w.org\/{rel}","templated":true}]}}