{"id":3992,"date":"2025-11-19T19:35:50","date_gmt":"2025-11-19T22:35:50","guid":{"rendered":"https:\/\/apresentacaocontentmkt.com.br\/vetpetline\/produto\/nexgard-spectra-3-comprimidos-protecao-completa-151-a-30-kg\/"},"modified":"2025-11-19T19:35:50","modified_gmt":"2025-11-19T22:35:50","slug":"nexgard-spectra-3-comprimidos-protecao-completa-151-a-30-kg","status":"publish","type":"product","link":"https:\/\/apresentacaocontentmkt.com.br\/vetpetline\/produto\/nexgard-spectra-3-comprimidos-protecao-completa-151-a-30-kg\/","title":{"rendered":"Nexgard Spectra 3 Comprimidos Prote\u00e7\u00e3o Completa 15,1 A 30 Kg"},"content":{"rendered":"","protected":false},"excerpt":{"rendered":"<p>NexGard Spectra Antipulgas e Carrapatos para C\u00e3es de 15,1 a 30kg 3 Tabletes<\/p>\n<p>&#8211; Indicado para c\u00e3es de todos os portes;<br \/>\n&#8211; Elimina pulgas, carrapatos, vermes intestinais e sarna;<br \/>\n&#8211; Prote\u00e7\u00e3o eficaz para at\u00e9 30 dias;<br \/>\n&#8211; A\u00e7\u00e3o interna e externa em apenas uma dose;<br \/>\n&#8211; Combate 100% das pulgas em at\u00e9 8 horas;<br \/>\n&#8211; Com 3 tabletes mastig\u00e1veis sabor carne.<\/p>\n<p>NexGard Spectra \u00e9 uma solu\u00e7\u00e3o completa contra parasitas em um tablete mensal sabor carne. <\/p>\n<p>Facilite a prote\u00e7\u00e3o do seu c\u00e3o contra parasitas internos e externos com apenas um tablete mastig\u00e1vel mensal de NexGard Spectra.<\/p>\n<p>NexGard Spectra \u00e9 eficaz contra:<br \/>\nParasitas internos: Vermes que podem viver no intestino dos c\u00e3es, causando doen\u00e7as gastrointestinais e outros problemas de sa\u00fade.<\/p>\n<p>Parasitas externos: Pulgas que causam inc\u00f4modo e doen\u00e7as de pele; Carrapatos que se alimentam do sangue dos c\u00e3es e podem transmitir doen\u00e7as graves; Sarna que causa irrita\u00e7\u00e3o severa na pele; \u00c1caros do ouvido que se alimentam de cera e \u00f3leos nos canais auditivos, podendo causar inflama\u00e7\u00e3o e infec\u00e7\u00f5es.<\/p>\n<p>Recomendado para filhotes a partir de 8 semanas de idade e com 2kg de peso.<\/p>\n<p>Prote\u00e7\u00e3o completa contra vermes intestinais, sarna, pulgas e carrapatos para filhotes e adultos de todos os tamanhos.<\/p>\n<p>NexGard Spectra para c\u00e3es de 2kg a 3,5 kg;<br \/>\nNexGard Spectra para c\u00e3es de 3,6 a 7 kg;<br \/>\nNexGard Spectra para c\u00e3es de 7,6kg a 15kg;<br \/>\nNexGard Spectra para c\u00e3es de 15,1kg a 30kg;<\/p>\n<p>Como usar NexGard Spectra<\/p>\n<p>Administre o tablete mastig\u00e1vel sabor carne, que \u00e9 altamente aceito pelos c\u00e3es devido \u00e0 sua palatabilidade. Pode ser oferecido com ou sem alimentos. Garanta que o c\u00e3o consuma o tablete por inteiro.<\/p>\n<p>Em casos de rea\u00e7\u00f5es adversas, suspenda o uso e consulte o m\u00e9dico-veterin\u00e1rio.<\/p>\n<p>Componentes<\/p>\n<p>Os componentes ativos do NexGard Spectra s\u00e3o o afoxolaner e a milbemicina oxima, que agem contra pulgas e carrapatos e combatem vermes intestinais, respectivamente.<\/p>\n","protected":false},"featured_media":3976,"comment_status":"open","ping_status":"closed","template":"","meta":[],"product_brand":[],"product_cat":[299],"product_tag":[],"class_list":{"0":"post-3992","1":"product","2":"type-product","3":"status-publish","4":"has-post-thumbnail","6":"product_cat-suplemento-alimentar","8":"first","9":"instock","10":"shipping-taxable","11":"purchasable","12":"product-type-simple"},"_links":{"self":[{"href":"https:\/\/apresentacaocontentmkt.com.br\/vetpetline\/wp-json\/wp\/v2\/product\/3992","targetHints":{"allow":["GET"]}}],"collection":[{"href":"https:\/\/apresentacaocontentmkt.com.br\/vetpetline\/wp-json\/wp\/v2\/product"}],"about":[{"href":"https:\/\/apresentacaocontentmkt.com.br\/vetpetline\/wp-json\/wp\/v2\/types\/product"}],"replies":[{"embeddable":true,"href":"https:\/\/apresentacaocontentmkt.com.br\/vetpetline\/wp-json\/wp\/v2\/comments?post=3992"}],"wp:featuredmedia":[{"embeddable":true,"href":"https:\/\/apresentacaocontentmkt.com.br\/vetpetline\/wp-json\/wp\/v2\/media\/3976"}],"wp:attachment":[{"href":"https:\/\/apresentacaocontentmkt.com.br\/vetpetline\/wp-json\/wp\/v2\/media?parent=3992"}],"wp:term":[{"taxonomy":"product_brand","embeddable":true,"href":"https:\/\/apresentacaocontentmkt.com.br\/vetpetline\/wp-json\/wp\/v2\/product_brand?post=3992"},{"taxonomy":"product_cat","embeddable":true,"href":"https:\/\/apresentacaocontentmkt.com.br\/vetpetline\/wp-json\/wp\/v2\/product_cat?post=3992"},{"taxonomy":"product_tag","embeddable":true,"href":"https:\/\/apresentacaocontentmkt.com.br\/vetpetline\/wp-json\/wp\/v2\/product_tag?post=3992"}],"curies":[{"name":"wp","href":"https:\/\/api.w.org\/{rel}","templated":true}]}}