{"id":4003,"date":"2025-11-19T19:38:41","date_gmt":"2025-11-19T22:38:41","guid":{"rendered":"https:\/\/apresentacaocontentmkt.com.br\/vetpetline\/produto\/vetmedin-125-mg-com-50-comprimidos\/"},"modified":"2025-11-19T19:38:41","modified_gmt":"2025-11-19T22:38:41","slug":"vetmedin-125-mg-com-50-comprimidos","status":"publish","type":"product","link":"https:\/\/apresentacaocontentmkt.com.br\/vetpetline\/produto\/vetmedin-125-mg-com-50-comprimidos\/","title":{"rendered":"Vetmedin 1,25 Mg Com 50 Comprimidos"},"content":{"rendered":"","protected":false},"excerpt":{"rendered":"<p>Vetmedin\u00ae \u00e9 indicado para o tratamento de insufici\u00eancia card\u00edaca congestiva, decorrente de insufici\u00eancia valvar (regurgita\u00e7\u00e3o das v\u00e1lvulas mitral e\/ou tric\u00faspide) ou cardiomiopatia dilatada. Tamb\u00e9m \u00e9 recomendado para o tratamento de cardiomiopatia dilatada no est\u00e1gio pr\u00e9-cl\u00ednico (assintom\u00e1tico com um aumento no di\u00e2metro final do ventr\u00edculo esquerdo sist\u00f3lico e diast\u00f3lico) no Doberman Pinscher, ap\u00f3s diagn\u00f3stico ecocardiogr\u00e1fico de doen\u00e7a card\u00edaca.<\/p>\n<p>CONTRAINDICA\u00c7\u00d5ES \/ PRECAU\u00c7\u00d5ES<br \/>\nHipersensibilidade a qualquer componente da f\u00f3rmula. N\u00e3o \u00e9 indicado para c\u00e3es com idade inferior a 6 meses, c\u00e3es com defeitos card\u00edacos cong\u00eanitos ou cadelas gestantes ou lactantes. N\u00e3o foi testado em Dobermans com cardiomiopatia dilatada assintom\u00e1tica com fibrila\u00e7\u00e3o atrial ou taquicardia ventricular sustentada.<\/p>\n<p>REPRODU\u00c7\u00c3O, GESTA\u00c7\u00c3O E LACTA\u00c7\u00c3O<br \/>\nEm estudos com ratos e coelhos, o pimobendan n\u00e3o afetou a fertilidade. Efeitos embriot\u00f3xicos ocorreram apenas em doses que tamb\u00e9m foram t\u00f3xicas para as m\u00e3es. Em ratos, verificou-se que o pimobendan \u00e9 excretado no leite. A seguran\u00e7a em cadelas prenhes ou lactantes n\u00e3o foi avaliada. Utiliza\u00e7\u00e3o sujeita \u00e0 avalia\u00e7\u00e3o risco\/benef\u00edcio pelo veterin\u00e1rio.<\/p>\n<p>Administra\u00e7\u00e3o oral (1 hora antes da refei\u00e7\u00e3o)<br \/>\nFREQU\u00caNCIA DE UTILIZA\u00c7\u00c3O<br \/>\nA cada 12 horas (manh\u00e3 e noite)<\/p>\n<p>DOSAGEM INDICADA<br \/>\nVetmedin\u00ae 1,25 mg<br \/>\nDosagem para C\u00e3es<\/p>\n<p>1 comprimido para cada 5 kg de peso do animal.<\/p>\n","protected":false},"featured_media":3993,"comment_status":"open","ping_status":"closed","template":"","meta":[],"product_brand":[],"product_cat":[299],"product_tag":[],"class_list":{"0":"post-4003","1":"product","2":"type-product","3":"status-publish","4":"has-post-thumbnail","6":"product_cat-suplemento-alimentar","8":"first","9":"instock","10":"shipping-taxable","11":"purchasable","12":"product-type-simple"},"_links":{"self":[{"href":"https:\/\/apresentacaocontentmkt.com.br\/vetpetline\/wp-json\/wp\/v2\/product\/4003","targetHints":{"allow":["GET"]}}],"collection":[{"href":"https:\/\/apresentacaocontentmkt.com.br\/vetpetline\/wp-json\/wp\/v2\/product"}],"about":[{"href":"https:\/\/apresentacaocontentmkt.com.br\/vetpetline\/wp-json\/wp\/v2\/types\/product"}],"replies":[{"embeddable":true,"href":"https:\/\/apresentacaocontentmkt.com.br\/vetpetline\/wp-json\/wp\/v2\/comments?post=4003"}],"wp:featuredmedia":[{"embeddable":true,"href":"https:\/\/apresentacaocontentmkt.com.br\/vetpetline\/wp-json\/wp\/v2\/media\/3993"}],"wp:attachment":[{"href":"https:\/\/apresentacaocontentmkt.com.br\/vetpetline\/wp-json\/wp\/v2\/media?parent=4003"}],"wp:term":[{"taxonomy":"product_brand","embeddable":true,"href":"https:\/\/apresentacaocontentmkt.com.br\/vetpetline\/wp-json\/wp\/v2\/product_brand?post=4003"},{"taxonomy":"product_cat","embeddable":true,"href":"https:\/\/apresentacaocontentmkt.com.br\/vetpetline\/wp-json\/wp\/v2\/product_cat?post=4003"},{"taxonomy":"product_tag","embeddable":true,"href":"https:\/\/apresentacaocontentmkt.com.br\/vetpetline\/wp-json\/wp\/v2\/product_tag?post=4003"}],"curies":[{"name":"wp","href":"https:\/\/api.w.org\/{rel}","templated":true}]}}