{"id":4012,"date":"2025-11-23T07:36:30","date_gmt":"2025-11-23T10:36:30","guid":{"rendered":"https:\/\/apresentacaocontentmkt.com.br\/vetpetline\/produto\/cyclavance-50ml-100-mg-ml-para-caes-cao-cachorro-dermatite\/"},"modified":"2025-11-23T07:46:13","modified_gmt":"2025-11-23T10:46:13","slug":"cyclavance-50ml-100-mg-ml-para-caes-cao-cachorro-dermatite","status":"publish","type":"product","link":"https:\/\/apresentacaocontentmkt.com.br\/vetpetline\/produto\/cyclavance-50ml-100-mg-ml-para-caes-cao-cachorro-dermatite\/","title":{"rendered":"Cyclavance 50ml 100 Mg\/ml Para C\u00e3es C\u00e3o Cachorro Dermatite"},"content":{"rendered":"","protected":false},"excerpt":{"rendered":"<p>Cyclavance 50 mL Ciclosporina em solu\u00e7\u00e3o oral para o controle das manifesta\u00e7\u00f5es cl\u00ednicas de dermatite at\u00f3pica em c\u00e3es. INDICA\u00c7\u00d5ES: CYCLAVANCE\u00ae \u00e9 indicado para tratamento e controle do prurido, eritema e outras manifesta\u00e7\u00f5es cl\u00ednicas decorrentes da dermatite at\u00f3pica em c\u00e3es. Onde comprar? Consulte a loja mais pr\u00f3xima da sua resid\u00eancia clicando aqui. PROPRIEDADES: A ciclosporina \u00e9 uma subst\u00e2ncia imunossupressora seletiva, que atua especificamente e reversivelmente sobre os linf\u00f3citos T, a interleucina-2 e outras citocinas, promovendo efeitos anti-inflamat\u00f3rios e antiprur\u00e9ticos. Outras propriedades s\u00e3o a capacidade de inibir a fun\u00e7\u00e3o de apresenta\u00e7\u00e3o dos ant\u00edgenos do sistema imune da pele, bloqueando o recrutamento e ativa\u00e7\u00e3o dos eosin\u00f3filos, a produ\u00e7\u00e3o de citocinas pelos queratin\u00f3citos, a fun\u00e7\u00e3o das c\u00e9lulas de Langerhans, a degranula\u00e7\u00e3o dos mast\u00f3citos e desta forma a libera\u00e7\u00e3o de histamina e citocinas pr\u00f3-inflama\u00e7\u00e3o. A ciclosporina administrada por via oral sofre absor\u00e7\u00e3o no epit\u00e9lio do intestino delgado. A concentra\u00e7\u00e3o m\u00e1xima (C-max) \u00e9 atingida aproximadamente 2 horas ap\u00f3s a administra\u00e7\u00e3o oral, na dose de 5 mg\/kg (esp\u00e9cie canina) com n\u00edveis plasm\u00e1ticos de 600 a 1200 ng\/mL, sendo a biodisponibilidade da mol\u00e9cula de aproximadamente 23% a 45%. A meia-vida m\u00e9dia \u00e9 de aproximadamente 7 a 10 horas em c\u00e3es, enquanto a elimina\u00e7\u00e3o ocorre principalmente via hep\u00e1tica. POSOLOGIA: USO ORAL. Administrar a dose de 0,05 mL de CYCLAVANCE\u00ae por kg de peso do animal (essa dose corresponde a 5 mg\/kg de ciclosporina), a cada 24 horas. Recomenda-se a administra\u00e7\u00e3o do produto duas horas antes ou duas horas ap\u00f3s a alimenta\u00e7\u00e3o. O peso do animal deve ser cuidadosamente aferido antes e durante o tratamento.<\/p>\n","protected":false},"featured_media":4005,"comment_status":"open","ping_status":"closed","template":"","meta":[],"product_brand":[],"product_cat":[303],"product_tag":[],"class_list":{"0":"post-4012","1":"product","2":"type-product","3":"status-publish","4":"has-post-thumbnail","6":"product_cat-vermifugo","8":"first","9":"instock","10":"shipping-taxable","11":"purchasable","12":"product-type-simple"},"_links":{"self":[{"href":"https:\/\/apresentacaocontentmkt.com.br\/vetpetline\/wp-json\/wp\/v2\/product\/4012","targetHints":{"allow":["GET"]}}],"collection":[{"href":"https:\/\/apresentacaocontentmkt.com.br\/vetpetline\/wp-json\/wp\/v2\/product"}],"about":[{"href":"https:\/\/apresentacaocontentmkt.com.br\/vetpetline\/wp-json\/wp\/v2\/types\/product"}],"replies":[{"embeddable":true,"href":"https:\/\/apresentacaocontentmkt.com.br\/vetpetline\/wp-json\/wp\/v2\/comments?post=4012"}],"wp:featuredmedia":[{"embeddable":true,"href":"https:\/\/apresentacaocontentmkt.com.br\/vetpetline\/wp-json\/wp\/v2\/media\/4005"}],"wp:attachment":[{"href":"https:\/\/apresentacaocontentmkt.com.br\/vetpetline\/wp-json\/wp\/v2\/media?parent=4012"}],"wp:term":[{"taxonomy":"product_brand","embeddable":true,"href":"https:\/\/apresentacaocontentmkt.com.br\/vetpetline\/wp-json\/wp\/v2\/product_brand?post=4012"},{"taxonomy":"product_cat","embeddable":true,"href":"https:\/\/apresentacaocontentmkt.com.br\/vetpetline\/wp-json\/wp\/v2\/product_cat?post=4012"},{"taxonomy":"product_tag","embeddable":true,"href":"https:\/\/apresentacaocontentmkt.com.br\/vetpetline\/wp-json\/wp\/v2\/product_tag?post=4012"}],"curies":[{"name":"wp","href":"https:\/\/api.w.org\/{rel}","templated":true}]}}