{"id":4096,"date":"2025-11-23T07:49:40","date_gmt":"2025-11-23T10:49:40","guid":{"rendered":"https:\/\/apresentacaocontentmkt.com.br\/vetpetline\/produto\/cyclavance-15ml-100-mg-ml-para-caes-cao-cachorro-dermatite\/"},"modified":"2025-11-23T08:28:38","modified_gmt":"2025-11-23T11:28:38","slug":"cyclavance-15ml-100-mg-ml-para-caes-cao-cachorro-dermatite","status":"publish","type":"product","link":"https:\/\/apresentacaocontentmkt.com.br\/vetpetline\/produto\/cyclavance-15ml-100-mg-ml-para-caes-cao-cachorro-dermatite\/","title":{"rendered":"Cyclavance 15ml 100 Mg\/ml Para C\u00e3es C\u00e3o Cachorro Dermatite"},"content":{"rendered":"","protected":false},"excerpt":{"rendered":"<p>CYCLAVANCE 15mg para C\u00e3es C\u00e3o Cachorros \u00e9 indicado para tratamento e controle do prurido, eritema e outras manifesta\u00e7\u00f5es cl\u00ednicas decorrentes da dermatite at\u00f3pica em c\u00e3es. Os sintomas cl\u00ednicos de dermatite at\u00f3pica, como prurido e inflama\u00e7\u00e3o da pele, n\u00e3o s\u00e3o espec\u00edficos desta doen\u00e7a.<\/p>\n<p>A dermatite at\u00f3pica \u00e9 uma doen\u00e7a al\u00e9rgica, de origem gen\u00e9tica, que abrange diversas altera\u00e7\u00f5es, desde a estrutura da pele at\u00e9 o sistema imune, e se manifesta principalmente em c\u00e3es jovens. O prurido \u00e9 o principal sinal cl\u00ednico da doen\u00e7a, e pode ser t\u00e3o intenso a ponto de provocar autotraumatismo, dificultando muito a qualidade de vida dos c\u00e3es e de seus tutores.<\/p>\n<p>Outras causas de dermatite tais como, infesta\u00e7\u00f5es por ectoparasitas, outras alergias que provocam sintomas dermatol\u00f3gicos (i.e. dermatite por alergia \u00e0 picada da pulga ou alergia alimentar) ou infec\u00e7\u00f5es bacterianas ou f\u00fangicas devem ser exclu\u00eddas antes do in\u00edcio do tratamento.<\/p>\n<p>\u00c9 boa pr\u00e1tica tratar as infesta\u00e7\u00f5es por pulgas antes e durante o tratamento da dermatite at\u00f3pica.<\/p>\n<p>MAIS:<br \/>\n&#8211; Embalagem moderna e pr\u00e1tica;<br \/>\n&#8211; N\u00c3O utilizar em f\u00eameas gestantes;<br \/>\n&#8211; Produto palat\u00e1vel e f\u00e1cil de administrar;<br \/>\n&#8211; Utilizar em c\u00e3es a partir seis meses de idade.<\/p>\n<p>MODO DE USAR:<br \/>\nUSO ORAL. Administrar a dose de 0,05mL de Cyclavance por kg de peso do animal (essa dose corresponde a 5mg\/kg de ciclosporina), a cada 24 horas. O peso do animal deve ser cuidadosamente aferido antes e durante o tratamento.<\/p>\n<p>COMPOSI\u00c7\u00c3O:<br \/>\n&#8211; Consulte o site do fabricante.<\/p>\n<p>INFORMA\u00c7\u00d5ES:<br \/>\n&#8211; Indica\u00e7\u00e3o: Somente Cachorros<br \/>\n&#8211; Idade: Filhotes, Adultos, Idosos<br \/>\n&#8211; Ra\u00e7as: Pequenas, M\u00e9dias e Grandes<\/p>\n<p>Itens que acompanham:<br \/>\n&#8211; Cyclavance 15mL (01 Frasco).<br \/>\n&#8211; Leia a bula ou informa\u00e7\u00f5es descritas na embalagem.<br \/>\n&#8211; Consulte sempre o m\u00e9dico Veterin\u00e1rio de sua confian\u00e7a para o uso apropriado deste produto.<\/p>\n","protected":false},"featured_media":4089,"comment_status":"open","ping_status":"closed","template":"","meta":[],"product_brand":[],"product_cat":[301],"product_tag":[],"class_list":{"0":"post-4096","1":"product","2":"type-product","3":"status-publish","4":"has-post-thumbnail","6":"product_cat-higiene-e-limpeza","8":"first","9":"instock","10":"shipping-taxable","11":"purchasable","12":"product-type-simple"},"_links":{"self":[{"href":"https:\/\/apresentacaocontentmkt.com.br\/vetpetline\/wp-json\/wp\/v2\/product\/4096","targetHints":{"allow":["GET"]}}],"collection":[{"href":"https:\/\/apresentacaocontentmkt.com.br\/vetpetline\/wp-json\/wp\/v2\/product"}],"about":[{"href":"https:\/\/apresentacaocontentmkt.com.br\/vetpetline\/wp-json\/wp\/v2\/types\/product"}],"replies":[{"embeddable":true,"href":"https:\/\/apresentacaocontentmkt.com.br\/vetpetline\/wp-json\/wp\/v2\/comments?post=4096"}],"wp:featuredmedia":[{"embeddable":true,"href":"https:\/\/apresentacaocontentmkt.com.br\/vetpetline\/wp-json\/wp\/v2\/media\/4089"}],"wp:attachment":[{"href":"https:\/\/apresentacaocontentmkt.com.br\/vetpetline\/wp-json\/wp\/v2\/media?parent=4096"}],"wp:term":[{"taxonomy":"product_brand","embeddable":true,"href":"https:\/\/apresentacaocontentmkt.com.br\/vetpetline\/wp-json\/wp\/v2\/product_brand?post=4096"},{"taxonomy":"product_cat","embeddable":true,"href":"https:\/\/apresentacaocontentmkt.com.br\/vetpetline\/wp-json\/wp\/v2\/product_cat?post=4096"},{"taxonomy":"product_tag","embeddable":true,"href":"https:\/\/apresentacaocontentmkt.com.br\/vetpetline\/wp-json\/wp\/v2\/product_tag?post=4096"}],"curies":[{"name":"wp","href":"https:\/\/api.w.org\/{rel}","templated":true}]}}