{"id":4179,"date":"2025-11-23T08:17:07","date_gmt":"2025-11-23T11:17:07","guid":{"rendered":"https:\/\/apresentacaocontentmkt.com.br\/vetpetline\/produto\/shampoo-dermatologico-hexadene-spherulites-virbac-500ml\/"},"modified":"2025-11-23T08:17:13","modified_gmt":"2025-11-23T11:17:13","slug":"shampoo-dermatologico-hexadene-spherulites-virbac-500ml","status":"publish","type":"product","link":"https:\/\/apresentacaocontentmkt.com.br\/vetpetline\/produto\/shampoo-dermatologico-hexadene-spherulites-virbac-500ml\/","title":{"rendered":"Shampoo Dermatol\u00f3gico Hexadene Spherulites Virbac 500ml"},"content":{"rendered":"","protected":false},"excerpt":{"rendered":"<p>Os produtos Vibrac s\u00e3o projetados com a colabora\u00e7\u00e3o de veterin\u00e1rios e outros especialistas em cuidados com animais para garantir que cada f\u00f3rmula seja segura, eficaz e adequada \u00e0s necessidades espec\u00edficas dos animais de estima\u00e7\u00e3o. Os ingredientes utilizados s\u00e3o de alta qualidade e oferecem uma limpeza suave e eficaz, ao mesmo tempo que cuidam da pele e da pelagem dos animais de estima\u00e7\u00e3o.<\/p>\n","protected":false},"featured_media":4172,"comment_status":"open","ping_status":"closed","template":"","meta":[],"product_brand":[],"product_cat":[301],"product_tag":[],"class_list":{"0":"post-4179","1":"product","2":"type-product","3":"status-publish","4":"has-post-thumbnail","6":"product_cat-higiene-e-limpeza","8":"first","9":"instock","10":"shipping-taxable","11":"purchasable","12":"product-type-variable"},"_links":{"self":[{"href":"https:\/\/apresentacaocontentmkt.com.br\/vetpetline\/wp-json\/wp\/v2\/product\/4179","targetHints":{"allow":["GET"]}}],"collection":[{"href":"https:\/\/apresentacaocontentmkt.com.br\/vetpetline\/wp-json\/wp\/v2\/product"}],"about":[{"href":"https:\/\/apresentacaocontentmkt.com.br\/vetpetline\/wp-json\/wp\/v2\/types\/product"}],"replies":[{"embeddable":true,"href":"https:\/\/apresentacaocontentmkt.com.br\/vetpetline\/wp-json\/wp\/v2\/comments?post=4179"}],"wp:featuredmedia":[{"embeddable":true,"href":"https:\/\/apresentacaocontentmkt.com.br\/vetpetline\/wp-json\/wp\/v2\/media\/4172"}],"wp:attachment":[{"href":"https:\/\/apresentacaocontentmkt.com.br\/vetpetline\/wp-json\/wp\/v2\/media?parent=4179"}],"wp:term":[{"taxonomy":"product_brand","embeddable":true,"href":"https:\/\/apresentacaocontentmkt.com.br\/vetpetline\/wp-json\/wp\/v2\/product_brand?post=4179"},{"taxonomy":"product_cat","embeddable":true,"href":"https:\/\/apresentacaocontentmkt.com.br\/vetpetline\/wp-json\/wp\/v2\/product_cat?post=4179"},{"taxonomy":"product_tag","embeddable":true,"href":"https:\/\/apresentacaocontentmkt.com.br\/vetpetline\/wp-json\/wp\/v2\/product_tag?post=4179"}],"curies":[{"name":"wp","href":"https:\/\/api.w.org\/{rel}","templated":true}]}}