{"id":4214,"date":"2025-11-23T08:27:13","date_gmt":"2025-11-23T11:27:13","guid":{"rendered":"https:\/\/apresentacaocontentmkt.com.br\/vetpetline\/produto\/shampoo-cloresten-500ml-hidrapet-creme-100g-cao-caes-gato\/"},"modified":"2025-11-23T08:30:00","modified_gmt":"2025-11-23T11:30:00","slug":"shampoo-cloresten-500ml-hidrapet-creme-100g-cao-caes-gato","status":"publish","type":"product","link":"https:\/\/apresentacaocontentmkt.com.br\/vetpetline\/produto\/shampoo-cloresten-500ml-hidrapet-creme-100g-cao-caes-gato\/","title":{"rendered":"Shampoo Cloresten 500ml + Hidrapet Creme 100g C\u00e3o C\u00e3es Gato"},"content":{"rendered":"","protected":false},"excerpt":{"rendered":"<p>Cloresten + Hidrapet<\/p>\n<p>Shampoo Cloresten 500 ml<br \/>\nCreme Hidrapet 100 G p\u00f3s banho<\/p>\n<p>CLORESTEN<\/p>\n<p>&#8211; Indicado para c\u00e3es e gatos;<br \/>\n&#8211; Ideal para tratamento e preven\u00e7\u00e3o de dermatites;<br \/>\n&#8211; Age contra infec\u00e7\u00f5es causadas por bact\u00e9rias e fungos<br \/>\n-Trata e tamb\u00e9m previne a prolifera\u00e7\u00e3o das bact\u00e9rias que podem causar infec\u00e7\u00f5es;<br \/>\n&#8211; Mant\u00e9m seu pet limpo e cheiroso;<br \/>\n&#8211; Pode ser usado de uma a duas vezes na semana;<br \/>\n&#8211; N\u00e3o causa alergia,<br \/>\n&#8211; Proporciona maciez e brilho aos pelos.<\/p>\n<p>Creme Hidratante Agener Uni\u00e3o Hidrapet<\/p>\n<p>&#8211; A base de \u00f3leo de macad\u00e2mia, ceramida e combina\u00e7\u00e3o de silicones;<br \/>\n&#8211; Indicado para a hidrata\u00e7\u00e3o da pele e dos pelos de c\u00e3es e gatos;<br \/>\n&#8211; Proporciona aos pelos maciez, volume, brilho, resist\u00eancia e vigor;<br \/>\n&#8211; Facilidade de desembara\u00e7o.<\/p>\n<p>O Creme Hidratante AGENER UNI\u00c3O Hidrapet \u00e9 um creme p\u00f3s-banho a base de \u00f3leo de macad\u00e2mia, ceramida e combina\u00e7\u00e3o de silicones, indicado para a hidrata\u00e7\u00e3o da pele e dos pelos de c\u00e3es e gatos. Proporciona aos pelos maciez, volume, brilho, resist\u00eancia e vigor. Facilidade de desembara\u00e7o.<\/p>\n<p>Ap\u00f3s o banho utilizando o shampoo de prefer\u00eancia, remova o excesso de \u00e1gua com uma toalha e aplique o Hidrapet em todo o corpo do animal. Massageie para assegurar que o produto entre em contato com a pele e seque o animal como o de costume. N\u00e3o \u00e9 necess\u00e1rio enxaguar.<\/p>\n","protected":false},"featured_media":4207,"comment_status":"open","ping_status":"closed","template":"","meta":[],"product_brand":[],"product_cat":[301],"product_tag":[],"class_list":{"0":"post-4214","1":"product","2":"type-product","3":"status-publish","4":"has-post-thumbnail","6":"product_cat-higiene-e-limpeza","8":"first","9":"outofstock","10":"shipping-taxable","11":"product-type-variable"},"_links":{"self":[{"href":"https:\/\/apresentacaocontentmkt.com.br\/vetpetline\/wp-json\/wp\/v2\/product\/4214","targetHints":{"allow":["GET"]}}],"collection":[{"href":"https:\/\/apresentacaocontentmkt.com.br\/vetpetline\/wp-json\/wp\/v2\/product"}],"about":[{"href":"https:\/\/apresentacaocontentmkt.com.br\/vetpetline\/wp-json\/wp\/v2\/types\/product"}],"replies":[{"embeddable":true,"href":"https:\/\/apresentacaocontentmkt.com.br\/vetpetline\/wp-json\/wp\/v2\/comments?post=4214"}],"wp:featuredmedia":[{"embeddable":true,"href":"https:\/\/apresentacaocontentmkt.com.br\/vetpetline\/wp-json\/wp\/v2\/media\/4207"}],"wp:attachment":[{"href":"https:\/\/apresentacaocontentmkt.com.br\/vetpetline\/wp-json\/wp\/v2\/media?parent=4214"}],"wp:term":[{"taxonomy":"product_brand","embeddable":true,"href":"https:\/\/apresentacaocontentmkt.com.br\/vetpetline\/wp-json\/wp\/v2\/product_brand?post=4214"},{"taxonomy":"product_cat","embeddable":true,"href":"https:\/\/apresentacaocontentmkt.com.br\/vetpetline\/wp-json\/wp\/v2\/product_cat?post=4214"},{"taxonomy":"product_tag","embeddable":true,"href":"https:\/\/apresentacaocontentmkt.com.br\/vetpetline\/wp-json\/wp\/v2\/product_tag?post=4214"}],"curies":[{"name":"wp","href":"https:\/\/api.w.org\/{rel}","templated":true}]}}