{"id":4241,"date":"2025-11-23T14:24:20","date_gmt":"2025-11-23T17:24:20","guid":{"rendered":"https:\/\/apresentacaocontentmkt.com.br\/vetpetline\/produto\/dermogen-shampoo-500ml-e-1-hidrapet-500ml-cachorro-caes-gato\/"},"modified":"2025-11-23T14:48:47","modified_gmt":"2025-11-23T17:48:47","slug":"dermogen-shampoo-500ml-e-1-hidrapet-500ml-cachorro-caes-gato","status":"publish","type":"product","link":"https:\/\/apresentacaocontentmkt.com.br\/vetpetline\/produto\/dermogen-shampoo-500ml-e-1-hidrapet-500ml-cachorro-caes-gato\/","title":{"rendered":"Dermogen Shampoo 500ml E 1 Hidrapet 500ml Cachorro C\u00e3es Gato"},"content":{"rendered":"","protected":false},"excerpt":{"rendered":"<p>Dermogem 500 ml para Cachorros e gatos Shampoo Hidrapet 500ml para C\u00e3es e gatos Hidrapet p\u00f3s banho sem enxague hidrata\u00e7\u00e3o prolongada. O Shampoo Agener Uni\u00e3o Dermogen \u00e9 um shampoo de uso frequente \u00e0 base de germe de trigo, glicerina, queratina e lipossomas. Indicado para c\u00e3es e gatos de peles sens\u00edveis, peles normais, ressecadas e ou com seborreia seca de grau leve, al\u00e9m de prevenir a ocorr\u00eancia das afec\u00e7\u00f5es cut\u00e2neas. MAIS: &#8211; Terapeutico; &#8211; Previne doen\u00e7as da pele; &#8211; Indicado para c\u00e3es e gatos; &#8211; Para todos os tipos de pele; &#8211; Pode ser utilizado com outros Shampoos; &#8211; Previne a ocorr\u00eancia das afec\u00e7\u00f5es cut\u00e2neas. MODO DE USAR: &#8211; A aplica\u00e7\u00e3o pode ser feita de 1 a 2 vezes por semana ou em uma frequ\u00eancia maior. OBS.: Pode ser utilizado durante o intervalo de tratamento com outros shampoos. COMPOSI\u00c7\u00c3O: &#8211; Consulte a bula ou fabricante. INFORMA\u00c7\u00d5ES: &#8211; Indica\u00e7\u00e3o: Cachorros e Gatos &#8211; Idade: Filhotes, Adultos, Idosos &#8211; Ra\u00e7as: Pequenas, M\u00e9dias e Grandes Itens que acompanham: &#8211; 01 Shampoo Dermogen 500ml &#8211; Leia a bula ou informa\u00e7\u00f5es descritas na embalagem.<\/p>\n","protected":false},"featured_media":4240,"comment_status":"open","ping_status":"closed","template":"","meta":[],"product_brand":[],"product_cat":[301],"product_tag":[],"class_list":{"0":"post-4241","1":"product","2":"type-product","3":"status-publish","4":"has-post-thumbnail","6":"product_cat-higiene-e-limpeza","8":"first","9":"instock","10":"shipping-taxable","11":"purchasable","12":"product-type-variable"},"_links":{"self":[{"href":"https:\/\/apresentacaocontentmkt.com.br\/vetpetline\/wp-json\/wp\/v2\/product\/4241","targetHints":{"allow":["GET"]}}],"collection":[{"href":"https:\/\/apresentacaocontentmkt.com.br\/vetpetline\/wp-json\/wp\/v2\/product"}],"about":[{"href":"https:\/\/apresentacaocontentmkt.com.br\/vetpetline\/wp-json\/wp\/v2\/types\/product"}],"replies":[{"embeddable":true,"href":"https:\/\/apresentacaocontentmkt.com.br\/vetpetline\/wp-json\/wp\/v2\/comments?post=4241"}],"wp:featuredmedia":[{"embeddable":true,"href":"https:\/\/apresentacaocontentmkt.com.br\/vetpetline\/wp-json\/wp\/v2\/media\/4240"}],"wp:attachment":[{"href":"https:\/\/apresentacaocontentmkt.com.br\/vetpetline\/wp-json\/wp\/v2\/media?parent=4241"}],"wp:term":[{"taxonomy":"product_brand","embeddable":true,"href":"https:\/\/apresentacaocontentmkt.com.br\/vetpetline\/wp-json\/wp\/v2\/product_brand?post=4241"},{"taxonomy":"product_cat","embeddable":true,"href":"https:\/\/apresentacaocontentmkt.com.br\/vetpetline\/wp-json\/wp\/v2\/product_cat?post=4241"},{"taxonomy":"product_tag","embeddable":true,"href":"https:\/\/apresentacaocontentmkt.com.br\/vetpetline\/wp-json\/wp\/v2\/product_tag?post=4241"}],"curies":[{"name":"wp","href":"https:\/\/api.w.org\/{rel}","templated":true}]}}