{"id":4252,"date":"2025-11-23T14:27:38","date_gmt":"2025-11-23T17:27:38","guid":{"rendered":"https:\/\/apresentacaocontentmkt.com.br\/vetpetline\/produto\/1-cloresten-shampoo-500ml-1-hidrapet-creme-100g-caes-gatos\/"},"modified":"2025-11-23T14:27:38","modified_gmt":"2025-11-23T17:27:38","slug":"1-cloresten-shampoo-500ml-1-hidrapet-creme-100g-caes-gatos","status":"publish","type":"product","link":"https:\/\/apresentacaocontentmkt.com.br\/vetpetline\/produto\/1-cloresten-shampoo-500ml-1-hidrapet-creme-100g-caes-gatos\/","title":{"rendered":"1 Cloresten Shampoo 500ml + 1 Hidrapet Creme 100g C\u00e3es Gatos"},"content":{"rendered":"","protected":false},"excerpt":{"rendered":"<p><span style=\"font-family: 'Proxima Nova', -apple-system, Roboto, Arial, sans-serif;font-size: 20px;background-color: #ffffff\">Cloresten + Hidrapet<\/span><br style=\"font-family: 'Proxima Nova', -apple-system, Roboto, Arial, sans-serif;font-size: 20px;background-color: #ffffff\" \/><br style=\"font-family: 'Proxima Nova', -apple-system, Roboto, Arial, sans-serif;font-size: 20px;background-color: #ffffff\" \/><span style=\"font-family: 'Proxima Nova', -apple-system, Roboto, Arial, sans-serif;font-size: 20px;background-color: #ffffff\">Shampoo Cloresten 500 ml<\/span><br style=\"font-family: 'Proxima Nova', -apple-system, Roboto, Arial, sans-serif;font-size: 20px;background-color: #ffffff\" \/><span style=\"font-family: 'Proxima Nova', -apple-system, Roboto, Arial, sans-serif;font-size: 20px;background-color: #ffffff\">Creme Hidrapet 100 G p\u00f3s banho<\/span><br style=\"font-family: 'Proxima Nova', -apple-system, Roboto, Arial, sans-serif;font-size: 20px;background-color: #ffffff\" \/><br style=\"font-family: 'Proxima Nova', -apple-system, Roboto, Arial, sans-serif;font-size: 20px;background-color: #ffffff\" \/><span style=\"font-family: 'Proxima Nova', -apple-system, Roboto, Arial, sans-serif;font-size: 20px;background-color: #ffffff\">CLORESTEN<\/span><br style=\"font-family: 'Proxima Nova', -apple-system, Roboto, Arial, sans-serif;font-size: 20px;background-color: #ffffff\" \/><br style=\"font-family: 'Proxima Nova', -apple-system, Roboto, Arial, sans-serif;font-size: 20px;background-color: #ffffff\" \/><span style=\"font-family: 'Proxima Nova', -apple-system, Roboto, Arial, sans-serif;font-size: 20px;background-color: #ffffff\">&#8211; Indicado para c\u00e3es e gatos;<\/span><br style=\"font-family: 'Proxima Nova', -apple-system, Roboto, Arial, sans-serif;font-size: 20px;background-color: #ffffff\" \/><span style=\"font-family: 'Proxima Nova', -apple-system, Roboto, Arial, sans-serif;font-size: 20px;background-color: #ffffff\">&#8211; Ideal para tratamento e preven\u00e7\u00e3o de dermatites;<\/span><br style=\"font-family: 'Proxima Nova', -apple-system, Roboto, Arial, sans-serif;font-size: 20px;background-color: #ffffff\" \/><span style=\"font-family: 'Proxima Nova', -apple-system, Roboto, Arial, sans-serif;font-size: 20px;background-color: #ffffff\">&#8211; Age contra infec\u00e7\u00f5es causadas por bact\u00e9rias e fungos<\/span><br style=\"font-family: 'Proxima Nova', -apple-system, Roboto, Arial, sans-serif;font-size: 20px;background-color: #ffffff\" \/><span style=\"font-family: 'Proxima Nova', -apple-system, Roboto, Arial, sans-serif;font-size: 20px;background-color: #ffffff\">-Trata e tamb\u00e9m previne a prolifera\u00e7\u00e3o das bact\u00e9rias que podem causar infec\u00e7\u00f5es;<\/span><br style=\"font-family: 'Proxima Nova', -apple-system, Roboto, Arial, sans-serif;font-size: 20px;background-color: #ffffff\" \/><span style=\"font-family: 'Proxima Nova', -apple-system, Roboto, Arial, sans-serif;font-size: 20px;background-color: #ffffff\">&#8211; Mant\u00e9m seu pet limpo e cheiroso;<\/span><br style=\"font-family: 'Proxima Nova', -apple-system, Roboto, Arial, sans-serif;font-size: 20px;background-color: #ffffff\" \/><span style=\"font-family: 'Proxima Nova', -apple-system, Roboto, Arial, sans-serif;font-size: 20px;background-color: #ffffff\">&#8211; Pode ser usado de uma a duas vezes na semana;<\/span><br style=\"font-family: 'Proxima Nova', -apple-system, Roboto, Arial, sans-serif;font-size: 20px;background-color: #ffffff\" \/><span style=\"font-family: 'Proxima Nova', -apple-system, Roboto, Arial, sans-serif;font-size: 20px;background-color: #ffffff\">&#8211; N\u00e3o causa alergia,<\/span><br style=\"font-family: 'Proxima Nova', -apple-system, Roboto, Arial, sans-serif;font-size: 20px;background-color: #ffffff\" \/><span style=\"font-family: 'Proxima Nova', -apple-system, Roboto, Arial, sans-serif;font-size: 20px;background-color: #ffffff\">&#8211; Proporciona maciez e brilho aos pelos.<\/span><br style=\"font-family: 'Proxima Nova', -apple-system, Roboto, Arial, sans-serif;font-size: 20px;background-color: #ffffff\" \/><br style=\"font-family: 'Proxima Nova', -apple-system, Roboto, Arial, sans-serif;font-size: 20px;background-color: #ffffff\" \/><br style=\"font-family: 'Proxima Nova', -apple-system, Roboto, Arial, sans-serif;font-size: 20px;background-color: #ffffff\" \/><span style=\"font-family: 'Proxima Nova', -apple-system, Roboto, Arial, sans-serif;font-size: 20px;background-color: #ffffff\">Creme Hidratante Agener Uni\u00e3o Hidrapet<\/span><br style=\"font-family: 'Proxima Nova', -apple-system, Roboto, Arial, sans-serif;font-size: 20px;background-color: #ffffff\" \/><br style=\"font-family: 'Proxima Nova', -apple-system, Roboto, Arial, sans-serif;font-size: 20px;background-color: #ffffff\" \/><span style=\"font-family: 'Proxima Nova', -apple-system, Roboto, Arial, sans-serif;font-size: 20px;background-color: #ffffff\">&#8211; A base de \u00f3leo de macad\u00e2mia, ceramida e combina\u00e7\u00e3o de silicones;<\/span><br style=\"font-family: 'Proxima Nova', -apple-system, Roboto, Arial, sans-serif;font-size: 20px;background-color: #ffffff\" \/><span style=\"font-family: 'Proxima Nova', -apple-system, Roboto, Arial, sans-serif;font-size: 20px;background-color: #ffffff\">&#8211; Indicado para a hidrata\u00e7\u00e3o da pele e dos pelos de c\u00e3es e gatos;<\/span><br style=\"font-family: 'Proxima Nova', -apple-system, Roboto, Arial, sans-serif;font-size: 20px;background-color: #ffffff\" \/><span style=\"font-family: 'Proxima Nova', -apple-system, Roboto, Arial, sans-serif;font-size: 20px;background-color: #ffffff\">&#8211; Proporciona aos pelos maciez, volume, brilho, resist\u00eancia e vigor;<\/span><br style=\"font-family: 'Proxima Nova', -apple-system, Roboto, Arial, sans-serif;font-size: 20px;background-color: #ffffff\" \/><span style=\"font-family: 'Proxima Nova', -apple-system, Roboto, Arial, sans-serif;font-size: 20px;background-color: #ffffff\">&#8211; Facilidade de desembara\u00e7o.<\/span><br style=\"font-family: 'Proxima Nova', -apple-system, Roboto, Arial, sans-serif;font-size: 20px;background-color: #ffffff\" \/><br style=\"font-family: 'Proxima Nova', -apple-system, Roboto, Arial, sans-serif;font-size: 20px;background-color: #ffffff\" \/><span style=\"font-family: 'Proxima Nova', -apple-system, Roboto, Arial, sans-serif;font-size: 20px;background-color: #ffffff\">O Creme Hidratante AGENER UNI\u00c3O Hidrapet \u00e9 um creme p\u00f3s-banho a base de \u00f3leo de macad\u00e2mia, ceramida e combina\u00e7\u00e3o de silicones, indicado para a hidrata\u00e7\u00e3o da pele e dos pelos de c\u00e3es e gatos. Proporciona aos pelos maciez, volume, brilho, resist\u00eancia e vigor. Facilidade de desembara\u00e7o.<\/span><br style=\"font-family: 'Proxima Nova', -apple-system, Roboto, Arial, sans-serif;font-size: 20px;background-color: #ffffff\" \/><br style=\"font-family: 'Proxima Nova', -apple-system, Roboto, Arial, sans-serif;font-size: 20px;background-color: #ffffff\" \/><span style=\"font-family: 'Proxima Nova', -apple-system, Roboto, Arial, sans-serif;font-size: 20px;background-color: #ffffff\">Ap\u00f3s o banho utilizando o shampoo de prefer\u00eancia, remova o excesso de \u00e1gua com uma toalha e aplique o Hidrapet em todo o corpo do animal. Massageie para assegurar que o produto entre em contato com a pele e seque o animal como o de costume. N\u00e3o \u00e9 necess\u00e1rio enxaguar.<\/span><\/p>\n","protected":false},"featured_media":4245,"comment_status":"open","ping_status":"closed","template":"","meta":[],"product_brand":[],"product_cat":[301],"product_tag":[],"class_list":{"0":"post-4252","1":"product","2":"type-product","3":"status-publish","4":"has-post-thumbnail","6":"product_cat-higiene-e-limpeza","8":"first","9":"instock","10":"shipping-taxable","11":"purchasable","12":"product-type-simple"},"_links":{"self":[{"href":"https:\/\/apresentacaocontentmkt.com.br\/vetpetline\/wp-json\/wp\/v2\/product\/4252","targetHints":{"allow":["GET"]}}],"collection":[{"href":"https:\/\/apresentacaocontentmkt.com.br\/vetpetline\/wp-json\/wp\/v2\/product"}],"about":[{"href":"https:\/\/apresentacaocontentmkt.com.br\/vetpetline\/wp-json\/wp\/v2\/types\/product"}],"replies":[{"embeddable":true,"href":"https:\/\/apresentacaocontentmkt.com.br\/vetpetline\/wp-json\/wp\/v2\/comments?post=4252"}],"wp:featuredmedia":[{"embeddable":true,"href":"https:\/\/apresentacaocontentmkt.com.br\/vetpetline\/wp-json\/wp\/v2\/media\/4245"}],"wp:attachment":[{"href":"https:\/\/apresentacaocontentmkt.com.br\/vetpetline\/wp-json\/wp\/v2\/media?parent=4252"}],"wp:term":[{"taxonomy":"product_brand","embeddable":true,"href":"https:\/\/apresentacaocontentmkt.com.br\/vetpetline\/wp-json\/wp\/v2\/product_brand?post=4252"},{"taxonomy":"product_cat","embeddable":true,"href":"https:\/\/apresentacaocontentmkt.com.br\/vetpetline\/wp-json\/wp\/v2\/product_cat?post=4252"},{"taxonomy":"product_tag","embeddable":true,"href":"https:\/\/apresentacaocontentmkt.com.br\/vetpetline\/wp-json\/wp\/v2\/product_tag?post=4252"}],"curies":[{"name":"wp","href":"https:\/\/api.w.org\/{rel}","templated":true}]}}