{"id":4283,"date":"2025-11-23T14:53:41","date_gmt":"2025-11-23T17:53:41","guid":{"rendered":"https:\/\/apresentacaocontentmkt.com.br\/vetpetline\/produto\/aliv-pet-50-mg-suplemento-alimentar-caes-cao-gatos-40-cps\/"},"modified":"2025-11-23T14:55:32","modified_gmt":"2025-11-23T17:55:32","slug":"aliv-pet-50-mg-suplemento-alimentar-caes-cao-gatos-40-cps","status":"publish","type":"product","link":"https:\/\/apresentacaocontentmkt.com.br\/vetpetline\/produto\/aliv-pet-50-mg-suplemento-alimentar-caes-cao-gatos-40-cps\/","title":{"rendered":"Aliv Pet 50 Mg Suplemento Alimentar C\u00e3es C\u00e3o Gatos 40 Cps"},"content":{"rendered":"","protected":false},"excerpt":{"rendered":"<p>Suplemento Alimentar C\u00e3es e Gatos Aliv Pet 50mg  40 Comprimidos<\/p>\n<p>&#8211; Indicado para c\u00e3es e gatos;<br \/>\n&#8211; Reduz o desconforto cut\u00e2neo;<br \/>\n&#8211; Comprimidos saborosos de f\u00e1cil aceita\u00e7\u00e3o;<br \/>\n&#8211; Alta performance para o equil\u00edbrio da pele.<\/p>\n<p>O Aliv Pet \u00e9 um suplemento alimentar desenvolvido especialmente para c\u00e3es e gatos que precisam de um cuidado extra com a sa\u00fade da pele e o bem-estar geral. Com uma f\u00f3rmula moderna e segura, o produto se destaca pela sua efic\u00e1cia e praticidade no dia a dia.<\/p>\n<p>Seja para animais com desconfortos cut\u00e2neos ou que necessitam de suporte cont\u00ednuo \u00e0 sa\u00fade, Aliv Pet \u00e9 uma excelente escolha.<\/p>\n<p>Seu principal diferencial est\u00e1 no ativo Opti-PEA active\u00ae, um composto inovador que promove o equil\u00edbrio do organismo, especialmente da pele, ajudando a aliviar inc\u00f4modos sem causar efeitos colaterais conhecidos.<\/p>\n<p>Comprimidos bissulcados e saborosos tornam a suplementa\u00e7\u00e3o mais simples, sem estresse para os tutores e com aceita\u00e7\u00e3o facilitada pelos pets.<\/p>\n<p>Recomendado para c\u00e3es e gatos de todas as idades e portes, Aliv Pet \u00e9 uma solu\u00e7\u00e3o confi\u00e1vel para quem busca uma melhora na qualidade de vida dos animais. Seja como complemento ao tratamento veterin\u00e1rio ou como suporte cont\u00ednuo, o suplemento atende com excel\u00eancia \u00e0s necessidades dos pets.<\/p>\n","protected":false},"featured_media":4284,"comment_status":"open","ping_status":"closed","template":"","meta":[],"product_brand":[],"product_cat":[299],"product_tag":[],"class_list":{"0":"post-4283","1":"product","2":"type-product","3":"status-publish","4":"has-post-thumbnail","6":"product_cat-suplemento-alimentar","8":"first","9":"instock","10":"shipping-taxable","11":"purchasable","12":"product-type-simple"},"_links":{"self":[{"href":"https:\/\/apresentacaocontentmkt.com.br\/vetpetline\/wp-json\/wp\/v2\/product\/4283","targetHints":{"allow":["GET"]}}],"collection":[{"href":"https:\/\/apresentacaocontentmkt.com.br\/vetpetline\/wp-json\/wp\/v2\/product"}],"about":[{"href":"https:\/\/apresentacaocontentmkt.com.br\/vetpetline\/wp-json\/wp\/v2\/types\/product"}],"replies":[{"embeddable":true,"href":"https:\/\/apresentacaocontentmkt.com.br\/vetpetline\/wp-json\/wp\/v2\/comments?post=4283"}],"wp:featuredmedia":[{"embeddable":true,"href":"https:\/\/apresentacaocontentmkt.com.br\/vetpetline\/wp-json\/wp\/v2\/media\/4284"}],"wp:attachment":[{"href":"https:\/\/apresentacaocontentmkt.com.br\/vetpetline\/wp-json\/wp\/v2\/media?parent=4283"}],"wp:term":[{"taxonomy":"product_brand","embeddable":true,"href":"https:\/\/apresentacaocontentmkt.com.br\/vetpetline\/wp-json\/wp\/v2\/product_brand?post=4283"},{"taxonomy":"product_cat","embeddable":true,"href":"https:\/\/apresentacaocontentmkt.com.br\/vetpetline\/wp-json\/wp\/v2\/product_cat?post=4283"},{"taxonomy":"product_tag","embeddable":true,"href":"https:\/\/apresentacaocontentmkt.com.br\/vetpetline\/wp-json\/wp\/v2\/product_tag?post=4283"}],"curies":[{"name":"wp","href":"https:\/\/api.w.org\/{rel}","templated":true}]}}