{"id":4366,"date":"2025-11-23T18:35:57","date_gmt":"2025-11-23T21:35:57","guid":{"rendered":"https:\/\/apresentacaocontentmkt.com.br\/vetpetline\/produto\/nutri-same-200-caes-cao-cachorros-e-gato-nutripharme-30-cp\/"},"modified":"2025-11-23T19:22:00","modified_gmt":"2025-11-23T22:22:00","slug":"nutri-same-200-caes-cao-cachorros-e-gato-nutripharme-30-cp","status":"publish","type":"product","link":"https:\/\/apresentacaocontentmkt.com.br\/vetpetline\/produto\/nutri-same-200-caes-cao-cachorros-e-gato-nutripharme-30-cp\/","title":{"rendered":"Nutri Same 200 C\u00e3es C\u00e3o Cachorros E Gato Nutripharme 30 Cp"},"content":{"rendered":"","protected":false},"excerpt":{"rendered":"<p>Nutri Same 200 C\u00e3es C\u00e3o Cachorros e Gatos Suplemento Alimentar Nutripharme essencial para a sa\u00fade e bem-estar de c\u00e3es e gatos seniores, independentemente do tamanho da ra\u00e7a. Elaborado para atender \u00e0s necessidades nutricionais dos animais de estima\u00e7\u00e3o, este produto cont\u00e9m 1000 mg de S-Adenosilmetionina, al\u00e9m de vitaminas C e E, que favorecem a vitalidade e a longevidade dos seus amigos peludos.<\/p>\n<p>A f\u00f3rmula do Nutri Same \u00e9 livre de gl\u00faten, o que a torna uma op\u00e7\u00e3o segura para pets com sensibilidades alimentares. Os comprimidos s\u00e3o f\u00e1ceis de administrar, garantindo que seu animal de estima\u00e7\u00e3o receba os nutrientes necess\u00e1rios para enfrentar os desafios da idade. Com uma embalagem pr\u00e1tica em formato de tubo, seu armazenamento e uso tornam-se ainda mais convenientes.<\/p>\n<p>Proporcionar a sua companheiro(a) uma suplementa\u00e7\u00e3o de qualidade \u00e9 fundamental para promover uma vida saud\u00e1vel e ativa. Nutri Same 200 n\u00e3o s\u00f3 apoia a sa\u00fade do f\u00edgado e do sistema imunol\u00f3gico, como tamb\u00e9m contribui para uma melhor qualidade de vida na etapa s\u00eanior. Invista na sa\u00fade do seu pet e garanta que ele viva de forma plena e feliz.<\/p>\n","protected":false},"featured_media":4359,"comment_status":"open","ping_status":"closed","template":"","meta":[],"product_brand":[],"product_cat":[299],"product_tag":[],"class_list":{"0":"post-4366","1":"product","2":"type-product","3":"status-publish","4":"has-post-thumbnail","6":"product_cat-suplemento-alimentar","8":"first","9":"instock","10":"shipping-taxable","11":"purchasable","12":"product-type-simple"},"_links":{"self":[{"href":"https:\/\/apresentacaocontentmkt.com.br\/vetpetline\/wp-json\/wp\/v2\/product\/4366","targetHints":{"allow":["GET"]}}],"collection":[{"href":"https:\/\/apresentacaocontentmkt.com.br\/vetpetline\/wp-json\/wp\/v2\/product"}],"about":[{"href":"https:\/\/apresentacaocontentmkt.com.br\/vetpetline\/wp-json\/wp\/v2\/types\/product"}],"replies":[{"embeddable":true,"href":"https:\/\/apresentacaocontentmkt.com.br\/vetpetline\/wp-json\/wp\/v2\/comments?post=4366"}],"wp:featuredmedia":[{"embeddable":true,"href":"https:\/\/apresentacaocontentmkt.com.br\/vetpetline\/wp-json\/wp\/v2\/media\/4359"}],"wp:attachment":[{"href":"https:\/\/apresentacaocontentmkt.com.br\/vetpetline\/wp-json\/wp\/v2\/media?parent=4366"}],"wp:term":[{"taxonomy":"product_brand","embeddable":true,"href":"https:\/\/apresentacaocontentmkt.com.br\/vetpetline\/wp-json\/wp\/v2\/product_brand?post=4366"},{"taxonomy":"product_cat","embeddable":true,"href":"https:\/\/apresentacaocontentmkt.com.br\/vetpetline\/wp-json\/wp\/v2\/product_cat?post=4366"},{"taxonomy":"product_tag","embeddable":true,"href":"https:\/\/apresentacaocontentmkt.com.br\/vetpetline\/wp-json\/wp\/v2\/product_tag?post=4366"}],"curies":[{"name":"wp","href":"https:\/\/api.w.org\/{rel}","templated":true}]}}