{"id":4434,"date":"2025-11-23T19:23:02","date_gmt":"2025-11-23T22:23:02","guid":{"rendered":"https:\/\/apresentacaocontentmkt.com.br\/vetpetline\/produto\/artrin-para-caes-cao-cachorros-condroprotetor-brouwer-30-cp\/"},"modified":"2025-11-23T19:23:02","modified_gmt":"2025-11-23T22:23:02","slug":"artrin-para-caes-cao-cachorros-condroprotetor-brouwer-30-cp","status":"publish","type":"product","link":"https:\/\/apresentacaocontentmkt.com.br\/vetpetline\/produto\/artrin-para-caes-cao-cachorros-condroprotetor-brouwer-30-cp\/","title":{"rendered":"Artrin Para C\u00e3es C\u00e3o Cachorros Condroprotetor Brouwer 30 Cp"},"content":{"rendered":"","protected":false},"excerpt":{"rendered":"<p>Artrin Condroprotetor Brouwer \u00e9 um protetor e regenerador da cartilagem presente nas articula\u00e7\u00f5es dos c\u00e3es e dos gatos. Al\u00e9m de sua efic\u00e1cia e rapidez, este medicamento oferece diversos outros benef\u00edcios como restaurar a sa\u00fade articular, regenerar a cartilagem articular, ajudar na diminui\u00e7\u00e3o de dores e inflama\u00e7\u00f5es, com r\u00e1pida a\u00e7\u00e3o no organismo do pet.<\/p>\n<p>Quando este medicamento \u00e9 indicado:<br \/>\n\u2022 O medicamento deve ser ingerido por pets que podem estar sofrendo de problemas como artrite, artrose, espondiloses, osteocondro artrose, espondiloartrose anquilosante e processos degenerativos articulares e tendinosos.<\/p>\n<p>\u2022 Todas essas nomenclaturas podem dizer respeito \u00e0 mesma afec\u00e7\u00e3o, sendo mais recorrente em animais idosos, que sofrem de sobrepeso ou que j\u00e1 est\u00e3o acometidos com doen\u00e7as heredit\u00e1rias.<\/p>\n<p>\u2022 Condi\u00e7\u00f5es degenerativas, como as anteriormente citadas, que atingem as articula\u00e7\u00f5es, costumam ser uma causa bastante comum de dor nos nossos animais de estima\u00e7\u00e3o. A progress\u00e3o da doen\u00e7a pode ser lenta, sendo talvez decorrente da artrite, sobrecarga articular, de processos autoimunes, entre outros fatores.<\/p>\n<p>Como o Artrin age:<\/p>\n<p>Al\u00e9m de diminuir as dores e inflama\u00e7\u00f5es, o Artrin Condroprotetor Brouwer tamb\u00e9m \u00e9 capaz de restaurar a sa\u00fade articular. O medicamento conta com uma f\u00f3rmula terap\u00eautica retardadora da osteoartrite como consequ\u00eancia da displasia do quadril.<br \/>\nO Artrin Condroprotetor Brouwer pode ser utilizado como tratamento inicial na calcifica\u00e7\u00e3o dos discos intervertebrais e como ajuda terap\u00eautica na repara\u00e7\u00e3o de fraturas. Al\u00e9m disso, tamb\u00e9m atua como regenerador da cartilagem auricular. Gra\u00e7as ao efeito reconstituinte, o medicamento diminui a sensa\u00e7\u00e3o de inc\u00f4modo nas articula\u00e7\u00f5es afetadas.<\/p>\n<p>Cuidados necess\u00e1rios com o medicamento:<br \/>\n\u00c9 sempre importante ressaltar: nunca medique o seu bichinho sem a indica\u00e7\u00e3o de um profissional. Caso o medicamento ou a quantidade sejam administradas de forma equivocada, s\u00e9rias complica\u00e7\u00f5es podem acabar acometendo a sa\u00fade do pet!<\/p>\n<p>Toda e qualquer forma de medica\u00e7\u00e3o deve sempre ser feita somente com a recomenda\u00e7\u00e3o de um m\u00e9dico-veterin\u00e1rio. Apenas um especialista pode orientar as doses e frequ\u00eancia com que voc\u00ea dever\u00e1 ministrar este tipo de produto para o seu pet.<\/p>\n<p>\u00c9 de acordo com o diagn\u00f3stico do seu bichinho que o veterin\u00e1rio ir\u00e1 prescrever a forma e a frequ\u00eancia corretas de fazer o uso do Artrin Condroprotetor Brouwer. Ou seja, o tratamento varia de acordo com o quadro do pet, afinal, cada caso \u00e9 \u00fanico e espec\u00edfico.<\/p>\n<p>Ao oferecer comprimidos para animais, \u00e9 necess\u00e1rio lavar bem as m\u00e3os antes e depois do procedimento. Em caso de sobredosagem ou intoxica\u00e7\u00e3o, leve o seu animal de estima\u00e7\u00e3o at\u00e9 uma cl\u00ednica veterin\u00e1ria imediatamente.<\/p>\n<p>Caso voc\u00ea ainda tenha d\u00favidas quanto ao uso do medicamento, verifique as informa\u00e7\u00f5es descritas na bula ou entre em contato com o m\u00e9dico-veterin\u00e1rio do seu pet.<\/p>\n","protected":false},"featured_media":4425,"comment_status":"open","ping_status":"closed","template":"","meta":[],"product_brand":[],"product_cat":[300],"product_tag":[],"class_list":{"0":"post-4434","1":"product","2":"type-product","3":"status-publish","4":"has-post-thumbnail","6":"product_cat-tratamento-antipulgas-e-carrapatos","8":"first","9":"instock","10":"shipping-taxable","11":"purchasable","12":"product-type-simple"},"_links":{"self":[{"href":"https:\/\/apresentacaocontentmkt.com.br\/vetpetline\/wp-json\/wp\/v2\/product\/4434","targetHints":{"allow":["GET"]}}],"collection":[{"href":"https:\/\/apresentacaocontentmkt.com.br\/vetpetline\/wp-json\/wp\/v2\/product"}],"about":[{"href":"https:\/\/apresentacaocontentmkt.com.br\/vetpetline\/wp-json\/wp\/v2\/types\/product"}],"replies":[{"embeddable":true,"href":"https:\/\/apresentacaocontentmkt.com.br\/vetpetline\/wp-json\/wp\/v2\/comments?post=4434"}],"wp:featuredmedia":[{"embeddable":true,"href":"https:\/\/apresentacaocontentmkt.com.br\/vetpetline\/wp-json\/wp\/v2\/media\/4425"}],"wp:attachment":[{"href":"https:\/\/apresentacaocontentmkt.com.br\/vetpetline\/wp-json\/wp\/v2\/media?parent=4434"}],"wp:term":[{"taxonomy":"product_brand","embeddable":true,"href":"https:\/\/apresentacaocontentmkt.com.br\/vetpetline\/wp-json\/wp\/v2\/product_brand?post=4434"},{"taxonomy":"product_cat","embeddable":true,"href":"https:\/\/apresentacaocontentmkt.com.br\/vetpetline\/wp-json\/wp\/v2\/product_cat?post=4434"},{"taxonomy":"product_tag","embeddable":true,"href":"https:\/\/apresentacaocontentmkt.com.br\/vetpetline\/wp-json\/wp\/v2\/product_tag?post=4434"}],"curies":[{"name":"wp","href":"https:\/\/api.w.org\/{rel}","templated":true}]}}