{"id":4458,"date":"2025-11-24T12:46:19","date_gmt":"2025-11-24T15:46:19","guid":{"rendered":"https:\/\/apresentacaocontentmkt.com.br\/vetpetline\/produto\/nexgard-para-caes-de-10-a-25-kg-3-cp-antipulgas-e-carrapatos\/"},"modified":"2025-11-24T12:54:14","modified_gmt":"2025-11-24T15:54:14","slug":"nexgard-para-caes-de-10-a-25-kg-3-cp-antipulgas-e-carrapatos","status":"publish","type":"product","link":"https:\/\/apresentacaocontentmkt.com.br\/vetpetline\/produto\/nexgard-para-caes-de-10-a-25-kg-3-cp-antipulgas-e-carrapatos\/","title":{"rendered":"Nexgard Para C\u00e3es De 10 A 25 Kg 3 Cp Antipulgas E Carrapatos"},"content":{"rendered":"","protected":false},"excerpt":{"rendered":"<p>Antipulgas e Carrapatos Nexgard para C\u00e3es C\u00e3o Cachorros de 10 A 25 Kg 3cp Informa\u00e7\u00f5es \u00fateis para voc\u00ea n\u00e3o ficar em d\u00favida: Para c\u00e3es com peso entre 10,1 e 25kg Indicado para c\u00e3es a partir de 8 semanas de idade Oferece prote\u00e7\u00e3o mensal contra pulgas e carrapatos Pode ser administrado com ou sem alimentos Uso oral, comprimido mastig\u00e1vel Seguran\u00e7a e efic\u00e1cia na medida para o seu cachorro Notou que seu c\u00e3ozinho est\u00e1 com pulgas ou carrapatos? N\u00e3o perca tempo e adquira o Nexgard 10 a 25 kg para cuidar do seu bichinho de estima\u00e7\u00e3o. Eliminar parasitas dos bichinhos \u00e9 fundamental para o bem-estar deles. Com o Nexgard para cachorro, isso \u00e9 feito de forma eficaz. Refer\u00eancia no tratamento contra pulgas e carrapatos, o Antipulgas e Carrapatos NexGard para C\u00e3es de 10 a 25kg tem a\u00e7\u00e3o super r\u00e1pida: atinge 100% de efic\u00e1cia contra pulgas 8 horas depois de ser ministrado.<\/p>\n","protected":false},"featured_media":4437,"comment_status":"open","ping_status":"closed","template":"","meta":[],"product_brand":[],"product_cat":[300],"product_tag":[],"class_list":{"0":"post-4458","1":"product","2":"type-product","3":"status-publish","4":"has-post-thumbnail","6":"product_cat-tratamento-antipulgas-e-carrapatos","8":"first","9":"instock","10":"shipping-taxable","11":"purchasable","12":"product-type-simple"},"_links":{"self":[{"href":"https:\/\/apresentacaocontentmkt.com.br\/vetpetline\/wp-json\/wp\/v2\/product\/4458","targetHints":{"allow":["GET"]}}],"collection":[{"href":"https:\/\/apresentacaocontentmkt.com.br\/vetpetline\/wp-json\/wp\/v2\/product"}],"about":[{"href":"https:\/\/apresentacaocontentmkt.com.br\/vetpetline\/wp-json\/wp\/v2\/types\/product"}],"replies":[{"embeddable":true,"href":"https:\/\/apresentacaocontentmkt.com.br\/vetpetline\/wp-json\/wp\/v2\/comments?post=4458"}],"wp:featuredmedia":[{"embeddable":true,"href":"https:\/\/apresentacaocontentmkt.com.br\/vetpetline\/wp-json\/wp\/v2\/media\/4437"}],"wp:attachment":[{"href":"https:\/\/apresentacaocontentmkt.com.br\/vetpetline\/wp-json\/wp\/v2\/media?parent=4458"}],"wp:term":[{"taxonomy":"product_brand","embeddable":true,"href":"https:\/\/apresentacaocontentmkt.com.br\/vetpetline\/wp-json\/wp\/v2\/product_brand?post=4458"},{"taxonomy":"product_cat","embeddable":true,"href":"https:\/\/apresentacaocontentmkt.com.br\/vetpetline\/wp-json\/wp\/v2\/product_cat?post=4458"},{"taxonomy":"product_tag","embeddable":true,"href":"https:\/\/apresentacaocontentmkt.com.br\/vetpetline\/wp-json\/wp\/v2\/product_tag?post=4458"}],"curies":[{"name":"wp","href":"https:\/\/api.w.org\/{rel}","templated":true}]}}