{"id":4476,"date":"2025-11-24T12:50:26","date_gmt":"2025-11-24T15:50:26","guid":{"rendered":"https:\/\/apresentacaocontentmkt.com.br\/vetpetline\/produto\/nexgard-spectra-antipulga-para-caes-cao-de-36-a-75-kg-3-tb\/"},"modified":"2025-11-24T12:54:28","modified_gmt":"2025-11-24T15:54:28","slug":"nexgard-spectra-antipulga-para-caes-cao-de-36-a-75-kg-3-tb","status":"publish","type":"product","link":"https:\/\/apresentacaocontentmkt.com.br\/vetpetline\/produto\/nexgard-spectra-antipulga-para-caes-cao-de-36-a-75-kg-3-tb\/","title":{"rendered":"Nexgard Spectra Antipulga Para C\u00e3es C\u00e3o De 3,6 A 7,5 Kg 3 Tb"},"content":{"rendered":"","protected":false},"excerpt":{"rendered":"<p>Antipulgas e Carrapatos NexGard Spectra para C\u00e3es de 3,6 a 7,5kg com 3 Tabletes.<\/p>\n<p>Descri\u00e7\u00e3o<br \/>\n&#8211; Indicado para c\u00e3es;<br \/>\n&#8211; Solu\u00e7\u00e3o completa em dose \u00fanica;<br \/>\n&#8211; Elimina pulgas, carrapatos e \u00e1caros da sarna otodecica;<br \/>\n&#8211; Trata infec\u00e7\u00f5es por vermes gastrointestinais;<br \/>\n&#8211; Altamente palat\u00e1vel;<br \/>\n&#8211; A\u00e7\u00e3o r\u00e1pida;<br \/>\n&#8211; Protege por 30 dias;<br \/>\n&#8211; Dispon\u00edvel em embalagem com 3 tabletes.<\/p>\n<p>NexGard Spectra Antipulgas e Verm\u00edfugo C\u00e3es 3,6kg a 7,5kg<\/p>\n<p>Procurando um medicamento para combater parasitas no seu pet? O NexGard Spectra Antipulgas e Verm\u00edfugo C\u00e3es 3,6kg a 7,5kg \u00e9 a solu\u00e7\u00e3o completa para deixar seu cachorro livre dos inc\u00f4modos causados por pulgas, carrapatos, vermes intestinais e \u00e1caros causadores da sarna otod\u00e9cica.<\/p>\n<p>De a\u00e7\u00e3o r\u00e1pida e eficaz, o NexGard Spectra P \u00e9 indicado para c\u00e3es de porte pequeno com peso entre 3,6kg e 7,5kg, seguro para ser usado em todas as fases da vida a partir de oito semanas de idade com peso superior a 2kg.<\/p>\n<p>\u00c9 um tablete mastig\u00e1vel, altamente palat\u00e1vel com sabor de carne, garantindo prote\u00e7\u00e3o por at\u00e9 30 dias com apenas uma dose. Segundo a bula do Nexgard Spectra, o rem\u00e9dio tem a\u00e7\u00e3o r\u00e1pida e atinge 100% de efic\u00e1cia em 8 horas contra as pulgas.<\/p>\n<p>Refer\u00eancia no tratamento contra parasitas externos e internos, o NexGard Spectra \u00e9 comprovadamente seguro para c\u00e3es de qualquer ra\u00e7a e conta com uma linha completa para atender diferentes portes e pesos.<\/p>\n","protected":false},"featured_media":4459,"comment_status":"open","ping_status":"closed","template":"","meta":[],"product_brand":[],"product_cat":[300],"product_tag":[],"class_list":{"0":"post-4476","1":"product","2":"type-product","3":"status-publish","4":"has-post-thumbnail","6":"product_cat-tratamento-antipulgas-e-carrapatos","8":"first","9":"instock","10":"shipping-taxable","11":"purchasable","12":"product-type-simple"},"_links":{"self":[{"href":"https:\/\/apresentacaocontentmkt.com.br\/vetpetline\/wp-json\/wp\/v2\/product\/4476","targetHints":{"allow":["GET"]}}],"collection":[{"href":"https:\/\/apresentacaocontentmkt.com.br\/vetpetline\/wp-json\/wp\/v2\/product"}],"about":[{"href":"https:\/\/apresentacaocontentmkt.com.br\/vetpetline\/wp-json\/wp\/v2\/types\/product"}],"replies":[{"embeddable":true,"href":"https:\/\/apresentacaocontentmkt.com.br\/vetpetline\/wp-json\/wp\/v2\/comments?post=4476"}],"wp:featuredmedia":[{"embeddable":true,"href":"https:\/\/apresentacaocontentmkt.com.br\/vetpetline\/wp-json\/wp\/v2\/media\/4459"}],"wp:attachment":[{"href":"https:\/\/apresentacaocontentmkt.com.br\/vetpetline\/wp-json\/wp\/v2\/media?parent=4476"}],"wp:term":[{"taxonomy":"product_brand","embeddable":true,"href":"https:\/\/apresentacaocontentmkt.com.br\/vetpetline\/wp-json\/wp\/v2\/product_brand?post=4476"},{"taxonomy":"product_cat","embeddable":true,"href":"https:\/\/apresentacaocontentmkt.com.br\/vetpetline\/wp-json\/wp\/v2\/product_cat?post=4476"},{"taxonomy":"product_tag","embeddable":true,"href":"https:\/\/apresentacaocontentmkt.com.br\/vetpetline\/wp-json\/wp\/v2\/product_tag?post=4476"}],"curies":[{"name":"wp","href":"https:\/\/api.w.org\/{rel}","templated":true}]}}